{"id":10006,"date":"2017-11-04T15:14:00","date_gmt":"2017-11-04T14:14:00","guid":{"rendered":"http:\/\/montreux-vieux.net\/?page_id=10006"},"modified":"2020-03-08T12:00:19","modified_gmt":"2020-03-08T11:00:19","slug":"le-saviez-vous-la-foire-au-betail-de-dannemarie-a-eu-lieu-a-montreux-vieux-le-14-mars-1916","status":"publish","type":"page","link":"https:\/\/montreux-vieux.net\/?page_id=10006","title":{"rendered":"Le saviez-vous? la foire au b\u00e9tail de Dannemarie a eu lieu \u00e0 Montreux-Vieux le 14 mars 1916."},"content":{"rendered":"\n<p style=\"background-color:#550303;color:#f1e106\" class=\"has-text-color has-background has-text-align-center\">La foire au b\u00e9tail<\/p>\n\n\n<h4 style=\"text-align: justify;\">Le 14 mars 1916 a eu lieu \u00e0 Montreux-Vieux la foire au b\u00e9tail qui d&rsquo;habitude se tenait \u00e0 Dannemarie certainement en cause le conflit (guerre 1914\/1918)<\/h4>\n<h4 style=\"text-align: justify;\">Il faut savoir que la foire au b\u00e9tail de Dannemarie \u00e9tait impressionnante le nombre d\u2019animaux expos\u00e9s selon la saison \u00e9tait de 1\u00a0200 \u00e0 1\u00a0400 b\u00eates \u00e0 cornes mais \u00e9galement des cochons, moutons, ch\u00e8vres et cochons gras. Il se vendait en moyenne et par an environ 110 chevaux.<\/h4>\n<h4 style=\"text-align: justify;\">L\u2019histoire ne dit pas combien d\u2019animaux \u00e9taient expos\u00e9s le 14 mars 1916 \u00a0\u00e0 Montreux-Vieux.<\/h4>\n\n\n<p><\/p>\n","protected":false},"excerpt":{"rendered":"<p>La foire au b\u00e9tail Le 14 mars 1916 a eu lieu \u00e0 Montreux-Vieux la foire au b\u00e9tail qui d&rsquo;habitude se tenait \u00e0 Dannemarie certainement en cause le conflit (guerre 1914\/1918) Il faut savoir que la foire au b\u00e9tail de Dannemarie &hellip; <a href=\"https:\/\/montreux-vieux.net\/?page_id=10006\">Continuer la lecture <span class=\"meta-nav\">&rarr;<\/span><\/a><\/p>\n","protected":false},"author":1,"featured_media":0,"parent":12673,"menu_order":40,"comment_status":"closed","ping_status":"open","template":"","meta":{"footnotes":""},"class_list":["post-10006","page","type-page","status-publish","hentry"],"_links":{"self":[{"href":"https:\/\/montreux-vieux.net\/index.php?rest_route=\/wp\/v2\/pages\/10006","targetHints":{"allow":["GET"]}}],"collection":[{"href":"https:\/\/montreux-vieux.net\/index.php?rest_route=\/wp\/v2\/pages"}],"about":[{"href":"https:\/\/montreux-vieux.net\/index.php?rest_route=\/wp\/v2\/types\/page"}],"author":[{"embeddable":true,"href":"https:\/\/montreux-vieux.net\/index.php?rest_route=\/wp\/v2\/users\/1"}],"replies":[{"embeddable":true,"href":"https:\/\/montreux-vieux.net\/index.php?rest_route=%2Fwp%2Fv2%2Fcomments&post=10006"}],"version-history":[{"count":3,"href":"https:\/\/montreux-vieux.net\/index.php?rest_route=\/wp\/v2\/pages\/10006\/revisions"}],"predecessor-version":[{"id":18994,"href":"https:\/\/montreux-vieux.net\/index.php?rest_route=\/wp\/v2\/pages\/10006\/revisions\/18994"}],"up":[{"embeddable":true,"href":"https:\/\/montreux-vieux.net\/index.php?rest_route=\/wp\/v2\/pages\/12673"}],"wp:attachment":[{"href":"https:\/\/montreux-vieux.net\/index.php?rest_route=%2Fwp%2Fv2%2Fmedia&parent=10006"}],"curies":[{"name":"wp","href":"https:\/\/api.w.org\/{rel}","templated":true}]}}