{"id":10025,"date":"2017-11-07T13:58:03","date_gmt":"2017-11-07T12:58:03","guid":{"rendered":"http:\/\/montreux-vieux.net\/?page_id=10025"},"modified":"2018-12-31T15:15:59","modified_gmt":"2018-12-31T14:15:59","slug":"le-saviez-vous-le-tambour-autrefois","status":"publish","type":"page","link":"https:\/\/montreux-vieux.net\/?page_id=10025","title":{"rendered":"Le saviez-vous ? Le Tambour autrefois"},"content":{"rendered":"<h3 style=\"text-align: center;\">Le saviez-vous ? Le Tambour autrefois<\/h3>\n<p style=\"text-align: center;\"><a href=\"http:\/\/montreux-vieux.net\/montreux-vieux.net\/wp-content\/uploads\/2017\/11\/Le-Tambour-autrefois.jpg\" target=\"_blank\" rel=\"noopener\"><img loading=\"lazy\" decoding=\"async\" class=\"aligncenter wp-image-10026 size-full\" src=\"http:\/\/montreux-vieux.net\/montreux-vieux.net\/wp-content\/uploads\/2017\/11\/Le-Tambour-autrefois.jpg\" alt=\"Le saviez-vous ? Le Tambour autrefois\" width=\"945\" height=\"756\" srcset=\"https:\/\/montreux-vieux.net\/montreux-vieux.net\/wp-content\/uploads\/2017\/11\/Le-Tambour-autrefois.jpg 945w, https:\/\/montreux-vieux.net\/montreux-vieux.net\/wp-content\/uploads\/2017\/11\/Le-Tambour-autrefois-300x240.jpg 300w, https:\/\/montreux-vieux.net\/montreux-vieux.net\/wp-content\/uploads\/2017\/11\/Le-Tambour-autrefois-768x614.jpg 768w, https:\/\/montreux-vieux.net\/montreux-vieux.net\/wp-content\/uploads\/2017\/11\/Le-Tambour-autrefois-600x480.jpg 600w\" sizes=\"auto, (max-width: 945px) 100vw, 945px\" \/><\/a><\/p>\n<h4 style=\"text-align: justify;\">Le Consil Municipal de Montreux-Vieux en datge du 4\/10\/1830 a pris la d\u00e9cision suivante en mati\u00e8re de recrutement d&rsquo;un tambour:<\/h4>\n<h4 style=\"text-align: justify;\">On pouvait lire, il faut trouver un arrangement avec le sieur Fran\u00e7ois Xavier Greber \u00e2g\u00e9 de 15 ans fils mineur de Andr\u00e9 et de Marie Anne Patat pour \u00eatre tambour pour le service de la garde nationale et celui de la commune. Invit\u00e9 \u00e0 la s\u00e9ance du CM le sieur Greber et le fils a d\u00e9clar\u00e9 bien vouloir diligenter et de donner toutes les peines afin de pouvoir apprendre \u00e0 battre \u00ab&nbsp;la caisse&nbsp;\u00bb le tambour moyennant d\u2019\u00eatre habill\u00e9 par les revenus communaux et par un salaire p\u00e9cuniaire&nbsp; qui sera de 50cts par jour pendant l\u2019espace de 3 mois puis 45f par mois par le Receveur. Compte tenu qu\u2019il \u00e9tait mineur le p\u00e8re a d\u00fb signer caution pour responsable. L\u2019int\u00e9ress\u00e9 a \u00e9t\u00e9 pr\u00e9venu qu\u2019il fallait \u00eatre habile des mains<\/h4>\n","protected":false},"excerpt":{"rendered":"<p>Le saviez-vous ? Le Tambour autrefois Le Consil Municipal de Montreux-Vieux en datge du 4\/10\/1830 a pris la d\u00e9cision suivante en mati\u00e8re de recrutement d&rsquo;un tambour: On pouvait lire, il faut trouver un arrangement avec le sieur Fran\u00e7ois Xavier Greber &hellip; <a href=\"https:\/\/montreux-vieux.net\/?page_id=10025\">Continuer la lecture <span class=\"meta-nav\">&rarr;<\/span><\/a><\/p>\n","protected":false},"author":1,"featured_media":0,"parent":13036,"menu_order":18,"comment_status":"closed","ping_status":"open","template":"","meta":{"footnotes":""},"class_list":["post-10025","page","type-page","status-publish","hentry"],"_links":{"self":[{"href":"https:\/\/montreux-vieux.net\/index.php?rest_route=\/wp\/v2\/pages\/10025","targetHints":{"allow":["GET"]}}],"collection":[{"href":"https:\/\/montreux-vieux.net\/index.php?rest_route=\/wp\/v2\/pages"}],"about":[{"href":"https:\/\/montreux-vieux.net\/index.php?rest_route=\/wp\/v2\/types\/page"}],"author":[{"embeddable":true,"href":"https:\/\/montreux-vieux.net\/index.php?rest_route=\/wp\/v2\/users\/1"}],"replies":[{"embeddable":true,"href":"https:\/\/montreux-vieux.net\/index.php?rest_route=%2Fwp%2Fv2%2Fcomments&post=10025"}],"version-history":[{"count":2,"href":"https:\/\/montreux-vieux.net\/index.php?rest_route=\/wp\/v2\/pages\/10025\/revisions"}],"predecessor-version":[{"id":13224,"href":"https:\/\/montreux-vieux.net\/index.php?rest_route=\/wp\/v2\/pages\/10025\/revisions\/13224"}],"up":[{"embeddable":true,"href":"https:\/\/montreux-vieux.net\/index.php?rest_route=\/wp\/v2\/pages\/13036"}],"wp:attachment":[{"href":"https:\/\/montreux-vieux.net\/index.php?rest_route=%2Fwp%2Fv2%2Fmedia&parent=10025"}],"curies":[{"name":"wp","href":"https:\/\/api.w.org\/{rel}","templated":true}]}}