{"id":10036,"date":"2017-11-07T15:57:07","date_gmt":"2017-11-07T14:57:07","guid":{"rendered":"http:\/\/montreux-vieux.net\/?page_id=10036"},"modified":"2019-01-02T16:27:11","modified_gmt":"2019-01-02T15:27:11","slug":"montreux-vieux-et-ses-lavoirs","status":"publish","type":"page","link":"https:\/\/montreux-vieux.net\/?page_id=10036","title":{"rendered":"Montreux-Vieux et ses lavoirs"},"content":{"rendered":"<h3 style=\"text-align: center;\">Les lavoirs de Montreux-Vieux<\/h3>\n<div id=\"attachment_10032\" style=\"width: 955px\" class=\"wp-caption aligncenter\"><a href=\"http:\/\/montreux-vieux.net\/montreux-vieux.net\/wp-content\/uploads\/2017\/11\/Montreux-Vieux-et-ses-Lavoirs.jpg\" target=\"_blank\" rel=\"noopener\"><img loading=\"lazy\" decoding=\"async\" aria-describedby=\"caption-attachment-10032\" class=\"wp-image-10032 size-full\" src=\"http:\/\/montreux-vieux.net\/montreux-vieux.net\/wp-content\/uploads\/2017\/11\/Montreux-Vieux-et-ses-Lavoirs.jpg\" alt=\"\" width=\"945\" height=\"756\" srcset=\"https:\/\/montreux-vieux.net\/montreux-vieux.net\/wp-content\/uploads\/2017\/11\/Montreux-Vieux-et-ses-Lavoirs.jpg 945w, https:\/\/montreux-vieux.net\/montreux-vieux.net\/wp-content\/uploads\/2017\/11\/Montreux-Vieux-et-ses-Lavoirs-300x240.jpg 300w, https:\/\/montreux-vieux.net\/montreux-vieux.net\/wp-content\/uploads\/2017\/11\/Montreux-Vieux-et-ses-Lavoirs-768x614.jpg 768w, https:\/\/montreux-vieux.net\/montreux-vieux.net\/wp-content\/uploads\/2017\/11\/Montreux-Vieux-et-ses-Lavoirs-600x480.jpg 600w\" sizes=\"auto, (max-width: 945px) 100vw, 945px\" \/><\/a><p id=\"caption-attachment-10032\" class=\"wp-caption-text\">Attention les photos ne son pas celles des lavoirs de Montreux-Vieux<\/p><\/div>\n<h4 style=\"text-align: justify;\">La commune de Montreux-Vieux disposait autrefois de lavoirs que l\u2019on pourrait situer en face de la gare actuelle \u00e0 la hauteur de la rue de la Lib\u00e9ration.&nbsp; Ils \u00e9taient aliment\u00e9s par un petit ru (petit ruisseau) qui descendait du village. Avec l\u2019implantation de la gare il s\u2019est perdu et les lavandi\u00e8res ne pouvaient plus les utiliser. C\u2019est en vertu de l\u2019arr\u00eat\u00e9 pr\u00e9fectoral du 06 ao\u00fbt 1856, que les terrains qui seront occup\u00e9s par la station, ont \u00e9t\u00e9 d\u00e9sign\u00e9s. D\u00e8s le 21 ao\u00fbt 1856 le conseil municipal de Montreux-Vieux, s\u2019est r\u00e9uni pour prendre un certain nombre de r\u00e9serves dont celles concernant les lavoirs et c&rsquo;est ainsi qu il a \u00e9t\u00e9 d\u00e9cid\u00e9 &nbsp;qu&rsquo;ils devront \u00eatre reconstruits sur les m\u00eames dimensions et en bons \u00e9tats. Par d\u00e9cision du 10 f\u00e9vrier 1857&nbsp; l\u2019assembl\u00e9e d\u00e9lib\u00e9rante confirme que suivant l\u2019implantation de la station la source des lavoirs \u00e9tait coup\u00e9e et ne servait pus \u00e0 rien. le conseil municipal; demande \u00e0 ce qu\u2019ils soient implant\u00e9s \u00e0 nouveau aux frais du chemin de fer de l\u2019Est \u00e0 proximit\u00e9 du village pour l\u2019utilit\u00e9 de la commune et en cas d\u2019incendie et de d\u00e9cider \u00e9galement qu&rsquo;ils devront \u00eatre implant\u00e9s sur terrain communal situ\u00e9 entre le chemin communal et les vergers de la Vve Greber et de Heidet Paul, de mani\u00e8re \u00e0 ce que chaque lavoir forme un carr\u00e9 de 4m de c\u00f4t\u00e9 et ensuite d\u2019amener l\u2019eau d\u2019une source au moyen d\u2019un drainage laquelle se trouve dans le pr\u00e9 de Maillard Fran\u00e7ois, et le tout construit \u00e0 neuf en bois de ch\u00eane. Un courrier du 22 f\u00e9vrier 1896 fait \u00e9tat de l\u2019am\u00e9liorationdes lavoirs &nbsp;par une sour,ce ce qui laisse \u00e0 penser qu&rsquo;il s&rsquo;agit probablement de celle situ\u00e9e dans le pr\u00e9 de M.Maillard Fran\u00e7ois.<\/h4>\n","protected":false},"excerpt":{"rendered":"<p>Les lavoirs de Montreux-Vieux La commune de Montreux-Vieux disposait autrefois de lavoirs que l\u2019on pourrait situer en face de la gare actuelle \u00e0 la hauteur de la rue de la Lib\u00e9ration.&nbsp; Ils \u00e9taient aliment\u00e9s par un petit ru (petit ruisseau) &hellip; <a href=\"https:\/\/montreux-vieux.net\/?page_id=10036\">Continuer la lecture <span class=\"meta-nav\">&rarr;<\/span><\/a><\/p>\n","protected":false},"author":1,"featured_media":0,"parent":13101,"menu_order":6,"comment_status":"closed","ping_status":"open","template":"","meta":{"footnotes":""},"class_list":["post-10036","page","type-page","status-publish","hentry"],"_links":{"self":[{"href":"https:\/\/montreux-vieux.net\/index.php?rest_route=\/wp\/v2\/pages\/10036","targetHints":{"allow":["GET"]}}],"collection":[{"href":"https:\/\/montreux-vieux.net\/index.php?rest_route=\/wp\/v2\/pages"}],"about":[{"href":"https:\/\/montreux-vieux.net\/index.php?rest_route=\/wp\/v2\/types\/page"}],"author":[{"embeddable":true,"href":"https:\/\/montreux-vieux.net\/index.php?rest_route=\/wp\/v2\/users\/1"}],"replies":[{"embeddable":true,"href":"https:\/\/montreux-vieux.net\/index.php?rest_route=%2Fwp%2Fv2%2Fcomments&post=10036"}],"version-history":[{"count":2,"href":"https:\/\/montreux-vieux.net\/index.php?rest_route=\/wp\/v2\/pages\/10036\/revisions"}],"predecessor-version":[{"id":13370,"href":"https:\/\/montreux-vieux.net\/index.php?rest_route=\/wp\/v2\/pages\/10036\/revisions\/13370"}],"up":[{"embeddable":true,"href":"https:\/\/montreux-vieux.net\/index.php?rest_route=\/wp\/v2\/pages\/13101"}],"wp:attachment":[{"href":"https:\/\/montreux-vieux.net\/index.php?rest_route=%2Fwp%2Fv2%2Fmedia&parent=10036"}],"curies":[{"name":"wp","href":"https:\/\/api.w.org\/{rel}","templated":true}]}}