{"id":10041,"date":"2017-11-08T16:22:12","date_gmt":"2017-11-08T15:22:12","guid":{"rendered":"http:\/\/montreux-vieux.net\/?page_id=10041"},"modified":"2019-01-02T10:08:25","modified_gmt":"2019-01-02T09:08:25","slug":"le-saviez-vous-autrefois-cest-le-conseil-municipal-qui-fixait-un-certain-nombre-de-prix","status":"publish","type":"page","link":"https:\/\/montreux-vieux.net\/?page_id=10041","title":{"rendered":"Le saviez-vous\u00a0? Autrefois c\u2019est le conseil municipal qui fixait un certain nombre de prix."},"content":{"rendered":"<h3 style=\"text-align: center;\">Le saviez-vous&nbsp;? Autrefois c\u2019est le conseil municipal qui fixait un certain nombre de prix.<\/h3>\n<h4 style=\"text-align: justify;\">C\u2019est ainsi qu\u2019il y a 180 ans, le 09 mars 1837 l\u2019assembl\u00e9e d\u00e9lib\u00e9rante de Montreux-Vieux a fix\u00e9 les prix suivants&nbsp;:&nbsp;Le ramonage des conduits de chemin\u00e9es 3 francs.&nbsp;Le chargement de pierres sur une voiture 3 francs.&nbsp;Le transports par voiture d\u2019un m\u00e8tre cube de terre, gravier etc.. 50 centimes sur une distance de 100m, ensuite 50 centimes par portion de 100m.&nbsp;Le d\u00e9blai \u00e0 la brouette de terre, gravier etc. sur une distance de 20m,&nbsp; 60 centimes.&nbsp;Pour casser un m3 de pierre 1,75 franc.&nbsp;Pour terrasser ou ouvrir des foss\u00e9s de 66 centim\u00e8tres de largeur sur 50 centim\u00e8tres de profondeurn 8 centimes pour 1 m\u00e8tre de longueur.&nbsp;Pour \u00e9tendre un m\u00e8tre cube de pierre&nbsp;; &nbsp;25 centimes<\/h4>\n<p><a href=\"http:\/\/montreux-vieux.net\/montreux-vieux.net\/wp-content\/uploads\/2017\/11\/casser-les-cailloux.jpg\" target=\"_blank\" rel=\"noopener\"><img loading=\"lazy\" decoding=\"async\" class=\"aligncenter wp-image-10039 size-full\" src=\"http:\/\/montreux-vieux.net\/montreux-vieux.net\/wp-content\/uploads\/2017\/11\/casser-les-cailloux.jpg\" alt=\"\" width=\"945\" height=\"756\" srcset=\"https:\/\/montreux-vieux.net\/montreux-vieux.net\/wp-content\/uploads\/2017\/11\/casser-les-cailloux.jpg 945w, https:\/\/montreux-vieux.net\/montreux-vieux.net\/wp-content\/uploads\/2017\/11\/casser-les-cailloux-300x240.jpg 300w, https:\/\/montreux-vieux.net\/montreux-vieux.net\/wp-content\/uploads\/2017\/11\/casser-les-cailloux-768x614.jpg 768w, https:\/\/montreux-vieux.net\/montreux-vieux.net\/wp-content\/uploads\/2017\/11\/casser-les-cailloux-600x480.jpg 600w\" sizes=\"auto, (max-width: 945px) 100vw, 945px\" \/><\/a><\/p>\n","protected":false},"excerpt":{"rendered":"<p>Le saviez-vous&nbsp;? Autrefois c\u2019est le conseil municipal qui fixait un certain nombre de prix. C\u2019est ainsi qu\u2019il y a 180 ans, le 09 mars 1837 l\u2019assembl\u00e9e d\u00e9lib\u00e9rante de Montreux-Vieux a fix\u00e9 les prix suivants&nbsp;:&nbsp;Le ramonage des conduits de chemin\u00e9es 3 &hellip; <a href=\"https:\/\/montreux-vieux.net\/?page_id=10041\">Continuer la lecture <span class=\"meta-nav\">&rarr;<\/span><\/a><\/p>\n","protected":false},"author":1,"featured_media":0,"parent":13042,"menu_order":2,"comment_status":"closed","ping_status":"open","template":"","meta":{"footnotes":""},"class_list":["post-10041","page","type-page","status-publish","hentry"],"_links":{"self":[{"href":"https:\/\/montreux-vieux.net\/index.php?rest_route=\/wp\/v2\/pages\/10041","targetHints":{"allow":["GET"]}}],"collection":[{"href":"https:\/\/montreux-vieux.net\/index.php?rest_route=\/wp\/v2\/pages"}],"about":[{"href":"https:\/\/montreux-vieux.net\/index.php?rest_route=\/wp\/v2\/types\/page"}],"author":[{"embeddable":true,"href":"https:\/\/montreux-vieux.net\/index.php?rest_route=\/wp\/v2\/users\/1"}],"replies":[{"embeddable":true,"href":"https:\/\/montreux-vieux.net\/index.php?rest_route=%2Fwp%2Fv2%2Fcomments&post=10041"}],"version-history":[{"count":2,"href":"https:\/\/montreux-vieux.net\/index.php?rest_route=\/wp\/v2\/pages\/10041\/revisions"}],"predecessor-version":[{"id":13263,"href":"https:\/\/montreux-vieux.net\/index.php?rest_route=\/wp\/v2\/pages\/10041\/revisions\/13263"}],"up":[{"embeddable":true,"href":"https:\/\/montreux-vieux.net\/index.php?rest_route=\/wp\/v2\/pages\/13042"}],"wp:attachment":[{"href":"https:\/\/montreux-vieux.net\/index.php?rest_route=%2Fwp%2Fv2%2Fmedia&parent=10041"}],"curies":[{"name":"wp","href":"https:\/\/api.w.org\/{rel}","templated":true}]}}