{"id":10224,"date":"2017-12-21T15:39:19","date_gmt":"2017-12-21T14:39:19","guid":{"rendered":"http:\/\/montreux-vieux.net\/?page_id=10224"},"modified":"2019-01-02T11:46:18","modified_gmt":"2019-01-02T10:46:18","slug":"le-saviez-vous-m-seiler-auguste-etait-administrateur-de-3-communes","status":"publish","type":"page","link":"https:\/\/montreux-vieux.net\/?page_id=10224","title":{"rendered":"Le saviez-vous M. Seiler Auguste \u00e9tait administrateur de 3 communes"},"content":{"rendered":"<h3 style=\"text-align: center;\">Le saviez-vous M. Seiler Auguste \u00e9tait administrateur de 3 communes<\/h3>\n<p><a href=\"http:\/\/montreux-vieux.net\/montreux-vieux.net\/wp-content\/uploads\/2017\/12\/For-tickets-contact-JP-at-213-579-9268.jpg\" target=\"_blank\" rel=\"noopener\"><img loading=\"lazy\" decoding=\"async\" class=\"aligncenter wp-image-10222 size-full\" src=\"http:\/\/montreux-vieux.net\/montreux-vieux.net\/wp-content\/uploads\/2017\/12\/For-tickets-contact-JP-at-213-579-9268.jpg\" sizes=\"auto, (max-width: 945px) 100vw, 945px\" srcset=\"http:\/\/montreux-vieux.net\/montreux-vieux.net\/wp-content\/uploads\/2017\/12\/For-tickets-contact-JP-at-213-579-9268.jpg 945w, http:\/\/montreux-vieux.net\/montreux-vieux.net\/wp-content\/uploads\/2017\/12\/For-tickets-contact-JP-at-213-579-9268-300x240.jpg 300w, http:\/\/montreux-vieux.net\/montreux-vieux.net\/wp-content\/uploads\/2017\/12\/For-tickets-contact-JP-at-213-579-9268-768x614.jpg 768w, http:\/\/montreux-vieux.net\/montreux-vieux.net\/wp-content\/uploads\/2017\/12\/For-tickets-contact-JP-at-213-579-9268-600x480.jpg 600w\" alt=\"Le saviez-vous M. Seiler Auguste \u00e9tait administrateur de 3 communes\" width=\"945\" height=\"756\"><\/a><\/p>\n<h4 style=\"text-align: justify;\">Le saviez-vous Durant la guerre 1939\/1945 Monsieur Seiler Auguste, a \u00e9t\u00e9 nomm\u00e9 le 16 juin 1941, sous l\u2019occupation allemande, administrateur des communes de Montreux-Vieux, Montreux-Jeune et Chavannes-Sur-L\u2019Etang. A cette \u00e9poque les actes d\u2019\u00e9tat civil des communes de Montreux-Jeune et Chavannes-sur-l\u2019Etang&nbsp; \u00e9taient r\u00e9dig\u00e9s sur les registres d\u2019\u00e9tat civil de Montreux-Vieux.<\/h4>\n<h4 style=\"text-align: justify;\">Monsieur Seiler Auguste apr\u00e8s la lib\u00e9ration a vu son mandat de maire r\u00e9guli\u00e8rement jusqu\u2019en 1971. Il est n\u00e9 \u00e0 Montreux-Vieux le 12 juin 1897 et il est d\u00e9c\u00e9d\u00e9 le 31 janvier 1976 \u00e0 l\u2019\u00e2ge de 79 ans.<\/h4>\n","protected":false},"excerpt":{"rendered":"<p>Le saviez-vous M. Seiler Auguste \u00e9tait administrateur de 3 communes Le saviez-vous Durant la guerre 1939\/1945 Monsieur Seiler Auguste, a \u00e9t\u00e9 nomm\u00e9 le 16 juin 1941, sous l\u2019occupation allemande, administrateur des communes de Montreux-Vieux, Montreux-Jeune et Chavannes-Sur-L\u2019Etang. A cette \u00e9poque &hellip; <a href=\"https:\/\/montreux-vieux.net\/?page_id=10224\">Continuer la lecture <span class=\"meta-nav\">&rarr;<\/span><\/a><\/p>\n","protected":false},"author":1,"featured_media":0,"parent":4091,"menu_order":36,"comment_status":"closed","ping_status":"open","template":"","meta":{"footnotes":""},"class_list":["post-10224","page","type-page","status-publish","hentry"],"_links":{"self":[{"href":"https:\/\/montreux-vieux.net\/index.php?rest_route=\/wp\/v2\/pages\/10224","targetHints":{"allow":["GET"]}}],"collection":[{"href":"https:\/\/montreux-vieux.net\/index.php?rest_route=\/wp\/v2\/pages"}],"about":[{"href":"https:\/\/montreux-vieux.net\/index.php?rest_route=\/wp\/v2\/types\/page"}],"author":[{"embeddable":true,"href":"https:\/\/montreux-vieux.net\/index.php?rest_route=\/wp\/v2\/users\/1"}],"replies":[{"embeddable":true,"href":"https:\/\/montreux-vieux.net\/index.php?rest_route=%2Fwp%2Fv2%2Fcomments&post=10224"}],"version-history":[{"count":2,"href":"https:\/\/montreux-vieux.net\/index.php?rest_route=\/wp\/v2\/pages\/10224\/revisions"}],"predecessor-version":[{"id":13306,"href":"https:\/\/montreux-vieux.net\/index.php?rest_route=\/wp\/v2\/pages\/10224\/revisions\/13306"}],"up":[{"embeddable":true,"href":"https:\/\/montreux-vieux.net\/index.php?rest_route=\/wp\/v2\/pages\/4091"}],"wp:attachment":[{"href":"https:\/\/montreux-vieux.net\/index.php?rest_route=%2Fwp%2Fv2%2Fmedia&parent=10224"}],"curies":[{"name":"wp","href":"https:\/\/api.w.org\/{rel}","templated":true}]}}