{"id":10800,"date":"2018-05-24T18:05:12","date_gmt":"2018-05-24T17:05:12","guid":{"rendered":"http:\/\/montreux-vieux.net\/?page_id=10800"},"modified":"2018-12-26T10:00:45","modified_gmt":"2018-12-26T09:00:45","slug":"le-saviez-vous-un-industriel-montreusien-ordonne-pretre-pere-de-11-enfants","status":"publish","type":"page","link":"https:\/\/montreux-vieux.net\/?page_id=10800","title":{"rendered":"Le saviez-vous ? Un industriel montreusien ordonn\u00e9 pr\u00eatre, p\u00e8re de 11 enfants"},"content":{"rendered":"<h3 style=\"text-align: center;\">Le saviez-vous ? Un industriel montreusien ordonn\u00e9 pr\u00eatre, p\u00e8re de 11 enfants<\/h3>\n<h4 style=\"text-align: justify;\">Originaire de Louperhou.se (Moselle), M. Ortallo vient d\u2019\u00eatre, \u00e0 65 ans, ordonn\u00e9 pr\u00eatre par Mgr Ruch, \u00e9v\u00eaque de Strasbourg le 3 janvier 1938. Apr\u00e8s avoir travaill\u00e9 comme comptable \u00e0 Mulhouse et \u00e0 Colmar, il avait fond\u00e9 un \u00e9tablissement industriel \u00e0 <span class=\"highlightedText\">Montreux-Vieux<\/span> et, de son mariage, il a eu onze enfants, dont neuf sont encore en vie. Sur ses neuf&nbsp;enfants, six sont entr\u00e9s dans les ordres et trois filles exercent la profession de gardes-malades.<br \/>\nC\u2019est, il y a cinq ans que, devenu veuf, M. Ortallo r\u00e9solut de faire ses \u00e9tudes eccl\u00e9siastiques et de con sacrer le reste de sa vie au sacerdoce.<\/h4>\n<div id=\"attachment_10798\" style=\"width: 450px\" class=\"wp-caption aligncenter\"><a href=\"http:\/\/montreux-vieux.net\/montreux-vieux.net\/wp-content\/uploads\/2018\/05\/ScreenShot949.jpg\" target=\"_blank\" rel=\"noopener\"><img loading=\"lazy\" decoding=\"async\" aria-describedby=\"caption-attachment-10798\" class=\"wp-image-10798 size-full\" src=\"http:\/\/montreux-vieux.net\/montreux-vieux.net\/wp-content\/uploads\/2018\/05\/ScreenShot949.jpg\" alt=\"\" width=\"440\" height=\"843\" srcset=\"https:\/\/montreux-vieux.net\/montreux-vieux.net\/wp-content\/uploads\/2018\/05\/ScreenShot949.jpg 440w, https:\/\/montreux-vieux.net\/montreux-vieux.net\/wp-content\/uploads\/2018\/05\/ScreenShot949-157x300.jpg 157w\" sizes=\"auto, (max-width: 440px) 100vw, 440px\" \/><\/a><p id=\"caption-attachment-10798\" class=\"wp-caption-text\">Tombe de son \u00e9pouse Ortello Antoinette au cimeti\u00e8re communal de Montreux-Vieux<\/p><\/div>\n<h6>source:&nbsp;<span id=\"documentAuthorText\">Gazette de Bayonne, de Biarritz et du Pays basque du 3 janvier 1938<\/span><\/h6>\n<p>&nbsp;<\/p>\n","protected":false},"excerpt":{"rendered":"<p>Le saviez-vous ? Un industriel montreusien ordonn\u00e9 pr\u00eatre, p\u00e8re de 11 enfants Originaire de Louperhou.se (Moselle), M. Ortallo vient d\u2019\u00eatre, \u00e0 65 ans, ordonn\u00e9 pr\u00eatre par Mgr Ruch, \u00e9v\u00eaque de Strasbourg le 3 janvier 1938. Apr\u00e8s avoir travaill\u00e9 comme comptable &hellip; <a href=\"https:\/\/montreux-vieux.net\/?page_id=10800\">Continuer la lecture <span class=\"meta-nav\">&rarr;<\/span><\/a><\/p>\n","protected":false},"author":1,"featured_media":0,"parent":13028,"menu_order":4,"comment_status":"closed","ping_status":"open","template":"","meta":{"footnotes":""},"class_list":["post-10800","page","type-page","status-publish","hentry"],"_links":{"self":[{"href":"https:\/\/montreux-vieux.net\/index.php?rest_route=\/wp\/v2\/pages\/10800","targetHints":{"allow":["GET"]}}],"collection":[{"href":"https:\/\/montreux-vieux.net\/index.php?rest_route=\/wp\/v2\/pages"}],"about":[{"href":"https:\/\/montreux-vieux.net\/index.php?rest_route=\/wp\/v2\/types\/page"}],"author":[{"embeddable":true,"href":"https:\/\/montreux-vieux.net\/index.php?rest_route=\/wp\/v2\/users\/1"}],"replies":[{"embeddable":true,"href":"https:\/\/montreux-vieux.net\/index.php?rest_route=%2Fwp%2Fv2%2Fcomments&post=10800"}],"version-history":[{"count":2,"href":"https:\/\/montreux-vieux.net\/index.php?rest_route=\/wp\/v2\/pages\/10800\/revisions"}],"predecessor-version":[{"id":12787,"href":"https:\/\/montreux-vieux.net\/index.php?rest_route=\/wp\/v2\/pages\/10800\/revisions\/12787"}],"up":[{"embeddable":true,"href":"https:\/\/montreux-vieux.net\/index.php?rest_route=\/wp\/v2\/pages\/13028"}],"wp:attachment":[{"href":"https:\/\/montreux-vieux.net\/index.php?rest_route=%2Fwp%2Fv2%2Fmedia&parent=10800"}],"curies":[{"name":"wp","href":"https:\/\/api.w.org\/{rel}","templated":true}]}}