{"id":10839,"date":"2018-06-07T17:19:23","date_gmt":"2018-06-07T16:19:23","guid":{"rendered":"http:\/\/montreux-vieux.net\/?page_id=10839"},"modified":"2019-01-02T11:50:03","modified_gmt":"2019-01-02T10:50:03","slug":"le-saviez-vous-montreux-vieux-prevote-du-quartier-general-de-la-region-fortifiee-de-belfort","status":"publish","type":"page","link":"https:\/\/montreux-vieux.net\/?page_id=10839","title":{"rendered":"Le saviez-vous ? Montreux-Vieux, Pr\u00e9vot\u00e9 du Quartier g\u00e9n\u00e9ral de la r\u00e9gion fortifi\u00e9e de Belfort"},"content":{"rendered":"<h4 style=\"text-align: center;\">Le saviez-vous ? Montreux-Vieux, Pr\u00e9vot\u00e9 du Quartier g\u00e9n\u00e9ral de la r\u00e9gion fortifi\u00e9e de Belfort<\/h4>\n<h4 style=\"text-align: justify;\">&nbsp;<a href=\"http:\/\/montreux-vieux.net\/montreux-vieux.net\/wp-content\/uploads\/2018\/06\/ScreenShot960.jpg\" target=\"_blank\" rel=\"noopener\"><img loading=\"lazy\" decoding=\"async\" class=\"aligncenter wp-image-10837 size-full\" src=\"http:\/\/montreux-vieux.net\/montreux-vieux.net\/wp-content\/uploads\/2018\/06\/ScreenShot960.jpg\" alt=\"\" width=\"495\" height=\"454\" srcset=\"https:\/\/montreux-vieux.net\/montreux-vieux.net\/wp-content\/uploads\/2018\/06\/ScreenShot960.jpg 495w, https:\/\/montreux-vieux.net\/montreux-vieux.net\/wp-content\/uploads\/2018\/06\/ScreenShot960-300x275.jpg 300w\" sizes=\"auto, (max-width: 495px) 100vw, 495px\" \/><\/a><\/h4>\n<h4 style=\"text-align: justify;\">3 grad\u00e9s et&rsquo; 12 gendarmes \u00e0 cheval quittent Limoges, le,9 octobre 1915, \u00e0 destination de&nbsp;<span class=\"highlightedText\">Montreux-Vieux<\/span> o\u00f9 est organis\u00e9e la pr\u00e9v\u00f4t\u00e9 du Quartier g\u00e9n\u00e9ral de la r\u00e9gion fortifi\u00e9e de Belfort.<\/h4>\n<h4 style=\"text-align: justify;\">A partir du 21 octobre 1916 la gendarmerie assure un service sp\u00e9cial de surveillance \u00e0 la fronti\u00e8re Suisse. Les postes d\u00e9tach\u00e9s en diff\u00e9rents points rejoignent Montreux-Vieux le 19 avril 1917<\/h4>\n","protected":false},"excerpt":{"rendered":"<p>Le saviez-vous ? Montreux-Vieux, Pr\u00e9vot\u00e9 du Quartier g\u00e9n\u00e9ral de la r\u00e9gion fortifi\u00e9e de Belfort &nbsp; 3 grad\u00e9s et&rsquo; 12 gendarmes \u00e0 cheval quittent Limoges, le,9 octobre 1915, \u00e0 destination de&nbsp;Montreux-Vieux o\u00f9 est organis\u00e9e la pr\u00e9v\u00f4t\u00e9 du Quartier g\u00e9n\u00e9ral de la &hellip; <a href=\"https:\/\/montreux-vieux.net\/?page_id=10839\">Continuer la lecture <span class=\"meta-nav\">&rarr;<\/span><\/a><\/p>\n","protected":false},"author":1,"featured_media":0,"parent":12673,"menu_order":62,"comment_status":"closed","ping_status":"open","template":"","meta":{"footnotes":""},"class_list":["post-10839","page","type-page","status-publish","hentry"],"_links":{"self":[{"href":"https:\/\/montreux-vieux.net\/index.php?rest_route=\/wp\/v2\/pages\/10839","targetHints":{"allow":["GET"]}}],"collection":[{"href":"https:\/\/montreux-vieux.net\/index.php?rest_route=\/wp\/v2\/pages"}],"about":[{"href":"https:\/\/montreux-vieux.net\/index.php?rest_route=\/wp\/v2\/types\/page"}],"author":[{"embeddable":true,"href":"https:\/\/montreux-vieux.net\/index.php?rest_route=\/wp\/v2\/users\/1"}],"replies":[{"embeddable":true,"href":"https:\/\/montreux-vieux.net\/index.php?rest_route=%2Fwp%2Fv2%2Fcomments&post=10839"}],"version-history":[{"count":5,"href":"https:\/\/montreux-vieux.net\/index.php?rest_route=\/wp\/v2\/pages\/10839\/revisions"}],"predecessor-version":[{"id":13309,"href":"https:\/\/montreux-vieux.net\/index.php?rest_route=\/wp\/v2\/pages\/10839\/revisions\/13309"}],"up":[{"embeddable":true,"href":"https:\/\/montreux-vieux.net\/index.php?rest_route=\/wp\/v2\/pages\/12673"}],"wp:attachment":[{"href":"https:\/\/montreux-vieux.net\/index.php?rest_route=%2Fwp%2Fv2%2Fmedia&parent=10839"}],"curies":[{"name":"wp","href":"https:\/\/api.w.org\/{rel}","templated":true}]}}