{"id":10968,"date":"2018-08-31T14:48:37","date_gmt":"2018-08-31T13:48:37","guid":{"rendered":"http:\/\/montreux-vieux.net\/?page_id=10968"},"modified":"2020-01-19T16:16:24","modified_gmt":"2020-01-19T15:16:24","slug":"le-saviez-vous-la-boucherie-le-cafe-restaurant-le-cinema-et-le-dentiste-dans-lancien-immeuble-de-la-famille-benhalima","status":"publish","type":"page","link":"https:\/\/montreux-vieux.net\/?page_id=10968","title":{"rendered":"Le saviez-vous ? La boucherie, le caf\u00e9 restaurant, le cin\u00e9ma et le dentiste dans l&rsquo;ancien immeuble de la famille Benhalima"},"content":{"rendered":"<h3 style=\"text-align: center;\">Le saviez-vous ? La boucherie, le caf\u00e9 restaurant, le cin\u00e9ma et le dentiste dans l&rsquo;ancien immeuble de la famille Benhalima<\/h3>\n<h4 style=\"text-align: justify;\">Belle surprise ce matin en d\u00e9couvrant cette photo sur laquelle j&rsquo;ai d\u00e9couvert la boucherie Gaugler, le caf\u00e9 restaurant Heinis, le cin\u00e9ma et surtout le dentiste qui cherchait d\u00e9j\u00e0 du personnel en 1912. Le tout dans l&rsquo;immeuble dont \u00e9tait propri\u00e9taire la famille Benhalima<\/h4>\n<p style=\"text-align: center;\"><a href=\"http:\/\/montreux-vieux.net\/montreux-vieux.net\/wp-content\/uploads\/2018\/08\/ScreenShot1076.jpg\" target=\"_blank\" rel=\"noopener noreferrer\"><img loading=\"lazy\" decoding=\"async\" class=\"aligncenter wp-image-10966 size-full\" src=\"http:\/\/montreux-vieux.net\/montreux-vieux.net\/wp-content\/uploads\/2018\/08\/ScreenShot1076.jpg\" alt=\"\" width=\"935\" height=\"604\" srcset=\"https:\/\/montreux-vieux.net\/montreux-vieux.net\/wp-content\/uploads\/2018\/08\/ScreenShot1076.jpg 935w, https:\/\/montreux-vieux.net\/montreux-vieux.net\/wp-content\/uploads\/2018\/08\/ScreenShot1076-300x194.jpg 300w, https:\/\/montreux-vieux.net\/montreux-vieux.net\/wp-content\/uploads\/2018\/08\/ScreenShot1076-768x496.jpg 768w, https:\/\/montreux-vieux.net\/montreux-vieux.net\/wp-content\/uploads\/2018\/08\/ScreenShot1076-600x388.jpg 600w\" sizes=\"auto, (max-width: 935px) 100vw, 935px\" \/><\/a><\/p>\n<p style=\"text-align: center;\">\u00a0<\/p>\n\n\n<p class=\"has-text-align-center\">Une carte postale de l&rsquo;ancien Restaurant \u00ab\u00a0Aux Deux Clefs\u00a0\u00bb (Benhalima)<\/p>\n\n\n\n<div class=\"wp-block-image\"><figure class=\"aligncenter\"><img decoding=\"async\" src=\"http:\/\/montreux-vieux.net\/montreux-vieux.net\/wp-content\/uploads\/2019\/01\/ScreenShot1508.jpg\" alt=\"\"\/><figcaption> Le b\u00e2timent a \u00e9t\u00e9 prolong\u00e9 par la suite. A gauche l&rsquo;ancienne boucherie Branstedter <\/figcaption><\/figure><\/div>\n\n\n\n<p><\/p>\n","protected":false},"excerpt":{"rendered":"<p>Le saviez-vous ? La boucherie, le caf\u00e9 restaurant, le cin\u00e9ma et le dentiste dans l&rsquo;ancien immeuble de la famille Benhalima Belle surprise ce matin en d\u00e9couvrant cette photo sur laquelle j&rsquo;ai d\u00e9couvert la boucherie Gaugler, le caf\u00e9 restaurant Heinis, le &hellip; <a href=\"https:\/\/montreux-vieux.net\/?page_id=10968\">Continuer la lecture <span class=\"meta-nav\">&rarr;<\/span><\/a><\/p>\n","protected":false},"author":1,"featured_media":0,"parent":1502,"menu_order":52,"comment_status":"closed","ping_status":"open","template":"","meta":{"footnotes":""},"class_list":["post-10968","page","type-page","status-publish","hentry"],"_links":{"self":[{"href":"https:\/\/montreux-vieux.net\/index.php?rest_route=\/wp\/v2\/pages\/10968","targetHints":{"allow":["GET"]}}],"collection":[{"href":"https:\/\/montreux-vieux.net\/index.php?rest_route=\/wp\/v2\/pages"}],"about":[{"href":"https:\/\/montreux-vieux.net\/index.php?rest_route=\/wp\/v2\/types\/page"}],"author":[{"embeddable":true,"href":"https:\/\/montreux-vieux.net\/index.php?rest_route=\/wp\/v2\/users\/1"}],"replies":[{"embeddable":true,"href":"https:\/\/montreux-vieux.net\/index.php?rest_route=%2Fwp%2Fv2%2Fcomments&post=10968"}],"version-history":[{"count":4,"href":"https:\/\/montreux-vieux.net\/index.php?rest_route=\/wp\/v2\/pages\/10968\/revisions"}],"predecessor-version":[{"id":18705,"href":"https:\/\/montreux-vieux.net\/index.php?rest_route=\/wp\/v2\/pages\/10968\/revisions\/18705"}],"up":[{"embeddable":true,"href":"https:\/\/montreux-vieux.net\/index.php?rest_route=\/wp\/v2\/pages\/1502"}],"wp:attachment":[{"href":"https:\/\/montreux-vieux.net\/index.php?rest_route=%2Fwp%2Fv2%2Fmedia&parent=10968"}],"curies":[{"name":"wp","href":"https:\/\/api.w.org\/{rel}","templated":true}]}}