{"id":10975,"date":"2018-08-31T15:13:27","date_gmt":"2018-08-31T14:13:27","guid":{"rendered":"http:\/\/montreux-vieux.net\/?page_id=10975"},"modified":"2018-12-25T17:02:53","modified_gmt":"2018-12-25T16:02:53","slug":"le-capitaine-perniceni-jean-antoine-raymond-montreusien-mort-pour-la-france","status":"publish","type":"page","link":"https:\/\/montreux-vieux.net\/?page_id=10975","title":{"rendered":"Le capitaine Perniceni Jean Antoine Raymond, montreusien, \u00a0mort pour la France"},"content":{"rendered":"<h3 style=\"text-align: center;\">Le capitaine Perniceni Jean Antoine Raymond, montreusien, &nbsp;mort pour la France<\/h3>\n<h4 style=\"text-align: justify;\">Le capitaine Perniceni Jean Antoine Raymond du 72\u00e8 Bataillon du G\u00e9nie est mort pour la France le 18 novembre 1959 \u00e0 l&rsquo;\u00e2ge de 33 ans \u00e0 Dra El Mizan (Grande Kabilie) lors du conflit d&rsquo;Afrique du Nord (52\/62) . Il \u00e9tait n\u00e9 \u00e0 Belfort le 22 mars 1926. Il avait \u00e9t\u00e9 d\u00e9cor\u00e9 de la L\u00e9gion d&rsquo;Honneur et de la Croix de Guerre.<\/h4>\n<p style=\"text-align: center;\"><img loading=\"lazy\" decoding=\"async\" class=\"aligncenter size-thumbnail wp-image-10973\" src=\"http:\/\/montreux-vieux.net\/montreux-vieux.net\/wp-content\/uploads\/2018\/08\/ScreenShot1078-150x150.jpg\" alt=\"\" width=\"150\" height=\"150\" srcset=\"https:\/\/montreux-vieux.net\/montreux-vieux.net\/wp-content\/uploads\/2018\/08\/ScreenShot1078-150x150.jpg 150w, https:\/\/montreux-vieux.net\/montreux-vieux.net\/wp-content\/uploads\/2018\/08\/ScreenShot1078.jpg 261w\" sizes=\"auto, (max-width: 150px) 100vw, 150px\" \/><\/p>\n<p style=\"text-align: center;\">\n","protected":false},"excerpt":{"rendered":"<p>Le capitaine Perniceni Jean Antoine Raymond, montreusien, &nbsp;mort pour la France Le capitaine Perniceni Jean Antoine Raymond du 72\u00e8 Bataillon du G\u00e9nie est mort pour la France le 18 novembre 1959 \u00e0 l&rsquo;\u00e2ge de 33 ans \u00e0 Dra El Mizan &hellip; <a href=\"https:\/\/montreux-vieux.net\/?page_id=10975\">Continuer la lecture <span class=\"meta-nav\">&rarr;<\/span><\/a><\/p>\n","protected":false},"author":1,"featured_media":0,"parent":12988,"menu_order":4,"comment_status":"closed","ping_status":"open","template":"","meta":{"footnotes":""},"class_list":["post-10975","page","type-page","status-publish","hentry"],"_links":{"self":[{"href":"https:\/\/montreux-vieux.net\/index.php?rest_route=\/wp\/v2\/pages\/10975","targetHints":{"allow":["GET"]}}],"collection":[{"href":"https:\/\/montreux-vieux.net\/index.php?rest_route=\/wp\/v2\/pages"}],"about":[{"href":"https:\/\/montreux-vieux.net\/index.php?rest_route=\/wp\/v2\/types\/page"}],"author":[{"embeddable":true,"href":"https:\/\/montreux-vieux.net\/index.php?rest_route=\/wp\/v2\/users\/1"}],"replies":[{"embeddable":true,"href":"https:\/\/montreux-vieux.net\/index.php?rest_route=%2Fwp%2Fv2%2Fcomments&post=10975"}],"version-history":[{"count":2,"href":"https:\/\/montreux-vieux.net\/index.php?rest_route=\/wp\/v2\/pages\/10975\/revisions"}],"predecessor-version":[{"id":12993,"href":"https:\/\/montreux-vieux.net\/index.php?rest_route=\/wp\/v2\/pages\/10975\/revisions\/12993"}],"up":[{"embeddable":true,"href":"https:\/\/montreux-vieux.net\/index.php?rest_route=\/wp\/v2\/pages\/12988"}],"wp:attachment":[{"href":"https:\/\/montreux-vieux.net\/index.php?rest_route=%2Fwp%2Fv2%2Fmedia&parent=10975"}],"curies":[{"name":"wp","href":"https:\/\/api.w.org\/{rel}","templated":true}]}}