{"id":10990,"date":"2018-09-02T07:46:43","date_gmt":"2018-09-02T06:46:43","guid":{"rendered":"http:\/\/montreux-vieux.net\/?page_id=10990"},"modified":"2019-01-02T12:57:00","modified_gmt":"2019-01-02T11:57:00","slug":"le-saviez-vous-le-cinema-a-montreux-vieux","status":"publish","type":"page","link":"https:\/\/montreux-vieux.net\/?page_id=10990","title":{"rendered":"Le saviez-vous? Le cin\u00e9ma \u00e0 Montreux-Vieux"},"content":{"rendered":"<h3 style=\"text-align: center;\">Le cin\u00e9ma \u00e0 Montreux-Vieux<\/h3>\n<h4>Avant la guerre de 1939\/1945 il y avait du cin\u00e9ma dans la grande salle attenante au caf\u00e9 restaurant les Deux Cl\u00e9s dont ci-dessous une phot de 1924.<\/h4>\n<p style=\"text-align: center;\"><a href=\"http:\/\/montreux-vieux.net\/montreux-vieux.net\/wp-content\/uploads\/2016\/03\/ScreenShot1083.jpg\" target=\"_blank\" rel=\"noopener\"><img loading=\"lazy\" decoding=\"async\" class=\"aligncenter wp-image-10988 size-full\" src=\"http:\/\/montreux-vieux.net\/montreux-vieux.net\/wp-content\/uploads\/2016\/03\/ScreenShot1083.jpg\" alt=\"\" width=\"964\" height=\"659\" srcset=\"https:\/\/montreux-vieux.net\/montreux-vieux.net\/wp-content\/uploads\/2016\/03\/ScreenShot1083.jpg 964w, https:\/\/montreux-vieux.net\/montreux-vieux.net\/wp-content\/uploads\/2016\/03\/ScreenShot1083-300x205.jpg 300w, https:\/\/montreux-vieux.net\/montreux-vieux.net\/wp-content\/uploads\/2016\/03\/ScreenShot1083-768x525.jpg 768w, https:\/\/montreux-vieux.net\/montreux-vieux.net\/wp-content\/uploads\/2016\/03\/ScreenShot1083-600x410.jpg 600w\" sizes=\"auto, (max-width: 964px) 100vw, 964px\" \/><\/a><\/p>\n<h4 style=\"text-align: justify;\">Durant la guerre de 1939\/1945 il y avait une salle de cin\u00e9ma \u00e0 Montreux-Vieux. Elle \u00e9tait situ\u00e9e \u00e0 l&rsquo;arri\u00e8re du&nbsp;caf\u00e9-restaurant \u00ab&nbsp;Aux deux clefs&nbsp;\u00bb (Le caf\u00e9 que tenait en dernier M.Benhalima). Sur la carte postale ci-dessous on peut voir en haut \u00e0 droite la grandeur de celle-ci. Elle servait \u00e9galement \u00e0 d\u2019autres manifestations (r\u00e9unions, bals, th\u00e9\u00e2tre, concerts de musique, etc.). Le vendredi matin un marchande de l\u00e9gumes Monsieur Ellerbach de Dannemarie s&rsquo;installait pr\u00e8s de cette salle pour vendre ses produits.<\/h4>\n<p><a href=\"http:\/\/montreux-vieux.net\/montreux-vieux.net\/wp-content\/uploads\/2016\/03\/SOULSESSIONS.jpg\" target=\"_blank\" rel=\"noopener\"><img loading=\"lazy\" decoding=\"async\" class=\"aligncenter wp-image-7265 size-full\" src=\"http:\/\/montreux-vieux.net\/montreux-vieux.net\/wp-content\/uploads\/2016\/03\/SOULSESSIONS.jpg\" alt=\"Le cin\u00e9ma \u00e0 Montreux-Vieux\" width=\"944\" height=\"755\" srcset=\"https:\/\/montreux-vieux.net\/montreux-vieux.net\/wp-content\/uploads\/2016\/03\/SOULSESSIONS.jpg 944w, https:\/\/montreux-vieux.net\/montreux-vieux.net\/wp-content\/uploads\/2016\/03\/SOULSESSIONS-300x240.jpg 300w, https:\/\/montreux-vieux.net\/montreux-vieux.net\/wp-content\/uploads\/2016\/03\/SOULSESSIONS-768x614.jpg 768w, https:\/\/montreux-vieux.net\/montreux-vieux.net\/wp-content\/uploads\/2016\/03\/SOULSESSIONS-600x480.jpg 600w\" sizes=\"auto, (max-width: 944px) 100vw, 944px\" \/><\/a><\/p>\n<h4 style=\"text-align: justify;\">Sur la deuxi\u00e8me photo, en allemand, l\u2019annonce du lundi 24 novembre 1941 des deux repr\u00e9sentations du &nbsp;samedi 29 novembre 1941. L\u2019une \u00e9tait pr\u00e9vue \u00e0 16h 15 pour les enfants et l\u2019autre pour les adultes \u00e0 20h, son titre \u00ab&nbsp;Histoire viennoise&nbsp;\u00bb<\/h4>\n<p><a href=\"http:\/\/montreux-vieux.net\/montreux-vieux.net\/wp-content\/uploads\/2016\/03\/SCULPTURE-ART.jpg\" target=\"_blank\" rel=\"noopener\"><img loading=\"lazy\" decoding=\"async\" class=\"aligncenter wp-image-7267 size-full\" src=\"http:\/\/montreux-vieux.net\/montreux-vieux.net\/wp-content\/uploads\/2016\/03\/SCULPTURE-ART.jpg\" alt=\"cin\u00e9ma Montreux-Vieux\" width=\"944\" height=\"755\" srcset=\"https:\/\/montreux-vieux.net\/montreux-vieux.net\/wp-content\/uploads\/2016\/03\/SCULPTURE-ART.jpg 944w, https:\/\/montreux-vieux.net\/montreux-vieux.net\/wp-content\/uploads\/2016\/03\/SCULPTURE-ART-300x240.jpg 300w, https:\/\/montreux-vieux.net\/montreux-vieux.net\/wp-content\/uploads\/2016\/03\/SCULPTURE-ART-768x614.jpg 768w, https:\/\/montreux-vieux.net\/montreux-vieux.net\/wp-content\/uploads\/2016\/03\/SCULPTURE-ART-600x480.jpg 600w\" sizes=\"auto, (max-width: 944px) 100vw, 944px\" \/><\/a><\/p>\n<h4 style=\"text-align: justify;\">Apr\u00e8s guerre il y avait une salle de cin\u00e9ma&nbsp; au dessus du restaurant de la gare tenu par Monsieur Cuenin Emile, \u00e9lectricien de m\u00e9tier qui tenait \u00e9galement magasin d\u2019\u00e9lectricit\u00e9 dans le b\u00e2timent situ\u00e9 \u00e0 c\u00f4t\u00e9 de celui du kin\u00e9, dans la Grand-Rue.&nbsp;La salle a \u00e9t\u00e9 transform\u00e9e par la suite en dancing. Il&nbsp; y avait bal tous les samedis et dimanches avec l&rsquo;orchestre Deck Eddy de Lutran.<\/h4>\n<h4 style=\"text-align: justify;\">Il y eu \u00e0 nouveau du cin\u00e9ma \u00e0 la salle des f\u00eates apr\u00e8s sa construction en 1958&nbsp; et avait comme nom &nbsp;le cin\u00e9ma \u00ab&nbsp;Star&nbsp;\u00bb&nbsp; tenu par Monsieur Etienne Widemann.<\/h4>\n","protected":false},"excerpt":{"rendered":"<p>Le cin\u00e9ma \u00e0 Montreux-Vieux Avant la guerre de 1939\/1945 il y avait du cin\u00e9ma dans la grande salle attenante au caf\u00e9 restaurant les Deux Cl\u00e9s dont ci-dessous une phot de 1924. Durant la guerre de 1939\/1945 il y avait une &hellip; <a href=\"https:\/\/montreux-vieux.net\/?page_id=10990\">Continuer la lecture <span class=\"meta-nav\">&rarr;<\/span><\/a><\/p>\n","protected":false},"author":1,"featured_media":0,"parent":13034,"menu_order":12,"comment_status":"closed","ping_status":"open","template":"","meta":{"footnotes":""},"class_list":["post-10990","page","type-page","status-publish","hentry"],"_links":{"self":[{"href":"https:\/\/montreux-vieux.net\/index.php?rest_route=\/wp\/v2\/pages\/10990","targetHints":{"allow":["GET"]}}],"collection":[{"href":"https:\/\/montreux-vieux.net\/index.php?rest_route=\/wp\/v2\/pages"}],"about":[{"href":"https:\/\/montreux-vieux.net\/index.php?rest_route=\/wp\/v2\/types\/page"}],"author":[{"embeddable":true,"href":"https:\/\/montreux-vieux.net\/index.php?rest_route=\/wp\/v2\/users\/1"}],"replies":[{"embeddable":true,"href":"https:\/\/montreux-vieux.net\/index.php?rest_route=%2Fwp%2Fv2%2Fcomments&post=10990"}],"version-history":[{"count":2,"href":"https:\/\/montreux-vieux.net\/index.php?rest_route=\/wp\/v2\/pages\/10990\/revisions"}],"predecessor-version":[{"id":13312,"href":"https:\/\/montreux-vieux.net\/index.php?rest_route=\/wp\/v2\/pages\/10990\/revisions\/13312"}],"up":[{"embeddable":true,"href":"https:\/\/montreux-vieux.net\/index.php?rest_route=\/wp\/v2\/pages\/13034"}],"wp:attachment":[{"href":"https:\/\/montreux-vieux.net\/index.php?rest_route=%2Fwp%2Fv2%2Fmedia&parent=10990"}],"curies":[{"name":"wp","href":"https:\/\/api.w.org\/{rel}","templated":true}]}}