{"id":11005,"date":"2018-09-07T09:40:16","date_gmt":"2018-09-07T08:40:16","guid":{"rendered":"http:\/\/montreux-vieux.net\/?page_id=11005"},"modified":"2019-01-02T13:06:09","modified_gmt":"2019-01-02T12:06:09","slug":"le-saviez-vous-une-bombe-coincee-dans-le-train-datterrissage-dun-avion","status":"publish","type":"page","link":"https:\/\/montreux-vieux.net\/?page_id=11005","title":{"rendered":"Le saviez-vous\u00a0? Une bombe coinc\u00e9e dans le train d\u2019atterrissage d\u2019un avion"},"content":{"rendered":"<h3 style=\"text-align: center;\">Le saviez-vous&nbsp;? Une bombe coinc\u00e9e dans le train d\u2019atterrissage d\u2019un avion<\/h3>\n<p><a href=\"http:\/\/montreux-vieux.net\/montreux-vieux.net\/wp-content\/uploads\/2018\/09\/ScreenShot749.jpg\" target=\"_blank\" rel=\"noopener\"><img loading=\"lazy\" decoding=\"async\" class=\"aligncenter wp-image-11002 size-full\" src=\"http:\/\/montreux-vieux.net\/montreux-vieux.net\/wp-content\/uploads\/2018\/09\/ScreenShot749.jpg\" alt=\"\" width=\"992\" height=\"633\" srcset=\"https:\/\/montreux-vieux.net\/montreux-vieux.net\/wp-content\/uploads\/2018\/09\/ScreenShot749.jpg 992w, https:\/\/montreux-vieux.net\/montreux-vieux.net\/wp-content\/uploads\/2018\/09\/ScreenShot749-300x191.jpg 300w, https:\/\/montreux-vieux.net\/montreux-vieux.net\/wp-content\/uploads\/2018\/09\/ScreenShot749-768x490.jpg 768w, https:\/\/montreux-vieux.net\/montreux-vieux.net\/wp-content\/uploads\/2018\/09\/ScreenShot749-600x383.jpg 600w\" sizes=\"auto, (max-width: 992px) 100vw, 992px\" \/><\/a><\/p>\n<p style=\"text-align: justify;\">Apr\u00e8s la reconqu\u00eate, un avion &nbsp;est venu bombarder le village ou son &nbsp;pilote Ernst apercevait les casernes et d\u00e9p\u00f4ts de Montreux-Vieux. Il &nbsp;tourna en cercle pour d\u00e9verser ses bombes avec l\u2019aide d\u2019un certain Hartmann qui passait les bombes \u00e0 travers une petite ouverture dans son plancher. Les tuiles d\u2019un toit &nbsp;\u00e9clat\u00e8rent en morceaux et une fum\u00e9e noire s\u2019\u00e9leva. &nbsp;A un certain moment Harmann faisait des signes \u00e0 Ernst car il avait constat\u00e9 qu\u2019une bombe est rest\u00e9e coinc\u00e9e dans le train d\u2019atterrissage pouvant \u00e9clater \u00e0 n\u2019importe quel moment. Ernest esquissa alors un virage \u00e0 droite pour faire glisser le projectile sans succ\u00e8s et a refait le m\u00eame mouvement vers la gauche mais \u00e9galement sans succ\u00e8s. Hartmann a alors pass\u00e9 son pied \u00e0 travers la lucarne mais n\u2019a pas r\u00e9ussi \u00e0 \u00e9jecter la torpille. &nbsp;Ernst \u00e0 eu l\u2019id\u00e9e d\u2019effectuer un tonneau et au moment ou il a pu basculer lentement l\u2019appareil vers l\u2019arri\u00e8re jusqu\u2019\u00e0 la verticale que la bombe s\u2019est d\u00e9tach\u00e9e de l\u2019avion. Il suivit le vol de la bombe qui est tomb\u00e9e dans un champ.<\/p>\n<h5>Source: Dernier vol pour l&rsquo;enfer de Koecklin St\u00e9phane<\/h5>\n","protected":false},"excerpt":{"rendered":"<p>Le saviez-vous&nbsp;? Une bombe coinc\u00e9e dans le train d\u2019atterrissage d\u2019un avion Apr\u00e8s la reconqu\u00eate, un avion &nbsp;est venu bombarder le village ou son &nbsp;pilote Ernst apercevait les casernes et d\u00e9p\u00f4ts de Montreux-Vieux. Il &nbsp;tourna en cercle pour d\u00e9verser ses bombes &hellip; <a href=\"https:\/\/montreux-vieux.net\/?page_id=11005\">Continuer la lecture <span class=\"meta-nav\">&rarr;<\/span><\/a><\/p>\n","protected":false},"author":1,"featured_media":0,"parent":12673,"menu_order":64,"comment_status":"closed","ping_status":"open","template":"","meta":{"footnotes":""},"class_list":["post-11005","page","type-page","status-publish","hentry"],"_links":{"self":[{"href":"https:\/\/montreux-vieux.net\/index.php?rest_route=\/wp\/v2\/pages\/11005","targetHints":{"allow":["GET"]}}],"collection":[{"href":"https:\/\/montreux-vieux.net\/index.php?rest_route=\/wp\/v2\/pages"}],"about":[{"href":"https:\/\/montreux-vieux.net\/index.php?rest_route=\/wp\/v2\/types\/page"}],"author":[{"embeddable":true,"href":"https:\/\/montreux-vieux.net\/index.php?rest_route=\/wp\/v2\/users\/1"}],"replies":[{"embeddable":true,"href":"https:\/\/montreux-vieux.net\/index.php?rest_route=%2Fwp%2Fv2%2Fcomments&post=11005"}],"version-history":[{"count":4,"href":"https:\/\/montreux-vieux.net\/index.php?rest_route=\/wp\/v2\/pages\/11005\/revisions"}],"predecessor-version":[{"id":13316,"href":"https:\/\/montreux-vieux.net\/index.php?rest_route=\/wp\/v2\/pages\/11005\/revisions\/13316"}],"up":[{"embeddable":true,"href":"https:\/\/montreux-vieux.net\/index.php?rest_route=\/wp\/v2\/pages\/12673"}],"wp:attachment":[{"href":"https:\/\/montreux-vieux.net\/index.php?rest_route=%2Fwp%2Fv2%2Fmedia&parent=11005"}],"curies":[{"name":"wp","href":"https:\/\/api.w.org\/{rel}","templated":true}]}}