{"id":11012,"date":"2018-09-08T12:59:19","date_gmt":"2018-09-08T11:59:19","guid":{"rendered":"http:\/\/montreux-vieux.net\/?page_id=11012"},"modified":"2020-07-12T16:59:39","modified_gmt":"2020-07-12T15:59:39","slug":"le-saviez-vous-lauberge-epicerie-de-la-frontiere-situee-sur-la-commune-de-montreux-vieux-en-1885","status":"publish","type":"page","link":"https:\/\/montreux-vieux.net\/?page_id=11012","title":{"rendered":"Le saviez-vous\u00a0? L\u2019Auberge-\u00e9picerie de la Fronti\u00e8re situ\u00e9e sur la commune de Montreux-Vieux en 1885"},"content":{"rendered":"<h3 style=\"text-align: center;\">Le saviez-vous\u00a0? L\u2019Auberge-\u00e9picerie de la Fronti\u00e8re situ\u00e9e sur la commune de Montreux-Vieux en 1885<\/h3>\n<p style=\"text-align: center;\"><a href=\"http:\/\/montreux-vieux.net\/montreux-vieux.net\/wp-content\/uploads\/2018\/09\/ScreenShot1130.jpg\" target=\"_blank\" rel=\"noopener noreferrer\"><img loading=\"lazy\" decoding=\"async\" class=\"aligncenter wp-image-11013 size-full\" src=\"http:\/\/montreux-vieux.net\/montreux-vieux.net\/wp-content\/uploads\/2018\/09\/ScreenShot1130.jpg\" alt=\"\" width=\"995\" height=\"629\" srcset=\"https:\/\/montreux-vieux.net\/montreux-vieux.net\/wp-content\/uploads\/2018\/09\/ScreenShot1130.jpg 995w, https:\/\/montreux-vieux.net\/montreux-vieux.net\/wp-content\/uploads\/2018\/09\/ScreenShot1130-300x190.jpg 300w, https:\/\/montreux-vieux.net\/montreux-vieux.net\/wp-content\/uploads\/2018\/09\/ScreenShot1130-768x485.jpg 768w, https:\/\/montreux-vieux.net\/montreux-vieux.net\/wp-content\/uploads\/2018\/09\/ScreenShot1130-600x379.jpg 600w\" sizes=\"auto, (max-width: 995px) 100vw, 995px\" \/><\/a><\/p>\n<h4 style=\"text-align: justify;\">C\u2019est dans les ann\u00e9es 1885 alors que Montreux-Vieux se nommait Altmunsterol \u00a0que fut ouvert l\u2019Auberge-\u00e9picerie pr\u00e8s de la fronti\u00e8re. Le propri\u00e9taire \u00e9tait alors\u00a0 Joseph Widemann qui c\u00e9da l\u2019\u00e9tablissement \u00e0 Karl Anthony dans les ann\u00e9es 1900.Tout le gratin du village se trouvait le dimanche, chefs de gendarmerie, douanes, de gare, des Postes etc. d\u2019ailleurs seul caf\u00e9 du village. Le propri\u00e9taire s\u2019est enfui \u00e0 l\u2019arriv\u00e9e des troupes fran\u00e7aise le 07 ao\u00fbt 1914<\/h4>\n<p style=\"text-align: justify; line-height: 18.0pt; background: white; margin: 6.0pt 0cm 6.0pt 0cm;\"><span style=\"font-family: 'Arial','sans-serif'; color: #4d4d4d;\">L\u2019aubergiste Charles Anthony, qui avait \u00e9t\u00e9 expuls\u00e9 de France, a \u00e9t\u00e9 condamn\u00e9 \u00e0 une semaine de prison par le tribunal de Belfort, pour rupture de ban<\/span><\/p>\n<p style=\"text-align: justify; line-height: 18.0pt; background: white; margin: 6.0pt 0cm 6.0pt 0cm;\"><span style=\"font-family: 'Arial','sans-serif'; color: #4d4d4d;\">Sources\u00a0: L\u2019Express 20 ao\u00fbt 1909<\/span><\/p>\n","protected":false},"excerpt":{"rendered":"<p>Le saviez-vous\u00a0? L\u2019Auberge-\u00e9picerie de la Fronti\u00e8re situ\u00e9e sur la commune de Montreux-Vieux en 1885 C\u2019est dans les ann\u00e9es 1885 alors que Montreux-Vieux se nommait Altmunsterol \u00a0que fut ouvert l\u2019Auberge-\u00e9picerie pr\u00e8s de la fronti\u00e8re. Le propri\u00e9taire \u00e9tait alors\u00a0 Joseph Widemann qui &hellip; <a href=\"https:\/\/montreux-vieux.net\/?page_id=11012\">Continuer la lecture <span class=\"meta-nav\">&rarr;<\/span><\/a><\/p>\n","protected":false},"author":1,"featured_media":0,"parent":13130,"menu_order":4,"comment_status":"closed","ping_status":"open","template":"","meta":{"footnotes":""},"class_list":["post-11012","page","type-page","status-publish","hentry"],"_links":{"self":[{"href":"https:\/\/montreux-vieux.net\/index.php?rest_route=\/wp\/v2\/pages\/11012","targetHints":{"allow":["GET"]}}],"collection":[{"href":"https:\/\/montreux-vieux.net\/index.php?rest_route=\/wp\/v2\/pages"}],"about":[{"href":"https:\/\/montreux-vieux.net\/index.php?rest_route=\/wp\/v2\/types\/page"}],"author":[{"embeddable":true,"href":"https:\/\/montreux-vieux.net\/index.php?rest_route=\/wp\/v2\/users\/1"}],"replies":[{"embeddable":true,"href":"https:\/\/montreux-vieux.net\/index.php?rest_route=%2Fwp%2Fv2%2Fcomments&post=11012"}],"version-history":[{"count":3,"href":"https:\/\/montreux-vieux.net\/index.php?rest_route=\/wp\/v2\/pages\/11012\/revisions"}],"predecessor-version":[{"id":20084,"href":"https:\/\/montreux-vieux.net\/index.php?rest_route=\/wp\/v2\/pages\/11012\/revisions\/20084"}],"up":[{"embeddable":true,"href":"https:\/\/montreux-vieux.net\/index.php?rest_route=\/wp\/v2\/pages\/13130"}],"wp:attachment":[{"href":"https:\/\/montreux-vieux.net\/index.php?rest_route=%2Fwp%2Fv2%2Fmedia&parent=11012"}],"curies":[{"name":"wp","href":"https:\/\/api.w.org\/{rel}","templated":true}]}}