{"id":11025,"date":"2018-09-10T08:50:59","date_gmt":"2018-09-10T07:50:59","guid":{"rendered":"http:\/\/montreux-vieux.net\/?page_id=11025"},"modified":"2018-12-27T10:57:45","modified_gmt":"2018-12-27T09:57:45","slug":"le-saviez-vous-deux-ministres-en-octobre-1914-a-montreux-vieux","status":"publish","type":"page","link":"https:\/\/montreux-vieux.net\/?page_id=11025","title":{"rendered":"Le saviez-vous? Deux ministres en octobre 1914 \u00e0 Montreux-Vieux"},"content":{"rendered":"<h3 style=\"text-align: center;\">Deux ministres en octobre 1914 \u00e0 Montreux-Vieux<\/h3>\n<h4 style=\"text-align: justify;\">Altmunsteroll redevenu Montreux-Vieux les anciens poteaux fronti\u00e8res allemands, sur la route et sur la voie ferr\u00e9e de Belfort \u00e0 Mulhouse repeints aux couleurs fran\u00e7aises.<\/h4>\n<h4 style=\"text-align: justify;\">Monsieur Aristide Briand Garde des Sceaux et son coll\u00e8gue Albert Sarraut, ministre de l\u2019instruction publique ont pass\u00e9 d\u00e9but octobre 1914 un moment dans l\u2019Est au milieu de leurs soldats, dont Montreux-Vieux.<\/h4>\n<p><a href=\"http:\/\/montreux-vieux.net\/montreux-vieux.net\/wp-content\/uploads\/2018\/09\/Deux-ministres.jpg\" target=\"_blank\" rel=\"noopener\"><img loading=\"lazy\" decoding=\"async\" class=\"aligncenter wp-image-11021 size-full\" src=\"http:\/\/montreux-vieux.net\/montreux-vieux.net\/wp-content\/uploads\/2018\/09\/Deux-ministres.jpg\" sizes=\"auto, (max-width: 1000px) 100vw, 1000px\" srcset=\"http:\/\/montreux-vieux.net\/montreux-vieux.net\/wp-content\/uploads\/2018\/09\/Deux-ministres.jpg 1000w, http:\/\/montreux-vieux.net\/montreux-vieux.net\/wp-content\/uploads\/2018\/09\/Deux-ministres-300x203.jpg 300w, http:\/\/montreux-vieux.net\/montreux-vieux.net\/wp-content\/uploads\/2018\/09\/Deux-ministres-768x519.jpg 768w, http:\/\/montreux-vieux.net\/montreux-vieux.net\/wp-content\/uploads\/2018\/09\/Deux-ministres-600x406.jpg 600w\" alt=\"\" width=\"1000\" height=\"676\"><\/a><\/p>\n<p><a href=\"http:\/\/montreux-vieux.net\/montreux-vieux.net\/wp-content\/uploads\/2018\/09\/Saurait-Briand.jpg\"><img loading=\"lazy\" decoding=\"async\" class=\"aligncenter wp-image-11022 size-full\" src=\"http:\/\/montreux-vieux.net\/montreux-vieux.net\/wp-content\/uploads\/2018\/09\/Saurait-Briand.jpg\" sizes=\"auto, (max-width: 1000px) 100vw, 1000px\" srcset=\"http:\/\/montreux-vieux.net\/montreux-vieux.net\/wp-content\/uploads\/2018\/09\/Saurait-Briand.jpg 1000w, http:\/\/montreux-vieux.net\/montreux-vieux.net\/wp-content\/uploads\/2018\/09\/Saurait-Briand-300x216.jpg 300w, http:\/\/montreux-vieux.net\/montreux-vieux.net\/wp-content\/uploads\/2018\/09\/Saurait-Briand-768x553.jpg 768w, http:\/\/montreux-vieux.net\/montreux-vieux.net\/wp-content\/uploads\/2018\/09\/Saurait-Briand-600x432.jpg 600w\" alt=\"\" width=\"1000\" height=\"720\"><\/a><\/p>\n<h5>Sources Livre \u00e9lectronique L\u2019Illustration n\u00b0 3739, auteur Various publi\u00e9 le 27\/8\/2017<\/h5>\n","protected":false},"excerpt":{"rendered":"<p>Deux ministres en octobre 1914 \u00e0 Montreux-Vieux Altmunsteroll redevenu Montreux-Vieux les anciens poteaux fronti\u00e8res allemands, sur la route et sur la voie ferr\u00e9e de Belfort \u00e0 Mulhouse repeints aux couleurs fran\u00e7aises. Monsieur Aristide Briand Garde des Sceaux et son coll\u00e8gue &hellip; <a href=\"https:\/\/montreux-vieux.net\/?page_id=11025\">Continuer la lecture <span class=\"meta-nav\">&rarr;<\/span><\/a><\/p>\n","protected":false},"author":1,"featured_media":0,"parent":12673,"menu_order":20,"comment_status":"closed","ping_status":"open","template":"","meta":{"footnotes":""},"class_list":["post-11025","page","type-page","status-publish","hentry"],"_links":{"self":[{"href":"https:\/\/montreux-vieux.net\/index.php?rest_route=\/wp\/v2\/pages\/11025","targetHints":{"allow":["GET"]}}],"collection":[{"href":"https:\/\/montreux-vieux.net\/index.php?rest_route=\/wp\/v2\/pages"}],"about":[{"href":"https:\/\/montreux-vieux.net\/index.php?rest_route=\/wp\/v2\/types\/page"}],"author":[{"embeddable":true,"href":"https:\/\/montreux-vieux.net\/index.php?rest_route=\/wp\/v2\/users\/1"}],"replies":[{"embeddable":true,"href":"https:\/\/montreux-vieux.net\/index.php?rest_route=%2Fwp%2Fv2%2Fcomments&post=11025"}],"version-history":[{"count":2,"href":"https:\/\/montreux-vieux.net\/index.php?rest_route=\/wp\/v2\/pages\/11025\/revisions"}],"predecessor-version":[{"id":13090,"href":"https:\/\/montreux-vieux.net\/index.php?rest_route=\/wp\/v2\/pages\/11025\/revisions\/13090"}],"up":[{"embeddable":true,"href":"https:\/\/montreux-vieux.net\/index.php?rest_route=\/wp\/v2\/pages\/12673"}],"wp:attachment":[{"href":"https:\/\/montreux-vieux.net\/index.php?rest_route=%2Fwp%2Fv2%2Fmedia&parent=11025"}],"curies":[{"name":"wp","href":"https:\/\/api.w.org\/{rel}","templated":true}]}}