{"id":11089,"date":"2018-09-24T17:05:38","date_gmt":"2018-09-24T16:05:38","guid":{"rendered":"http:\/\/montreux-vieux.net\/?page_id=11089"},"modified":"2019-01-02T13:37:16","modified_gmt":"2019-01-02T12:37:16","slug":"le-saviez-vous-un-montreusien-giovanoli-fritz-conseiller-detat-en-suisse","status":"publish","type":"page","link":"https:\/\/montreux-vieux.net\/?page_id=11089","title":{"rendered":"Le saviez-vous ? Un montreusien Giovanoli, Fritz, conseiller d&rsquo;Etat en Suisse"},"content":{"rendered":"<h3 style=\"line-height: 13.5pt; margin: 0cm 0cm 20.4pt; text-align: center; background: white;\">Le saviez-vous ? Un montreusien Giovanoli, Fritz, conseiller d&rsquo;Etat en Suisse<\/h3>\n<p style=\"text-align: center;\"><img loading=\"lazy\" decoding=\"async\" class=\"aligncenter size-full wp-image-11087\" src=\"http:\/\/montreux-vieux.net\/montreux-vieux.net\/wp-content\/uploads\/2018\/09\/ScreenShot1205.jpg\" alt=\"\" width=\"63\" height=\"94\"><\/p>\n<h4 style=\"line-height: 13.5pt; text-align: justify; background: white;\"><span style=\"font-size: 9.0pt; font-family: Verdana; color: black;\"><!-- [if gte vml 1]><v:shapetype id=\"_x0000_t75\"\n coordsize=\"21600,21600\" o:spt=\"75\" o:preferrelative=\"t\" path=\"m@4@5l@4@11@9@11@9@5xe\"\n filled=\"f\" stroked=\"f\">\n <v:stroke joinstyle=\"miter\"\/>\n <v:formulas>\n  <v:f eqn=\"if lineDrawn pixelLineWidth 0\"\/>\n  <v:f eqn=\"sum @0 1 0\"\/>\n  <v:f eqn=\"sum 0 0 @1\"\/>\n  <v:f eqn=\"prod @2 1 2\"\/>\n  <v:f eqn=\"prod @3 21600 pixelWidth\"\/>\n  <v:f eqn=\"prod @3 21600 pixelHeight\"\/>\n  <v:f eqn=\"sum @0 0 1\"\/>\n  <v:f eqn=\"prod @6 1 2\"\/>\n  <v:f eqn=\"prod @7 21600 pixelWidth\"\/>\n  <v:f eqn=\"sum @8 21600 0\"\/>\n  <v:f eqn=\"prod @7 21600 pixelHeight\"\/>\n  <v:f eqn=\"sum @10 21600 0\"\/>\n <\/v:formulas>\n <v:path o:extrusionok=\"f\" gradientshapeok=\"t\" o:connecttype=\"rect\"\/>\n <o:lock v:ext=\"edit\" aspectratio=\"t\"\/>\n<\/v:shapetype><v:shape id=\"_x0000_i1025\" type=\"#_x0000_t75\" alt=\"naissance\"\n style='width:8.25pt;height:8.25pt'>\n <v:imagedata src=\"file:\/\/\/C:\\DOCUME~1\\JEANMI~1\\LOCALS~1\\Temp\\msohtml1\\01\\clip_image001.gif\"\n  o:href=\"http:\/\/www.hls-dhs-dss.ch\/img\/nais.png\"\/>\n<\/v:shape><![endif]--><!-- [if !vml]-->N\u00e9l le&nbsp;<span class=\"apple-converted-space\">&nbsp;<\/span>16.3.1898 \u00e0 Montreux-Vieux (Alsace),<span class=\"apple-converted-space\">&nbsp;d\u00e9c\u00e9d\u00e9 le&nbsp;<\/span><span class=\"apple-converted-space\">&nbsp;<\/span>26.6.1964 \u00e0 Berne, de Frasnacht (aujourd&rsquo;hui. comm. Arbon). Fils d&rsquo;Adolf, commer\u00e7ant, et de Johanna Wassermann. &nbsp;Ecole r\u00e9ale sup\u00e9rieure de B\u00e2le (maturit\u00e9 en 1918), \u00e9tudes d&rsquo;\u00e9conomie politique aux universit\u00e9s de B\u00e2le et Berlin (doctorat en 1924). Secr\u00e9taire de direction des \u00e9ditions Hallwag \u00e0 Berne (1925-1929), puis chef statisticien \u00e0 l&rsquo;Office f\u00e9d\u00e9ral de la statistique (1929-1933), G. fut licenci\u00e9 en raison d&rsquo;un \u00e9crit critique sur le capital financier. Secr\u00e9taire du PS bernois (1933-1946), membre du Conseil de ville (l\u00e9gislatif) de Berne (1929-1946), d\u00e9put\u00e9 au Grand Conseil bernois (1934-1946), conseiller national (1938-1939, 1943-1946 et 1955-1963), conseiller d&rsquo;Etat (1946-1964, Communes et Sant\u00e9 publique). P\u00e9n\u00e9tr\u00e9 d&rsquo;id\u00e9ologie marxiste, situ\u00e9 \u00e0 l&rsquo;aile gauche du PS, G. milita dans les ann\u00e9es 1930 en faveur des r\u00e9publicains espagnols et contre le frontisme. Comme conseiller d&rsquo;Etat, il d\u00e9veloppa le syst\u00e8me hospitalier bernois, proposant \u00e9galement l&rsquo;introduction d&rsquo;un mod\u00e8le de sant\u00e9 publique d&rsquo;inspiration britannique. Durant la guerre froide, il fut de ceux qui pr\u00e9conisaient l&rsquo;ouverture de la Suisse, notamment en tant que fondateur et pr\u00e9sident du mouvement suisse contre l&rsquo;armement atomique.<\/span><\/h4>\n","protected":false},"excerpt":{"rendered":"<p>Le saviez-vous ? Un montreusien Giovanoli, Fritz, conseiller d&rsquo;Etat en Suisse N\u00e9l le&nbsp;&nbsp;16.3.1898 \u00e0 Montreux-Vieux (Alsace),&nbsp;d\u00e9c\u00e9d\u00e9 le&nbsp;&nbsp;26.6.1964 \u00e0 Berne, de Frasnacht (aujourd&rsquo;hui. comm. Arbon). Fils d&rsquo;Adolf, commer\u00e7ant, et de Johanna Wassermann. &nbsp;Ecole r\u00e9ale sup\u00e9rieure de B\u00e2le (maturit\u00e9 en 1918), \u00e9tudes &hellip; <a href=\"https:\/\/montreux-vieux.net\/?page_id=11089\">Continuer la lecture <span class=\"meta-nav\">&rarr;<\/span><\/a><\/p>\n","protected":false},"author":1,"featured_media":0,"parent":4091,"menu_order":40,"comment_status":"closed","ping_status":"open","template":"","meta":{"footnotes":""},"class_list":["post-11089","page","type-page","status-publish","hentry"],"_links":{"self":[{"href":"https:\/\/montreux-vieux.net\/index.php?rest_route=\/wp\/v2\/pages\/11089","targetHints":{"allow":["GET"]}}],"collection":[{"href":"https:\/\/montreux-vieux.net\/index.php?rest_route=\/wp\/v2\/pages"}],"about":[{"href":"https:\/\/montreux-vieux.net\/index.php?rest_route=\/wp\/v2\/types\/page"}],"author":[{"embeddable":true,"href":"https:\/\/montreux-vieux.net\/index.php?rest_route=\/wp\/v2\/users\/1"}],"replies":[{"embeddable":true,"href":"https:\/\/montreux-vieux.net\/index.php?rest_route=%2Fwp%2Fv2%2Fcomments&post=11089"}],"version-history":[{"count":2,"href":"https:\/\/montreux-vieux.net\/index.php?rest_route=\/wp\/v2\/pages\/11089\/revisions"}],"predecessor-version":[{"id":13332,"href":"https:\/\/montreux-vieux.net\/index.php?rest_route=\/wp\/v2\/pages\/11089\/revisions\/13332"}],"up":[{"embeddable":true,"href":"https:\/\/montreux-vieux.net\/index.php?rest_route=\/wp\/v2\/pages\/4091"}],"wp:attachment":[{"href":"https:\/\/montreux-vieux.net\/index.php?rest_route=%2Fwp%2Fv2%2Fmedia&parent=11089"}],"curies":[{"name":"wp","href":"https:\/\/api.w.org\/{rel}","templated":true}]}}