{"id":11112,"date":"2018-09-28T08:26:03","date_gmt":"2018-09-28T07:26:03","guid":{"rendered":"http:\/\/montreux-vieux.net\/?page_id=11112"},"modified":"2019-01-02T13:40:10","modified_gmt":"2019-01-02T12:40:10","slug":"le-saviez-vous-un-eveque-fils-dun-instituteur-de-montreux-vieux-marc-antoine-berdolet","status":"publish","type":"page","link":"https:\/\/montreux-vieux.net\/?page_id=11112","title":{"rendered":"Le saviez-vous ? Un Ev\u00eaque fils d\u2019un instituteur de Montreux-Vieux Marc Antoine Berdolet"},"content":{"rendered":"<h3 class=\"entry-title\" style=\"text-align: center;\">Le saviez-vous ? Un Ev\u00eaque fils d\u2019un instituteur de Montreux-Vieux Marc Antoine Berdolet<\/h3>\n<h3 style=\"text-align: center;\">\u00ab&nbsp;Primus aquisgranensis episcopus&nbsp;\u00bb<br \/>\nappel\u00e9 parfois \u00ab&nbsp;L\u2019opini\u00e2tre de Phaffans&nbsp;\u00bb<\/h3>\n<p><a href=\"http:\/\/montreux-vieux.net\/montreux-vieux.net\/wp-content\/uploads\/2018\/09\/ScreenShot1215.jpg\" target=\"_blank\" rel=\"noopener\"><img loading=\"lazy\" decoding=\"async\" class=\"aligncenter wp-image-11102 size-medium\" src=\"http:\/\/montreux-vieux.net\/montreux-vieux.net\/wp-content\/uploads\/2018\/09\/ScreenShot1215-192x300.jpg\" sizes=\"auto, (max-width: 192px) 100vw, 192px\" srcset=\"http:\/\/montreux-vieux.net\/montreux-vieux.net\/wp-content\/uploads\/2018\/09\/ScreenShot1215-192x300.jpg 192w, http:\/\/montreux-vieux.net\/montreux-vieux.net\/wp-content\/uploads\/2018\/09\/ScreenShot1215.jpg 299w\" alt=\"\" width=\"192\" height=\"300\"><\/a><\/p>\n<div class=\"entry-content\">\n<h4 style=\"text-align: justify;\">Marc Antoine Berdolet est issu d\u2019une famille originaire de l\u2019Aisne dont le grand-p\u00e8re Fran\u00e7ois est un salp\u00e9trier venu s\u2019installer \u00e0 Colmar et qui d\u00e9c\u00e9dera \u00e0 Montreux-Vieux (Haut-Rhin) en 1716.<\/h4>\n<h4 style=\"text-align: justify;\">Fran\u00e7ois eut deux fils, Antoine n\u00e9 en 1712, mort jeune et Jean Georges Michel n\u00e9 \u00e0 Colmar le 9 avril 1714.<\/h4>\n<h4 style=\"text-align: justify;\">Jean Georges Michel, apr\u00e8s ses \u00e9tudes chez les j\u00e9suites de Porrentruy, fut ma\u00eetre d\u2019\u00e9cole \u00e0 Montreux-Vieux, \u00e0 Rougemont-le- Ch\u00e2teau en 1739 puis \u00e0 Delle en 1740. Il se maria en 1738 avec Marie Jeanne Patois (1696-1768) ; Quatre enfants naquirent de cette union : Marc Antoine le 13 septembre 1740 \u00e0 Rougemont-le-Ch\u00e2teau, Fran\u00e7ois Nicolas, Marthe Marguerite (1746) et Marie-Jeanne (1749). Jean Georges Michel d\u00e9c\u00e8de \u00e0 Phaffans le 24 novembre 1790. Cela laisse supposer qu\u2019il vint vivre ses derniers jours avec son fils dans la maison curiale.<\/h4>\n<h4 style=\"text-align: justify;\">Marc Antoine fr\u00e9quenta le coll\u00e8ge de Porrentruy puis le s\u00e9minaire de Besan\u00e7on. Il devint surchantre de l\u2019\u00e9glise Saint Anatole de Salins-les-Bains dans le Jura. Le 9 avril 1767 il dit sa premi\u00e8re messe \u00e0 Besan\u00e7on.<\/h4>\n<h4 style=\"text-align: justify;\">Un abb\u00e9 de Lucelle lui obtint la cure de Phaffans o\u00f9 il arrive avec sa soeur Marie Jeanne le 27 janvier 1770. Il la quittera en 1796. Jean Pierre Courtot, le pr\u00eatre r\u00e9fractaire de Tr\u00e9tudans a fait fonction de vicaire \u00e0 Phaffans sous l\u2019autorit\u00e9 de Berdolet.<\/h4>\n<h4 style=\"text-align: justify;\">Sa cons\u00e9cration eut lieu dans l\u2019\u00e9glise des dominicains de Colmar le 15 ao\u00fbt1796 par Maudru, \u00e9v\u00eaque des Vosges, par Flavigny, \u00e9v\u00eaque de Haute-Sa\u00f4ne et Brendel \u00e9v\u00eaque du Bas-Rhin. Il fixa sa r\u00e9sidence \u00e0 Phaffans puis la transf\u00e9rera \u00e0 Soultz qui devint alors le si\u00e8ge de l\u2019\u00e9v\u00each\u00e9 de 1798 \u00e0 1802.<\/h4>\n<h4 style=\"text-align: justify;\">Pour organiser et asseoir ses fonctions Berdolet tint deux synodes en 1797 et 1801. D\u00e9missionnaire, Bonaparte le nommera, par les termes du Concordat, le 29 avril 1802 \u00e9v\u00eaque d\u2019Aix-la-Chapelle. Cette nomination ne sera ratifi\u00e9e par le Pape qu\u2019en 1805 !<\/h4>\n<h4 style=\"text-align: justify;\">Cet \u00e9v\u00each\u00e9 d\u00e9pendait de l\u2019archev\u00each\u00e9 de Mechlin et comprenait 79 paroisses de premi\u00e8re classe et 754 de seconde classe. Pour la plus grande part, Berdolet laissa la gestion de son dioc\u00e8se \u00e0 son vicaire g\u00e9n\u00e9ral Martin Wihelm Fonk.<\/h4>\n<h4 style=\"text-align: justify;\">Ce nouveau poste de Berdolet \u00e9tait tr\u00e8s p\u00e9nible, l\u2019organisation de son dioc\u00e8se lui co\u00fbtait beaucoup de travail et d\u2019ennuis. Il \u00e9tait souvent contrari\u00e9 dans ses bonnes intentions par son clerg\u00e9. Sa qualit\u00e9 de Fran\u00e7ais attisait leur m\u00e9fiance. Son patriotisme et ses mauvaises relations avec le Saint-Si\u00e8ge, surtout jusqu\u2019en 1805 contribu\u00e8rent \u00e0 augmenter la m\u00e9fiance de son entourage proche, si bien que plusieurs de ses mandements ne furent pas respect\u00e9s. Malgr\u00e9 cette situation d\u00e9licate, sa bont\u00e9 d\u2019\u00e2me et sa douceur lui gagn\u00e8rent la sympathie de ses dioc\u00e9sains.<\/h4>\n<h4 style=\"text-align: justify;\">En 1804 Berdolet offrit \u00e0 Napol\u00e9on le talisman de Charlemagne, cadeau du calife Haroun al Rachid. Ce bijou en or, \u00e9meraude, perles et saphirs contenant une \u00e9pine de la vraie Croix, a \u00e9t\u00e9 trouv\u00e9 au cou de l\u2019empereur quand il a \u00e9t\u00e9 exhum\u00e9, en 1166. (Cet objet pr\u00e9cieux est d\u00e9pos\u00e9 depuis 1919 au palais du Tau \u00e0 Reims). Par ce geste, il remerciait l\u2019empereur d\u2019avoir rendu \u00e0 l\u2019\u00e9glise d\u2019Aix-la-Chapelle les reliques qui lui avaient \u00e9t\u00e9 confisqu\u00e9es \u00e0 la R\u00e9volution. Dans un article du 3 ao\u00fbt 1906, le Frankfurter Zeitung raconte que l\u2019Imp\u00e9ratrice Jos\u00e9phine vint \u00e0 Aix-la-Chapelle \u00ab prendre les eaux \u00bb. Berdolet ne sut que faire pour lui plaire. Lorsqu\u2019il lui fit visiter le tr\u00e9sor de la cath\u00e9drale, il lui fit pr\u00e9sent \u00e0 cette occasion de nombreuses reliques et de vieux objets d\u2019art religieux. Parmi ces reliques figuraient les cheveux de la Vierge que Charlemagne portait toujours sur lui et un os du bras droit du vieil empereur. Le chapitre de la cath\u00e9drale tint longtemps secret ces cadeaux remis \u00e0 Jos\u00e9phine qui pass\u00e8rent, par h\u00e9ritage, dans les mains d\u2019Hortense, d\u2019Eug\u00e8ne et de Napol\u00e9on III.<\/h4>\n<h4 style=\"text-align: justify;\">Dans une tourn\u00e9e de confirmation, en 1808, il passa \u00e0 Cologne o\u00f9 il logea dans l\u2019ancien s\u00e9minaire. C\u2019est l\u00e0 qu\u2019il eut une h\u00e9morragie. Il se remit cependant, mais le 8 ao\u00fbt 1809 une nouvelle attaque lui causa sa mort cinq jours plus tard. Berdolet d\u00e9c\u00e8de le 13 ao\u00fbt 1809. Son c\u0153ur fut scell\u00e9 dans la cath\u00e9drale \u00e0 droite de l\u2019autel et enterr\u00e9 dans le cimeti\u00e8re d\u2019 Adalbertsteinweg d\u2019Aix-La-Chapelle. Il fut parmi les premiers \u00e0 recevoir la L\u00e9gion d\u2019Honneur.<\/h4>\n<h4 style=\"text-align: justify;\">Son successeur, vicaire g\u00e9n\u00e9ral de Meaux, n\u2019\u00e9tait qu\u2019administrateur et vicaire g\u00e9n\u00e9ral du dioc\u00e8se d\u2019Aix-la-Chapelle. Au commencement de l\u2019ann\u00e9e 1814 il dut prendre la fuite et mourut \u00e0 Paris peut apr\u00e8s. Le si\u00e8ge \u00e9piscopal ne fut plus occup\u00e9, puis l\u2019\u00e9v\u00each\u00e9 fut supprim\u00e9.<\/h4>\n<h4 style=\"text-align: justify;\">Aix-La-Chapelle n\u2019a jamais eu qu\u2019un seul \u00e9v\u00eaque, celui que Bonaparte avait nomm\u00e9 et que son \u00e9pitaphe qualifie \u00ab primus aquisgranensis episcopus \u00bb (premier \u00e9v\u00eaque d\u2019Aix-la-Chapelle).<\/h4>\n<h4 style=\"text-align: justify;\">Le 6 f\u00e9vrier 1791, Berdolet pr\u00eata serment \u00e0 la Constitution civile et celui \u00e0 la Libert\u00e9-\u00c9galit\u00e9. Ses adversaires le nomm\u00e8rent \u00ab l\u2019opini\u00e2tre de Phaffans \u00bb. Pendant l\u2019affaire d\u2019Hirsingue*, il est lui aussi incarc\u00e9r\u00e9 \u00e0 la citadelle de Besan\u00e7on du 28 juillet au 11 ao\u00fbt 1794. Il finira par pr\u00eater serment le 11 Prairial an III (30 mai 1795). Berdolet devint membre du presbyt\u00e8re du Haut-Rhin (1795-1796) puis \u00e9v\u00eaque constitutionnel.<\/h4>\n<h5>Source:&nbsp;http:\/\/phaffans.com\/wp\/?page_id=126<\/h5>\n<\/div>\n","protected":false},"excerpt":{"rendered":"<p>Le saviez-vous ? Un Ev\u00eaque fils d\u2019un instituteur de Montreux-Vieux Marc Antoine Berdolet \u00ab&nbsp;Primus aquisgranensis episcopus&nbsp;\u00bb appel\u00e9 parfois \u00ab&nbsp;L\u2019opini\u00e2tre de Phaffans&nbsp;\u00bb Marc Antoine Berdolet est issu d\u2019une famille originaire de l\u2019Aisne dont le grand-p\u00e8re Fran\u00e7ois est un salp\u00e9trier venu s\u2019installer &hellip; <a href=\"https:\/\/montreux-vieux.net\/?page_id=11112\">Continuer la lecture <span class=\"meta-nav\">&rarr;<\/span><\/a><\/p>\n","protected":false},"author":1,"featured_media":0,"parent":13028,"menu_order":16,"comment_status":"closed","ping_status":"open","template":"","meta":{"footnotes":""},"class_list":["post-11112","page","type-page","status-publish","hentry"],"_links":{"self":[{"href":"https:\/\/montreux-vieux.net\/index.php?rest_route=\/wp\/v2\/pages\/11112","targetHints":{"allow":["GET"]}}],"collection":[{"href":"https:\/\/montreux-vieux.net\/index.php?rest_route=\/wp\/v2\/pages"}],"about":[{"href":"https:\/\/montreux-vieux.net\/index.php?rest_route=\/wp\/v2\/types\/page"}],"author":[{"embeddable":true,"href":"https:\/\/montreux-vieux.net\/index.php?rest_route=\/wp\/v2\/users\/1"}],"replies":[{"embeddable":true,"href":"https:\/\/montreux-vieux.net\/index.php?rest_route=%2Fwp%2Fv2%2Fcomments&post=11112"}],"version-history":[{"count":2,"href":"https:\/\/montreux-vieux.net\/index.php?rest_route=\/wp\/v2\/pages\/11112\/revisions"}],"predecessor-version":[{"id":13333,"href":"https:\/\/montreux-vieux.net\/index.php?rest_route=\/wp\/v2\/pages\/11112\/revisions\/13333"}],"up":[{"embeddable":true,"href":"https:\/\/montreux-vieux.net\/index.php?rest_route=\/wp\/v2\/pages\/13028"}],"wp:attachment":[{"href":"https:\/\/montreux-vieux.net\/index.php?rest_route=%2Fwp%2Fv2%2Fmedia&parent=11112"}],"curies":[{"name":"wp","href":"https:\/\/api.w.org\/{rel}","templated":true}]}}