{"id":11130,"date":"2018-10-01T08:25:26","date_gmt":"2018-10-01T07:25:26","guid":{"rendered":"http:\/\/montreux-vieux.net\/?page_id=11130"},"modified":"2019-01-02T13:23:00","modified_gmt":"2019-01-02T12:23:00","slug":"on-pouvait-lire-deces-de-joseph-wetzel-ingenieur-electricien","status":"publish","type":"page","link":"https:\/\/montreux-vieux.net\/?page_id=11130","title":{"rendered":"On pouvait lire: D\u00e9c\u00e8s de Joseph Wetzel ing\u00e9nieur \u00e9lectricien"},"content":{"rendered":"<h3 style=\"text-align: center;\">D\u00e9c\u00e8s de Joseph Wetzel ing\u00e9nieur \u00e9lectricien<\/h3>\n<p style=\"text-align: center;\"><a href=\"http:\/\/montreux-vieux.net\/montreux-vieux.net\/wp-content\/uploads\/2018\/10\/ScreenShot1214.jpg\" target=\"_blank\" rel=\"noopener\"><img loading=\"lazy\" decoding=\"async\" class=\"aligncenter wp-image-11128 size-full\" src=\"http:\/\/montreux-vieux.net\/montreux-vieux.net\/wp-content\/uploads\/2018\/10\/ScreenShot1214.jpg\" alt=\"\" width=\"171\" height=\"208\"><\/a><\/p>\n<h4>Joseph Georges Marc WETZEL N\u00e9 le 4 avril 1880 &#8211; Montreux-Vieux (Alt M\u00fcnsterol) D\u00e9c\u00e9d\u00e9 le 20 septembre 1938 &#8211; Metz, 57000, Moselle, Lorraine, FRANCE , \u00e0 l\u2019\u00e2ge de 58 ans ing\u00e9nieur \u00e9lectricien (1905),<\/h4>\n","protected":false},"excerpt":{"rendered":"<p>D\u00e9c\u00e8s de Joseph Wetzel ing\u00e9nieur \u00e9lectricien Joseph Georges Marc WETZEL N\u00e9 le 4 avril 1880 &#8211; Montreux-Vieux (Alt M\u00fcnsterol) D\u00e9c\u00e9d\u00e9 le 20 septembre 1938 &#8211; Metz, 57000, Moselle, Lorraine, FRANCE , \u00e0 l\u2019\u00e2ge de 58 ans ing\u00e9nieur \u00e9lectricien (1905),<\/p>\n","protected":false},"author":1,"featured_media":0,"parent":13095,"menu_order":18,"comment_status":"closed","ping_status":"open","template":"","meta":{"footnotes":""},"class_list":["post-11130","page","type-page","status-publish","hentry"],"_links":{"self":[{"href":"https:\/\/montreux-vieux.net\/index.php?rest_route=\/wp\/v2\/pages\/11130","targetHints":{"allow":["GET"]}}],"collection":[{"href":"https:\/\/montreux-vieux.net\/index.php?rest_route=\/wp\/v2\/pages"}],"about":[{"href":"https:\/\/montreux-vieux.net\/index.php?rest_route=\/wp\/v2\/types\/page"}],"author":[{"embeddable":true,"href":"https:\/\/montreux-vieux.net\/index.php?rest_route=\/wp\/v2\/users\/1"}],"replies":[{"embeddable":true,"href":"https:\/\/montreux-vieux.net\/index.php?rest_route=%2Fwp%2Fv2%2Fcomments&post=11130"}],"version-history":[{"count":2,"href":"https:\/\/montreux-vieux.net\/index.php?rest_route=\/wp\/v2\/pages\/11130\/revisions"}],"predecessor-version":[{"id":13285,"href":"https:\/\/montreux-vieux.net\/index.php?rest_route=\/wp\/v2\/pages\/11130\/revisions\/13285"}],"up":[{"embeddable":true,"href":"https:\/\/montreux-vieux.net\/index.php?rest_route=\/wp\/v2\/pages\/13095"}],"wp:attachment":[{"href":"https:\/\/montreux-vieux.net\/index.php?rest_route=%2Fwp%2Fv2%2Fmedia&parent=11130"}],"curies":[{"name":"wp","href":"https:\/\/api.w.org\/{rel}","templated":true}]}}