{"id":11146,"date":"2018-10-01T16:22:00","date_gmt":"2018-10-01T15:22:00","guid":{"rendered":"http:\/\/montreux-vieux.net\/?page_id=11146"},"modified":"2019-01-02T11:06:48","modified_gmt":"2019-01-02T10:06:48","slug":"carnets-de-guerre-de-louis-lecomte-chef-de-piece-au-32e-regiment-dartillerie-ce-quil-a-note-en-passant-a-montreux-vieux","status":"publish","type":"page","link":"https:\/\/montreux-vieux.net\/?page_id=11146","title":{"rendered":"Carnets de guerre de Louis LECOMTE, Chef de pi\u00e8ce au 32e\u00a0r\u00e9giment d\u2019artillerie, ce qu\u2019il a not\u00e9 en passant \u00e0 Montreux-Vieux"},"content":{"rendered":"<h3 style=\"text-align: center;\">Carnets de guerre de Louis LECOMTE, Chef de pi\u00e8ce au 32e&nbsp;r\u00e9giment d\u2019artillerie, ce qu\u2019il a not\u00e9 en passant \u00e0 Montreux-Vieux<\/h3>\n<p style=\"text-align: center;\"><a href=\"http:\/\/montreux-vieux.net\/montreux-vieux.net\/wp-content\/uploads\/2018\/10\/ScreenShot1234.jpg\" target=\"_blank\" rel=\"noopener\"><img loading=\"lazy\" decoding=\"async\" class=\"aligncenter wp-image-11143 size-full\" src=\"http:\/\/montreux-vieux.net\/montreux-vieux.net\/wp-content\/uploads\/2018\/10\/ScreenShot1234.jpg\" alt=\"\" width=\"241\" height=\"340\" srcset=\"https:\/\/montreux-vieux.net\/montreux-vieux.net\/wp-content\/uploads\/2018\/10\/ScreenShot1234.jpg 241w, https:\/\/montreux-vieux.net\/montreux-vieux.net\/wp-content\/uploads\/2018\/10\/ScreenShot1234-213x300.jpg 213w\" sizes=\"auto, (max-width: 241px) 100vw, 241px\" \/><\/a><\/p>\n<h4 style=\"text-align: justify;\">Le 32e r\u00e9giment d\u2019artillerie est compos\u00e9 de 3&nbsp;groupes d\u2019artillerie, compos\u00e9 eux-m\u00eames de 3&nbsp;batteries de canons&nbsp;(batteries, num\u00e9rot\u00e9es de 1 \u00e0 9, de 4 canons), environ 1500 hommes.&nbsp;Il est compos\u00e9 aussi d\u2019un parc d\u2019artillerie qui regroupe 2 sections de munitions d\u2019infanterie et 3 sections de munitions d\u2019artillerie.&nbsp;Chaque groupe et le parc est command\u00e9 chacun par un petit \u00e9tat-major. L\u2019\u00e9tat-major du r\u00e9giment est compos\u00e9, lui, de 7 officiers dont le colonel JULLIAN, commandant le r\u00e9giment.&nbsp;Le r\u00e9giment est bas\u00e9 \u00e0 Orl\u00e9ans et Fontainebleau et est l\u2019artillerie de la 38e division d\u2019infanterie.&nbsp;Louis LECOMTE est chef de pi\u00e8ce \u00e0 la 9e batterie (3e groupe)<\/h4>\n<h4 style=\"text-align: justify;\">Lundi 23 septembre 1918&nbsp;Pluie.\u00c0 6h30 l\u2019EM&nbsp;(*)&nbsp;quitte&nbsp;<u>Allenjoie.<\/u>.Je ramasse mes lettres de&nbsp;<u>Vourvenans<\/u>&nbsp;de bonne heure et pars&nbsp;vers 11 heures. Itin\u00e9raire&nbsp;:&nbsp;<u>Allenjoie<\/u>,&nbsp;<u>Fesches-le Ch\u00e2tel,<\/u>&nbsp;<u>M\u00e9zir\u00e9<\/u>,&nbsp;<u>Morvillars,<\/u>&nbsp;<u>Grandvillars<\/u>&nbsp;(o\u00f9 j\u2019exp\u00e9die mon courrier par la poste civile)&nbsp;<u>Boron<\/u>,&nbsp;<u>Vellescot<\/u>, Chavannes-les-&nbsp;<u>Grands<\/u>.&nbsp;Par suite d\u2019un malentendu, il me faut aller \u00e0&nbsp;<u>Chavannes-sur-l\u2019Etang<\/u>&nbsp;pour trouver mon courrier&nbsp;!&nbsp;Aucun \u00e9l\u00e9ment du 32<sup>e \u00e0<\/sup>&nbsp;<u>Chavannes-les-Grands<\/u>&nbsp;!&nbsp;<u>Magny,<\/u>&nbsp;<u>Montreux Jeune<\/u>,&nbsp;<u>Montreux-Vieux<\/u>,&nbsp;<u>Chavannes l\u2019\u00c9tang<\/u>, o\u00f9 je n\u2019arrive qu\u2019en fin de journ\u00e9e, apr\u00e8s avoir fait une belle \u00e9tape. Courrier. Je cantonne \u00e0&nbsp;<u>Montreux-Jeune<\/u>&nbsp;avec le T.R. arriv\u00e9 l\u00e0 depuis le matin. La pluie tombe sans arr\u00eat depuis hier&nbsp;!<\/h4>\n<h4 style=\"text-align: justify;\">(*)&nbsp;: EC = \u00c9tat-major<\/h4>\n<h4 style=\"text-align: justify;\">Mardi 24 septembre 1918&nbsp;Pluie. Je vais chercher mon courrier \u00e0 partir aux \u00e9chelons.&nbsp;8<sup>e<\/sup>&nbsp;brigade bois de&nbsp;<u>Lutran<\/u>, EM et PC&nbsp;<u>Manspach<\/u>&nbsp;; 7<sup>e<\/sup>&nbsp;et 9<sup>e<\/sup>&nbsp;\u00e0&nbsp;<u>St-L\u00e9ger<\/u>&nbsp;8 km de&nbsp;<u>Montreux-le-Jeune<\/u>&nbsp;o\u00f9 la CR arrive dans la matin\u00e9e. Courrier \u00e0 la Poste \u00e0&nbsp;<u>Petit-Croix<\/u>, 5km 500 au-del\u00e0 de&nbsp;<u>Montreux-le-Jeune<\/u>.&nbsp;Itin\u00e9raire&nbsp;:&nbsp;<u>Montreux-le-Vieux<\/u>,&nbsp;<u>Montreux-le-Ch\u00e2teau<\/u>&nbsp;et&nbsp;<u>Petit-Croix<\/u>.&nbsp;\u00c0 13h30, je distribue mon courrier aux \u00e9chelons, et rapporte mon courrier \u00e0 partir.&nbsp;Depuis midi, la pluie a enfin cess\u00e9&nbsp;!<\/h4>\n<h4 style=\"text-align: justify;\">Mercredi 25 septembre 1918&nbsp;Assez beau. Courrier \u00e0&nbsp;<u>Petit-Croix<\/u>, ce qui me fournit l\u2019occasion de repasser la fronti\u00e8re&nbsp;!&nbsp;<u>Petit-Croix<\/u>&nbsp;est le dernier village fran\u00e7ais&nbsp;!<u> Montreux-Jeune<\/u>. Village intact comme tous les pays de la r\u00e9gion, assez vivant. Toute la population est l\u00e0. Bon accueil et cantonnements assez bons. Tous les chevaux sont \u00e0 l\u2019abri. Les hommes sont assez bien. Quelques jolies vues surtout vers les montagnes (Vosges). Station de chemins de fers \u00e0&nbsp;<u>Montreux-Vieux<\/u>, ancienne gare fronti\u00e8re, canal du Rh\u00f4ne au Rhin.&nbsp;Vieilles habitations mais propres, surtout ext\u00e9rieurement. Les gens semblent \u00e9galement tr\u00e8s propres.&nbsp;Quelques-uns ne parlent pas fran\u00e7ais.<\/h4>\n<p style=\"text-align: center;\"><a href=\"http:\/\/montreux-vieux.net\/montreux-vieux.net\/wp-content\/uploads\/2018\/10\/ScreenShot1233.jpg\" target=\"_blank\" rel=\"noopener\"><img loading=\"lazy\" decoding=\"async\" class=\"aligncenter wp-image-11144 size-full\" src=\"http:\/\/montreux-vieux.net\/montreux-vieux.net\/wp-content\/uploads\/2018\/10\/ScreenShot1233.jpg\" alt=\"\" width=\"308\" height=\"259\" srcset=\"https:\/\/montreux-vieux.net\/montreux-vieux.net\/wp-content\/uploads\/2018\/10\/ScreenShot1233.jpg 308w, https:\/\/montreux-vieux.net\/montreux-vieux.net\/wp-content\/uploads\/2018\/10\/ScreenShot1233-300x252.jpg 300w\" sizes=\"auto, (max-width: 308px) 100vw, 308px\" \/><\/a><\/p>\n<h4 style=\"text-align: justify;\">Jeudi 26&nbsp;Beau. Courrier comme pr\u00e9c\u00e9demment. Secteur de tout repos. On n\u2019entend pas un coup d\u2019canon !<\/h4>\n<h4 style=\"text-align: justify;\">Vendredi 27&nbsp;Couvert. Rien de particulier. La nuit derni\u00e8re, quelques avions boches dans la r\u00e9gion.<\/h4>\n<h4 style=\"text-align: justify;\">Samedi 28&nbsp;Pluvieux. Rien de particulier dans le secteur.<\/h4>\n<h4 style=\"text-align: justify;\">Dimanche 29&nbsp;Beau. En distribuant mon courrier je pousse jusqu\u2019\u00e0 Dannemarie, 1800 m de Manspach. Tr\u00e8s gentil pays, assez commer\u00e7ant. Beaucoup de promeneurs. Quelques concerts militaires dans plusieurs villages.<\/h4>\n<h4 style=\"text-align: justify;\">Lundi 30&nbsp;Assez beau. Rien \u00e0 noter<\/h4>\n<p><!--more--><\/p>\n<h4 style=\"text-align: justify;\">Mardi 1er octobre 1918. Assez beau. Notre secteur reste calme. Rien de particulier \u00e0 noter.<\/h4>\n<h4 style=\"text-align: justify;\">Mercredi 2&nbsp;Assez beau, rien de particulier.<\/h4>\n<h4 style=\"text-align: justify;\">Jeudi 3&nbsp;Pluvieux. Nous continuerons notre bonne vie de bourgeois !<\/h4>\n<h4 style=\"text-align: justify;\">Vendredi 4&nbsp;Assez beau, rien de particulier.<\/h4>\n<h4 style=\"text-align: justify;\">Samedi 5&nbsp;Beau, rien \u00e0 noter.<\/h4>\n<h4 style=\"text-align: justify;\">Dimanche 6&nbsp;Beau. Rien de chang\u00e9 dans notre secteur, le calme subsiste.&nbsp;Seule, une \u00e9pid\u00e9mie de grippe provoque depuis quelques jours de nombreuses \u00e9vacuations.<\/h4>\n<h4 style=\"text-align: justify;\">Lundi 7&nbsp;Beau, rien de particulier \u00e0 noter.<\/h4>\n<h4 style=\"text-align: justify;\">Mardi 8&nbsp;Pluvieux, rien de particulier.<\/h4>\n<h4 style=\"text-align: justify;\">Mercredi 9&nbsp;Assez beau. Secteur toujours aussi calme, continuons notre vie de bourgeois !<\/h4>\n<h4 style=\"text-align: justify;\">Jeudi 10&nbsp;Beau Rien \u00e0 noter.<\/h4>\n<h4 style=\"text-align: justify;\">Vendredi 11&nbsp;Assez beau. Rien de particulier.<\/h4>\n<h4 style=\"text-align: justify;\">Samedi 12Assez beau. Aucun changement dans notre secteur.<\/h4>\n<h4 style=\"text-align: justify;\">Dimanche 13 Couvert et brumeux. Visite aux \u00e9glises de Petit-Croix et Montreux-Vieux. Rien \u00e0 noter.<\/h4>\n<h4 style=\"text-align: justify;\">Lundi 14 Brumeux. Rien de particulier.<\/h4>\n<h4 style=\"text-align: justify;\">Mardi 15 Pluvieux. Situation sans changement.<\/h4>\n<h4 style=\"text-align: justify;\">Mercredi 16 Assez beau. Rien \u00e0 noter.<\/h4>\n<h4 style=\"text-align: justify;\">Jeudi 17. Beau. Rien de particulier.<\/h4>\n<h4 style=\"text-align: justify;\">Vendredi 18. Assez beau. Rien \u00e0 noter.<\/h4>\n<h4 style=\"text-align: justify;\">Samedi 19 Pluvieux. La 7e brigade a \u00e9t\u00e9 relev\u00e9e hier soir. Toute la batterie en cantonnement \u00e0 Dannemarie. \u00c9chelon 9e brigade \u00e0 Altenach. 8e brigade relev\u00e9e aujourd\u2019hui, cantonnement, y compris l\u2019\u00e9chelon, \u00e0 Dannemarie.<\/h4>\n<h4 style=\"text-align: justify;\">Dimanche 20&nbsp;Le matin pluie, beau temps l\u2019apr\u00e8s-midi. \u00c0 9h30, je vais \u00e0 la messe \u00e0 Montreux-Jeune.<\/h4>\n<h4 style=\"text-align: justify;\">Lundi 21 Beau. Rien de particulier. Bruits de d\u00e9parts.<\/h4>\n<h4 style=\"text-align: justify;\">Mardi 22 Assez beau. Le groupe est d\u00e9sign\u00e9 pour aller effectuer des tirs pr\u00e8s de Belfort.<\/h4>\n<h4 style=\"text-align: justify;\">Mercredi 23 Assez beau. Nous quittons Montreux-Jeune demain matin, pour Bavilliers.<\/h4>\n<h4 style=\"text-align: justify;\">Jeudi 24 Pluvieux. Je pars \u00e0 6 heures. Itin\u00e9raire : Montreux-Vieux, Montreux-Ch\u00e2teau, Bretagne, Grosne, Boron, Granvillars. Poste et courrier. Morvillars, Moval, Sevenans, Danjoutin, Bavilliers, (EM) Buc (8e brigade), Urcerey (7e brigade), Argl\u00e9sans<\/h4>\n","protected":false},"excerpt":{"rendered":"<p>Carnets de guerre de Louis LECOMTE, Chef de pi\u00e8ce au 32e&nbsp;r\u00e9giment d\u2019artillerie, ce qu\u2019il a not\u00e9 en passant \u00e0 Montreux-Vieux Le 32e r\u00e9giment d\u2019artillerie est compos\u00e9 de 3&nbsp;groupes d\u2019artillerie, compos\u00e9 eux-m\u00eames de 3&nbsp;batteries de canons&nbsp;(batteries, num\u00e9rot\u00e9es de 1 \u00e0 9, &hellip; <a href=\"https:\/\/montreux-vieux.net\/?page_id=11146\">Continuer la lecture <span class=\"meta-nav\">&rarr;<\/span><\/a><\/p>\n","protected":false},"author":1,"featured_media":0,"parent":12673,"menu_order":58,"comment_status":"closed","ping_status":"open","template":"","meta":{"footnotes":""},"class_list":["post-11146","page","type-page","status-publish","hentry"],"_links":{"self":[{"href":"https:\/\/montreux-vieux.net\/index.php?rest_route=\/wp\/v2\/pages\/11146","targetHints":{"allow":["GET"]}}],"collection":[{"href":"https:\/\/montreux-vieux.net\/index.php?rest_route=\/wp\/v2\/pages"}],"about":[{"href":"https:\/\/montreux-vieux.net\/index.php?rest_route=\/wp\/v2\/types\/page"}],"author":[{"embeddable":true,"href":"https:\/\/montreux-vieux.net\/index.php?rest_route=\/wp\/v2\/users\/1"}],"replies":[{"embeddable":true,"href":"https:\/\/montreux-vieux.net\/index.php?rest_route=%2Fwp%2Fv2%2Fcomments&post=11146"}],"version-history":[{"count":2,"href":"https:\/\/montreux-vieux.net\/index.php?rest_route=\/wp\/v2\/pages\/11146\/revisions"}],"predecessor-version":[{"id":13286,"href":"https:\/\/montreux-vieux.net\/index.php?rest_route=\/wp\/v2\/pages\/11146\/revisions\/13286"}],"up":[{"embeddable":true,"href":"https:\/\/montreux-vieux.net\/index.php?rest_route=\/wp\/v2\/pages\/12673"}],"wp:attachment":[{"href":"https:\/\/montreux-vieux.net\/index.php?rest_route=%2Fwp%2Fv2%2Fmedia&parent=11146"}],"curies":[{"name":"wp","href":"https:\/\/api.w.org\/{rel}","templated":true}]}}