{"id":11178,"date":"2018-10-05T13:42:15","date_gmt":"2018-10-05T12:42:15","guid":{"rendered":"http:\/\/montreux-vieux.net\/?page_id=11178"},"modified":"2023-01-08T14:28:56","modified_gmt":"2023-01-08T13:28:56","slug":"demande-de-reparation-dun-citoyen-montreusien-albino-bonato-pour-une-famille-se-trouvant-en-italie","status":"publish","type":"page","link":"https:\/\/montreux-vieux.net\/?page_id=11178","title":{"rendered":"Demande de r\u00e9paration d\u2019un citoyen montreusien (Albino Bonato) pour une famille se trouvant en Italie"},"content":{"rendered":"\n<h3 class=\"wp-block-heading\">Demande de r\u00e9paration d\u2019un citoyen montreusien (Albino Bonato) pour une famille se trouvant en Italie<\/h3>\n\n\n\n<h4 class=\"wp-block-heading\">Lorsque de Montreux-Vieux (France) M. Albino Bonato adresse une lettre au cur\u00e9 de Lorregia (Italie) pour l\u2019accus\u00e9 de la ruine de &nbsp;la famille Salvalaggio de Lorregia l\u2019\u00e9v\u00eaque Mgr Longhin lui a r\u00e9pondu que des reproches&nbsp; ont \u00e9t\u00e9 faites au cur\u00e9 et l\u2019exhorte \u00e0 r\u00e9parer les dommages caus\u00e9s \u00e0 cette famille.<\/h4>\n\n\n<div class=\"wp-block-image\">\n<figure class=\"aligncenter size-full is-resized\"><img loading=\"lazy\" decoding=\"async\" src=\"https:\/\/montreux-vieux.net\/montreux-vieux.net\/wp-content\/uploads\/2023\/01\/ScreenShot1252.jpg\" alt=\"\" class=\"wp-image-25875\" width=\"421\" height=\"464\"\/><\/figure>\n<\/div>\n\n\n<p class=\"has-text-align-center\">\u00a0<\/p>\n\n\n\n<h4 class=\"wp-block-heading\">(voir les courriers)<\/h4>\n\n\n\n<h3 class=\"wp-block-heading\">&nbsp;<strong>lettre d&rsquo;Albino Bonato<\/strong><\/h3>\n\n\n\n<h4 class=\"wp-block-heading\"><strong>Date:<\/strong>&nbsp;Montreux Vieux (France), 1931 corne.&nbsp;5<br>avec doc.&nbsp;\u00e0 partir de 1931, juin&nbsp;28, suivi de 1931, juillet.<\/h4>\n\n\n\n<h4 class=\"wp-block-heading\">Nous transmettons une lettre de Don Bruno Fraccaro, cur\u00e9 de la paroisse de Loreggia (28 juin 1931), l&rsquo;accusation d&rsquo;\u00eatre responsable de la ruine \u00e9conomique d&rsquo;une famille de Loreggia, et nous lui demandons d&rsquo;intervenir.&nbsp;En bas, une annotation d\u00e9dicac\u00e9e de Mgr Longhin (24 juillet 1931), dans laquelle il s&rsquo;assure qu&rsquo;il a d\u00e9j\u00e0 rappel\u00e9 le cur\u00e9 de la paroisse.<\/h4>\n\n\n\n<h4 class=\"wp-block-heading\">Lettre \u00e0 Albino Bonato<\/h4>\n\n\n\n<h4 class=\"wp-block-heading\"><strong>Date:<\/strong>&nbsp;Tr\u00e9vise, 1931 juillet&nbsp;24<\/h4>\n\n\n\n<h4 class=\"wp-block-heading\">Il informe sur le reproche adress\u00e9 au cur\u00e9 de la paroisse de Loreggia et exhorte \u00e0 r\u00e9parer les dommages caus\u00e9s \u00e0 la famille Salvalaggio.<\/h4>\n","protected":false},"excerpt":{"rendered":"<p>Demande de r\u00e9paration d\u2019un citoyen montreusien (Albino Bonato) pour une famille se trouvant en Italie Lorsque de Montreux-Vieux (France) M. Albino Bonato adresse une lettre au cur\u00e9 de Lorregia (Italie) pour l\u2019accus\u00e9 de la ruine de &nbsp;la famille Salvalaggio de &hellip; <a href=\"https:\/\/montreux-vieux.net\/?page_id=11178\">Continuer la lecture <span class=\"meta-nav\">&rarr;<\/span><\/a><\/p>\n","protected":false},"author":1,"featured_media":0,"parent":13095,"menu_order":10,"comment_status":"closed","ping_status":"open","template":"","meta":{"footnotes":""},"class_list":["post-11178","page","type-page","status-publish","hentry"],"_links":{"self":[{"href":"https:\/\/montreux-vieux.net\/index.php?rest_route=\/wp\/v2\/pages\/11178","targetHints":{"allow":["GET"]}}],"collection":[{"href":"https:\/\/montreux-vieux.net\/index.php?rest_route=\/wp\/v2\/pages"}],"about":[{"href":"https:\/\/montreux-vieux.net\/index.php?rest_route=\/wp\/v2\/types\/page"}],"author":[{"embeddable":true,"href":"https:\/\/montreux-vieux.net\/index.php?rest_route=\/wp\/v2\/users\/1"}],"replies":[{"embeddable":true,"href":"https:\/\/montreux-vieux.net\/index.php?rest_route=%2Fwp%2Fv2%2Fcomments&post=11178"}],"version-history":[{"count":4,"href":"https:\/\/montreux-vieux.net\/index.php?rest_route=\/wp\/v2\/pages\/11178\/revisions"}],"predecessor-version":[{"id":25876,"href":"https:\/\/montreux-vieux.net\/index.php?rest_route=\/wp\/v2\/pages\/11178\/revisions\/25876"}],"up":[{"embeddable":true,"href":"https:\/\/montreux-vieux.net\/index.php?rest_route=\/wp\/v2\/pages\/13095"}],"wp:attachment":[{"href":"https:\/\/montreux-vieux.net\/index.php?rest_route=%2Fwp%2Fv2%2Fmedia&parent=11178"}],"curies":[{"name":"wp","href":"https:\/\/api.w.org\/{rel}","templated":true}]}}