{"id":11199,"date":"2018-10-07T16:02:31","date_gmt":"2018-10-07T15:02:31","guid":{"rendered":"http:\/\/montreux-vieux.net\/?page_id=11199"},"modified":"2019-01-02T11:11:47","modified_gmt":"2019-01-02T10:11:47","slug":"on-pouvait-lire-didierjean-jean-paul-interroge-par-la-gestapo-a-montreux-vieux","status":"publish","type":"page","link":"https:\/\/montreux-vieux.net\/?page_id=11199","title":{"rendered":"On pouvait lire: DIDIERJEAN Jean-Paul interrog\u00e9 par la Gestapo \u00e0 Montreux-Vieux"},"content":{"rendered":"<h3 style=\"text-align: center;\">On pouvait lire: DIDIERJEAN Jean-Paul interrog\u00e9 par la Gestapo \u00e0 Montreux-Vieux<\/h3>\n<p style=\"text-align: center;\"><a href=\"http:\/\/montreux-vieux.net\/montreux-vieux.net\/wp-content\/uploads\/2018\/10\/ScreenShot1257.jpg\" target=\"_blank\" rel=\"noopener\"><img loading=\"lazy\" decoding=\"async\" class=\"aligncenter wp-image-11197 size-medium\" src=\"http:\/\/montreux-vieux.net\/montreux-vieux.net\/wp-content\/uploads\/2018\/10\/ScreenShot1257-228x300.jpg\" alt=\"\" width=\"228\" height=\"300\" srcset=\"https:\/\/montreux-vieux.net\/montreux-vieux.net\/wp-content\/uploads\/2018\/10\/ScreenShot1257-228x300.jpg 228w, https:\/\/montreux-vieux.net\/montreux-vieux.net\/wp-content\/uploads\/2018\/10\/ScreenShot1257.jpg 434w\" sizes=\"auto, (max-width: 228px) 100vw, 228px\" \/><\/a><\/p>\n<h4 style=\"text-align: justify;\">DIDIERJEAN Jean-Paul&nbsp;N\u00e9 le 26 avril 1923 \u00e0 Marckolsheim (Haut Rhin)<\/h4>\n<h4 style=\"text-align: justify;\">&nbsp;D\u00e8s octobre 1940, \u00e2g\u00e9 de 17 ans, apr\u00e8s son retour forc\u00e9 en Alsace annex\u00e9e \u00e0 l\u2019Allemagne, apr\u00e8s avoir \u00e9t\u00e9 \u00e9vacu\u00e9 en Dordogne avec ses parents en septembre 1939, il s\u2019est imm\u00e9diatement fait remarquer par son attitude antiallemande et antinazie. Fanatique francophile, il a r\u00e9sist\u00e9 par tous les moyens \u00e0 la germanisation de l\u2019Alsace. Rejetant toute collaboration avec les nazis, il a imm\u00e9diatement refus\u00e9 d\u2019adh\u00e9rer \u00ab&nbsp;aux jeunesses hitl\u00e9riennes&nbsp;\u00bb, malgr\u00e9 les menaces et les pressions de l\u2019occupant. En repr\u00e9sailles, il lui a \u00e9t\u00e9 interdit d\u2019exercer le m\u00e9tier de boulanger qu\u2019il avait appris en Dordogne. Ayant refus\u00e9 d\u2019aller travailler en Allemagne, il a imm\u00e9diatement \u00e9t\u00e9 requis par les autorit\u00e9s allemandes et oblig\u00e9 de travailler comme man\u0153uvre \u00e0 la r\u00e9fection du pont du canal du Rh\u00f4ne au Rhin situ\u00e9 entre Marckolsheim et Heidolsheim, travail qui se faisait sous la surveillance de l\u2019organisation nazie \u00ab&nbsp;Todt&nbsp;\u00bb. Tout en effectuant son p\u00e9nible travail, il n\u2019a jamais cess\u00e9 de combattre syst\u00e9matiquement l\u2019id\u00e9ologie nazie et de manifester son attitude francophile (port du b\u00e9ret basque, refus de faire germaniser son nom de famille, chants patriotiques fran\u00e7ais sur la voie publique avec d\u2019autres camarades, aide occasionnelle \u00e0 des prisonniers de guerre \u00e9vad\u00e9s d\u2019Allemagne, sabotage de mat\u00e9riel militaire allemand et de v\u00e9hicules etc\u2026 appartenant \u00e0 la garnison allemande stationn\u00e9e \u00e0 Marckolsheim jusqu\u2019en 1941 et provocations envers ces militaires ennemis \u2013 sabotage du mat\u00e9riel (bicyclettes) appartenant \u00e0 la Gendarmerie allemande et \u00e0 la police auxiliaire allemande charg\u00e9e de la garde du pont du Rhin \u00e0 Marckolsheim, avec provocations et bagarres etc\u2026). En m\u00eame temps, il a tent\u00e9 \u00e0 plusieurs reprises de quitter frauduleusement l\u2019Alsace pour se soustraire \u00e0 l\u2019incorporation forc\u00e9e dans les camps de travail en Allemagne (R.A.D.) et dans l\u2019arm\u00e9e allemande et dans le but de rejoindre les Forces Fran\u00e7aises Libres. Ainsi son attitude et ses tentatives d\u2019\u00e9vasion d\u2019Alsace provoqu\u00e8rent une surveillance particuli\u00e8re de la part de la Gestapo et de la Gendarmerie allemande de Marckolsheim.<\/h4>\n<h4 style=\"text-align: justify;\">&nbsp;A&nbsp;nouveau arr\u00eat\u00e9 \u00e0 la fronti\u00e8re suisse au d\u00e9but de 1942, il a \u00e9t\u00e9 transf\u00e9r\u00e9 \u00e0 Montreux-Vieux (Haut-Rhin) o\u00f9 il a d\u00fb subir pendant trois jours d\u2019interminables interrogatoires par des agents du service de s\u00e9curit\u00e9 de la Gestapo (Sicherheitsdients \u2013 dit \u00ab&nbsp;S.D.&nbsp;\u00bb). Finalement incarc\u00e9r\u00e9 \u00e0 la<sub>,<\/sub> prison de Mulhouse, il a \u00e9t\u00e9 transf\u00e9r\u00e9 au camp de Schirmeck, de sinistre m\u00e9moire. Pendant son s\u00e9jour dans ce camp, il a d\u00fb \u00eatre hospitalis\u00e9 \u00e0 la suite des mauvais traitements inflig\u00e9s. Par la suite, transf\u00e9r\u00e9 par la police allemande dans un camp de travail en Allemagne (R.A.D.), il a \u00e0 nouveau d\u00fb \u00eatre hospitalis\u00e9 pour soigner les blessures cons\u00e9cutives aux divers mauvais traitements subis lors de ses interrogatoires et de sa d\u00e9tention. Lib\u00e9r\u00e9 d\u00e9but octobre 1942, il a \u00e9t\u00e9 incorpor\u00e9 de force dans l\u2019arm\u00e9e allemande le 17 octobre 1942. Pour protester contre cette atteinte au droit international, aid\u00e9 d\u2019un camarade, il a hiss\u00e9 le drapeau fran\u00e7ais sur la croix du cimeti\u00e8re militaire fran\u00e7ais de Marckolsheim. Surveill\u00e9 de pr\u00e8s par la police allemande, il n\u2019a plus eu les moyens, ni le temps n\u00e9cessaire pour tenter une nouvelle \u00e9vasion d\u2019Alsace. Ne voulant admettre l\u2019in\u00e9vitable et donner suite \u00e0 l\u2019ordre d\u2019appel, il a quitt\u00e9 son domicile pour \u00e9viter des ennuis \u00e0 sa famille. Finalement arr\u00eat\u00e9 par des policiers allemands en patrouille, il a \u00e9t\u00e9 conduit sur les lieux de rassemblement prescrit. Certains de ses copains s\u2019\u00e9taient mis dans la m\u00eame situation. Lors de son d\u00e9part de Marckolsheim, avec ses camarades d\u2019infortune, il s\u2019est \u00e0 nouveau r\u00e9volt\u00e9, d\u2019abord lors du transfert de Marckolsheim \u00e0 S\u00e9lestat, puis dans cette ville avant et pendant l\u2019embarquement de force dans un train qui les transportait en Allemagne (bris de vitres, mise en action du syst\u00e8me d\u2019alarme etc\u2026). Affichant ostensiblement leur hostilit\u00e9 \u00e0 l\u2019Allemagne nazie et leurs sentiments pro-fran\u00e7ais (chants patriotiques fran\u00e7ais, refus d\u2019ob\u00e9ir aux injonctions des autorit\u00e9s civiles, militaires et aux policiers allemands pr\u00e9sents sur les lieux, exhibition de drapeaux fran\u00e7ais etc\u2026), ils ont \u00e9t\u00e9 sanctionn\u00e9s par l\u2019intervention de la police et de soldats allemands arm\u00e9s en les s\u00e9parant de leurs parents et amis et en les conduisant dans une caserne o\u00f9 ils ont \u00e9t\u00e9 consign\u00e9s avant leur embarquement d\u00e9finitif.<\/h4>\n<p><!--more--><\/p>\n<h4 style=\"text-align: justify;\">&nbsp;D\u00e8s son arriv\u00e9e en caserne \u00e0 Erlangen (Allemagne), Jean-Paul DIDIERJEAN n\u2019a pas pour autant abandonn\u00e9 son attitude antiallemande et pro-fran\u00e7aise et diverses sanctions ont \u00e9t\u00e9 prises contre lui (suppression de sorties, consign\u00e9 \u00e0 la caserne, corv\u00e9es suppl\u00e9mentaires etc\u2026). En outre, malgr\u00e9 l\u2019interdiction formelle des autorit\u00e9s militaires, il a fr\u00e9quent\u00e9 r\u00e9guli\u00e8rement des ressortissants fran\u00e7ais (prisonniers de guerre, travailleurs du S.T.O. etc\u2026).<\/h4>\n<h4 style=\"text-align: justify;\">&nbsp;Arr\u00eat\u00e9 par la police alors qu\u2019il s\u2019entretenait sur la voie publique avec les personnes fran\u00e7aises pr\u00e9cit\u00e9es, il devait \u00eatre traduit devant un tribunal militaire. Cette d\u00e9cision ayant \u00e9t\u00e9 annul\u00e9e par le Commandement allemand pour une cause inconnue, il a n\u00e9anmoins \u00e9t\u00e9 s\u00e9par\u00e9 imm\u00e9diatement de ses camarades alsaciens et transf\u00e9r\u00e9 par un grad\u00e9 dans une autre unit\u00e9 en instance de d\u00e9part pour la Russie. Affect\u00e9 dans une unit\u00e9 combattante stationn\u00e9e dans ce pays, il a r\u00e9ussi \u00e0 s\u2019\u00e9vader dans des conditions particuli\u00e8rement dangereuses, en juillet 1943 et cela d\u00e8s son arriv\u00e9e au front. Intern\u00e9 en Russie, dans divers camps de prisonniers dont celui de Tambow, il a sign\u00e9 un engagement volontaire pour reprendre volontairement la lutte contre les nazis dans ce pays.<\/h4>\n<h4 style=\"text-align: justify;\">&nbsp;Le 17 juillet 1944, il a \u00e9t\u00e9 remis aux Autorit\u00e9s Fran\u00e7aises \u00e0 T\u00e9h\u00e9ran et rapatri\u00e9 en Afrique du Nord. Apr\u00e8s avoir sign\u00e9 un nouvel engagement volontaire, il a \u00e9t\u00e9 affect\u00e9 sur sa demande dans une unit\u00e9 combattante fran\u00e7aise. Il a ainsi particip\u00e9 \u00e0 la campagne d\u2019Allemagne au sein de la Premi\u00e8re Arm\u00e9e Fran\u00e7aise, puis toujours volontaire, \u00e0 la campagne d\u2019Indochine au sein du Corps Exp\u00e9ditionnaire Fran\u00e7ais en Extr\u00eame-Orient. D\u00e9mobilis\u00e9 en 1947, il a \u00e9t\u00e9 admis dans la Gendarmerie Nationale dans la m\u00eame ann\u00e9e. Volontaire, il a encore effectu\u00e9 un deuxi\u00e8me s\u00e9jour en Indochine et il a termin\u00e9 sa carri\u00e8re militaire comme Adjudant de Gendarmerie.<\/h4>\n<h4 style=\"text-align: justify;\">Jean-Paul DIDIERJEAN avait un fr\u00e8re pr\u00e9nomm\u00e9 Joseph, n\u00e9 en 1922 et d\u00e9c\u00e9d\u00e9 en 1987, qui \u00e9tait d\u00e9port\u00e9-r\u00e9sistant et Chevalier de la L\u00e9gion d\u2019Honneur.<\/h4>\n<h5>sources:http:\/\/www.memoresist.org\/resistant\/didierjean-jean-paul\/<\/h5>\n","protected":false},"excerpt":{"rendered":"<p>On pouvait lire: DIDIERJEAN Jean-Paul interrog\u00e9 par la Gestapo \u00e0 Montreux-Vieux DIDIERJEAN Jean-Paul&nbsp;N\u00e9 le 26 avril 1923 \u00e0 Marckolsheim (Haut Rhin) &nbsp;D\u00e8s octobre 1940, \u00e2g\u00e9 de 17 ans, apr\u00e8s son retour forc\u00e9 en Alsace annex\u00e9e \u00e0 l\u2019Allemagne, apr\u00e8s avoir \u00e9t\u00e9 &hellip; <a href=\"https:\/\/montreux-vieux.net\/?page_id=11199\">Continuer la lecture <span class=\"meta-nav\">&rarr;<\/span><\/a><\/p>\n","protected":false},"author":1,"featured_media":0,"parent":12675,"menu_order":10,"comment_status":"closed","ping_status":"open","template":"","meta":{"footnotes":""},"class_list":["post-11199","page","type-page","status-publish","hentry"],"_links":{"self":[{"href":"https:\/\/montreux-vieux.net\/index.php?rest_route=\/wp\/v2\/pages\/11199","targetHints":{"allow":["GET"]}}],"collection":[{"href":"https:\/\/montreux-vieux.net\/index.php?rest_route=\/wp\/v2\/pages"}],"about":[{"href":"https:\/\/montreux-vieux.net\/index.php?rest_route=\/wp\/v2\/types\/page"}],"author":[{"embeddable":true,"href":"https:\/\/montreux-vieux.net\/index.php?rest_route=\/wp\/v2\/users\/1"}],"replies":[{"embeddable":true,"href":"https:\/\/montreux-vieux.net\/index.php?rest_route=%2Fwp%2Fv2%2Fcomments&post=11199"}],"version-history":[{"count":3,"href":"https:\/\/montreux-vieux.net\/index.php?rest_route=\/wp\/v2\/pages\/11199\/revisions"}],"predecessor-version":[{"id":28212,"href":"https:\/\/montreux-vieux.net\/index.php?rest_route=\/wp\/v2\/pages\/11199\/revisions\/28212"}],"up":[{"embeddable":true,"href":"https:\/\/montreux-vieux.net\/index.php?rest_route=\/wp\/v2\/pages\/12675"}],"wp:attachment":[{"href":"https:\/\/montreux-vieux.net\/index.php?rest_route=%2Fwp%2Fv2%2Fmedia&parent=11199"}],"curies":[{"name":"wp","href":"https:\/\/api.w.org\/{rel}","templated":true}]}}