{"id":11216,"date":"2018-10-08T15:16:27","date_gmt":"2018-10-08T14:16:27","guid":{"rendered":"http:\/\/montreux-vieux.net\/?page_id=11216"},"modified":"2019-01-02T13:47:20","modified_gmt":"2019-01-02T12:47:20","slug":"le-saviez-vous-cuine-francois-mathieu-ne-a-montreux-vieux-soldat-a-la-garde-imperiale","status":"publish","type":"page","link":"https:\/\/montreux-vieux.net\/?page_id=11216","title":{"rendered":"Le saviez-vous ? Cuine Fran\u00e7ois Mathieu n\u00e9 \u00e0 Montreux-Vieux soldat \u00e0 la Garde Imp\u00e9riale"},"content":{"rendered":"<h3 style=\"text-align: center;\">Le saviez-vous ? Cuine Fran\u00e7ois Mathieu n\u00e9 \u00e0 Montreux-Vieux soldat \u00e0 la Garde Imp\u00e9riale<\/h3>\n<p><a href=\"http:\/\/montreux-vieux.net\/montreux-vieux.net\/wp-content\/uploads\/2018\/10\/ScreenShot1269.jpg\" target=\"_blank\" rel=\"noopener\"><img loading=\"lazy\" decoding=\"async\" class=\"aligncenter wp-image-11214 size-full\" src=\"http:\/\/montreux-vieux.net\/montreux-vieux.net\/wp-content\/uploads\/2018\/10\/ScreenShot1269.jpg\" alt=\"\" width=\"286\" height=\"479\" srcset=\"https:\/\/montreux-vieux.net\/montreux-vieux.net\/wp-content\/uploads\/2018\/10\/ScreenShot1269.jpg 286w, https:\/\/montreux-vieux.net\/montreux-vieux.net\/wp-content\/uploads\/2018\/10\/ScreenShot1269-179x300.jpg 179w\" sizes=\"auto, (max-width: 286px) 100vw, 286px\" \/><\/a><\/p>\n<h4 style=\"text-align: justify;\">Cuine Fran\u00e7ois Mathieu est n\u00e9 le 27 septembre 1790 \u00e0 Montreux-Vieux de Cuine Jean Claude et de Jeanne Marie Mar\u00e9chal. Il \u00e9tait soldat et portait le matricule 2750 aupr\u00e8s du Train d&rsquo;artillerie.Ce dernier est devenu bataillon principal de la garde Imp\u00e9riale 1799-1812. Il a fait la campagne d&rsquo;Allemagne en 1809. Disparu le 5 septembre 1812.<\/h4>\n<p>&nbsp;<\/p>\n","protected":false},"excerpt":{"rendered":"<p>Le saviez-vous ? Cuine Fran\u00e7ois Mathieu n\u00e9 \u00e0 Montreux-Vieux soldat \u00e0 la Garde Imp\u00e9riale Cuine Fran\u00e7ois Mathieu est n\u00e9 le 27 septembre 1790 \u00e0 Montreux-Vieux de Cuine Jean Claude et de Jeanne Marie Mar\u00e9chal. Il \u00e9tait soldat et portait le &hellip; <a href=\"https:\/\/montreux-vieux.net\/?page_id=11216\">Continuer la lecture <span class=\"meta-nav\">&rarr;<\/span><\/a><\/p>\n","protected":false},"author":1,"featured_media":0,"parent":4091,"menu_order":42,"comment_status":"closed","ping_status":"open","template":"","meta":{"footnotes":""},"class_list":["post-11216","page","type-page","status-publish","hentry"],"_links":{"self":[{"href":"https:\/\/montreux-vieux.net\/index.php?rest_route=\/wp\/v2\/pages\/11216","targetHints":{"allow":["GET"]}}],"collection":[{"href":"https:\/\/montreux-vieux.net\/index.php?rest_route=\/wp\/v2\/pages"}],"about":[{"href":"https:\/\/montreux-vieux.net\/index.php?rest_route=\/wp\/v2\/types\/page"}],"author":[{"embeddable":true,"href":"https:\/\/montreux-vieux.net\/index.php?rest_route=\/wp\/v2\/users\/1"}],"replies":[{"embeddable":true,"href":"https:\/\/montreux-vieux.net\/index.php?rest_route=%2Fwp%2Fv2%2Fcomments&post=11216"}],"version-history":[{"count":2,"href":"https:\/\/montreux-vieux.net\/index.php?rest_route=\/wp\/v2\/pages\/11216\/revisions"}],"predecessor-version":[{"id":13339,"href":"https:\/\/montreux-vieux.net\/index.php?rest_route=\/wp\/v2\/pages\/11216\/revisions\/13339"}],"up":[{"embeddable":true,"href":"https:\/\/montreux-vieux.net\/index.php?rest_route=\/wp\/v2\/pages\/4091"}],"wp:attachment":[{"href":"https:\/\/montreux-vieux.net\/index.php?rest_route=%2Fwp%2Fv2%2Fmedia&parent=11216"}],"curies":[{"name":"wp","href":"https:\/\/api.w.org\/{rel}","templated":true}]}}