{"id":11232,"date":"2018-10-09T13:59:53","date_gmt":"2018-10-09T12:59:53","guid":{"rendered":"http:\/\/montreux-vieux.net\/?page_id=11232"},"modified":"2019-01-02T13:45:11","modified_gmt":"2019-01-02T12:45:11","slug":"le-saviez-vous-le-betail-devait-notamment-passer-par-montreux-vieux","status":"publish","type":"page","link":"https:\/\/montreux-vieux.net\/?page_id=11232","title":{"rendered":"Le saviez-vous ? Le b\u00e9tail devait notamment passer par Montreux-Vieux"},"content":{"rendered":"<h3 style=\"text-align: center;\">Le saviez-vous ? Le b\u00e9tail devait notamment passer par Montreux-Vieux<\/h3>\n<p><a href=\"http:\/\/montreux-vieux.net\/montreux-vieux.net\/wp-content\/uploads\/2018\/10\/ScreenShot1273.jpg\" target=\"_blank\" rel=\"noopener\"><img loading=\"lazy\" decoding=\"async\" class=\"aligncenter wp-image-11229 size-medium\" src=\"http:\/\/montreux-vieux.net\/montreux-vieux.net\/wp-content\/uploads\/2018\/10\/ScreenShot1273-300x262.jpg\" sizes=\"auto, (max-width: 300px) 100vw, 300px\" srcset=\"http:\/\/montreux-vieux.net\/montreux-vieux.net\/wp-content\/uploads\/2018\/10\/ScreenShot1273-300x262.jpg 300w, http:\/\/montreux-vieux.net\/montreux-vieux.net\/wp-content\/uploads\/2018\/10\/ScreenShot1273.jpg 469w\" alt=\"\" width=\"300\" height=\"262\"><\/a><\/p>\n<h4>Le b\u00e9tail fran\u00e7ais en Alsace-Lorraine.<\/h4>\n<h4 style=\"text-align: justify;\">Depuis plusieurs ann\u00e9es, l\u2019exportation du b\u00e9iail vivant de France en Allemagne pr\u00e9sentait une assez grande activit\u00e9; mais, \u00e0 raison de la prohibition \u00e9dict\u00e9e pour cause de police sanitaire, les acheteurs sur les march\u00e9s fran\u00e7ais devaient introduire leurs animaux par la fronti\u00e8re suisse et leur faire faire. un d\u00e9tour par B\u00e2le. R\u00e9cemment, le Gouvernement du Grand-Duch\u00e9 de Bade a ouvert ses fronti\u00e8res \u00e0 l\u2019importation du b\u00e9tail fran\u00e7ais, mais la voie indirecte \u00e9tait encore la seule qui f\u00fbt permise. Or, le Gouvernement d\u2019Alsace-Lorraine vient, \u00e0 son tour, d\u2019autoriser celte importation, dans des conditions qui permettront aux animaux achet\u00e9s, pour le Grand-Duch\u00e9 de Bade d\u2019arriver. directement \u00e0 leur destination.<\/h4>\n<h4 style=\"text-align: justify;\">Les introductions d\u2019animaux ne pourront se faire que par les gares de Nov\u00e9ant, Avricourt et <strong><span class=\"highlightedText\">Montreux-Vieux<\/span><\/strong> ; les animaux seront&nbsp;dirigers vers les abattoirs de Metz. Strasbourg, &nbsp;Mulhouse, ou \u00e0 destination de Carlsruhe, Mannheim et Heidelberg, pour lie Grand- Duch\u00e9. Le contingent de b\u00e9tail \u00e0 importer a \u00e9t\u00e9 fix\u00e9 \u00e0 500 b\u0153ufs &nbsp;et veaux et 500 parcs par semaine pour Strasbourg, 400 b\u0153ufs, et veaux et 600 porcs pour Mulhouse, 400 b\u0153ufs et veaux et 300 porcs pour Metz. Les bureaux de douane exigent des certificats d\u00e9taill\u00e9s sur l\u2019absence d\u2019\u00e9pizootie et le signalement des animaux\u2019 en outre, apr\u00e8s la visite dju v\u00e9t\u00e9rinaire sanitaire \u00e0 la fronti\u00e8re et.l\u2019accomplissement des formalit\u00e9s douani\u00e8res, le b\u00e9tail devra \u00eatre transport\u00e9 aux abattoirs des diff\u00e9rentes villes dans des vagous ferm\u00e9s officiellement par l\u2019administration des chemins de fer, puis abaltu avant quatre jours.<\/h4>\n<h4 style=\"text-align: justify;\">Cette mesure \u00e9tait r\u00e9clam\u00e9e depuis longtemps \u00e0 raison de la chert\u00e9 excessive de la viande au del\u00e0 de notre fronti\u00e8re.<\/h4>\n<h5>sources:Journal d\u2019agriculture pratique de jardinage et d\u2019\u00e9conomie domestique 1910<\/h5>\n","protected":false},"excerpt":{"rendered":"<p>Le saviez-vous ? Le b\u00e9tail devait notamment passer par Montreux-Vieux Le b\u00e9tail fran\u00e7ais en Alsace-Lorraine. Depuis plusieurs ann\u00e9es, l\u2019exportation du b\u00e9iail vivant de France en Allemagne pr\u00e9sentait une assez grande activit\u00e9; mais, \u00e0 raison de la prohibition \u00e9dict\u00e9e pour cause &hellip; <a href=\"https:\/\/montreux-vieux.net\/?page_id=11232\">Continuer la lecture <span class=\"meta-nav\">&rarr;<\/span><\/a><\/p>\n","protected":false},"author":1,"featured_media":0,"parent":13007,"menu_order":36,"comment_status":"closed","ping_status":"open","template":"","meta":{"footnotes":""},"class_list":["post-11232","page","type-page","status-publish","hentry"],"_links":{"self":[{"href":"https:\/\/montreux-vieux.net\/index.php?rest_route=\/wp\/v2\/pages\/11232","targetHints":{"allow":["GET"]}}],"collection":[{"href":"https:\/\/montreux-vieux.net\/index.php?rest_route=\/wp\/v2\/pages"}],"about":[{"href":"https:\/\/montreux-vieux.net\/index.php?rest_route=\/wp\/v2\/types\/page"}],"author":[{"embeddable":true,"href":"https:\/\/montreux-vieux.net\/index.php?rest_route=\/wp\/v2\/users\/1"}],"replies":[{"embeddable":true,"href":"https:\/\/montreux-vieux.net\/index.php?rest_route=%2Fwp%2Fv2%2Fcomments&post=11232"}],"version-history":[{"count":2,"href":"https:\/\/montreux-vieux.net\/index.php?rest_route=\/wp\/v2\/pages\/11232\/revisions"}],"predecessor-version":[{"id":13337,"href":"https:\/\/montreux-vieux.net\/index.php?rest_route=\/wp\/v2\/pages\/11232\/revisions\/13337"}],"up":[{"embeddable":true,"href":"https:\/\/montreux-vieux.net\/index.php?rest_route=\/wp\/v2\/pages\/13007"}],"wp:attachment":[{"href":"https:\/\/montreux-vieux.net\/index.php?rest_route=%2Fwp%2Fv2%2Fmedia&parent=11232"}],"curies":[{"name":"wp","href":"https:\/\/api.w.org\/{rel}","templated":true}]}}