{"id":11246,"date":"2018-10-10T16:45:30","date_gmt":"2018-10-10T15:45:30","guid":{"rendered":"http:\/\/montreux-vieux.net\/?page_id=11246"},"modified":"2024-12-01T14:42:17","modified_gmt":"2024-12-01T13:42:17","slug":"une-enigme-a-resoudre-ligne-montreux-vieux-lauw","status":"publish","type":"page","link":"https:\/\/montreux-vieux.net\/?page_id=11246","title":{"rendered":"Une \u00e9nigme \u00e0 r\u00e9soudre!! Ligne Montreux-Vieux &#8211; Lauw"},"content":{"rendered":"<h3 style=\"text-align: center;\">Une \u00e9nigme \u00e0 r\u00e9soudre!! Ligne Montreux-Vieux &#8211; Lauw<\/h3>\n<p style=\"text-align: justify;\"><a href=\"http:\/\/montreux-vieux.net\/montreux-vieux.net\/wp-content\/uploads\/2018\/10\/ScreenShot1278.jpg\" target=\"_blank\" rel=\"noopener\"><img loading=\"lazy\" decoding=\"async\" class=\"aligncenter wp-image-11243 size-full\" src=\"http:\/\/montreux-vieux.net\/montreux-vieux.net\/wp-content\/uploads\/2018\/10\/ScreenShot1278.jpg\" alt=\"\" width=\"738\" height=\"478\" srcset=\"https:\/\/montreux-vieux.net\/montreux-vieux.net\/wp-content\/uploads\/2018\/10\/ScreenShot1278.jpg 738w, https:\/\/montreux-vieux.net\/montreux-vieux.net\/wp-content\/uploads\/2018\/10\/ScreenShot1278-300x194.jpg 300w, https:\/\/montreux-vieux.net\/montreux-vieux.net\/wp-content\/uploads\/2018\/10\/ScreenShot1278-600x389.jpg 600w\" sizes=\"auto, (max-width: 738px) 100vw, 738px\" \/><\/a><\/p>\n<h3 style=\"text-align: justify;\">Re: Cies de l&rsquo;Est et du Nord : les trains militaires 1914-19<\/h3>\n<h4 class=\"date\" style=\"text-align: justify;\"><b>Publi\u00e9:<\/b> Lun 18 Nov 2013, 19:48<\/h4>\n<h4 class=\"content\" style=\"text-align: justify;\">Bonjour \u00e0 tous!<\/h4>\n<p style=\"text-align: justify;\">Voici une \u00e9nigme \u00e0 r\u00e9soudre!!<br \/>\nCette locomotive \u00ab\u00a0dans le sable\u00a0\u00bb ayant refoul\u00e9 le heurtoir de quelques dizaines de m\u00e8tres, \u00e0 une extr\u00e9mit\u00e9 du rebroussement de Mortzwiller(ligne de Montreux-Vieux \u00e0 Lauw).<br \/>\nD&rsquo;apr\u00e8s les t\u00e9moignages que j&rsquo;ai recueilli&#8230;entre autres celui de l&rsquo;ancienne propri\u00e9taire de l&rsquo;auberge qui \u00e9tait situ\u00e9e pas tr\u00e8s loin de la gare de Sentheim chez qui nos cheminots(les m\u00e9canos disait elle!) avaient \u00e9tanch\u00e9s leur soif!&#8230; <img decoding=\"async\" title=\"Laughing\" src=\"http:\/\/forum.e-train.fr\/images\/smilies\/icon_lol.gif\" alt=\":lol:\"><br \/>\nToujours est-il que le retour a \u00e9t\u00e9 difficile, car la pente du rebroussement de<br \/>\nLauw \u00e0 Mortzwiler est particuli\u00e8rement raide! De 373 m\u00e8tres elle passe \u00e0 413,63 m\u00e8tres!! sur environ 2km!!!&#8230;. <img decoding=\"async\" title=\"Rolling Eyes\" src=\"http:\/\/forum.e-train.fr\/images\/smilies\/icon_rolleyes.gif\" alt=\":roll:\"> Heureusement le d\u00e9raillement ne fit que quelques bless\u00e9s sans gravit\u00e9.<br \/>\nLa photo date de d\u00e9cembre 1918. Cette derni\u00e8re m&rsquo;a \u00e9t\u00e9 transmise par Mr Claude Gerrer.<br \/>\nEncore une information le num\u00e9ro de la locomotive est : 10034, je pense qu&rsquo;il s&rsquo;agit avec r\u00e9serve d&rsquo;une 130 T. Je souhaiterai connaitre son origine et sa compagnie!! si cela est possible!<\/p>\n<h5 style=\"text-align: justify;\">Sources:&nbsp;http:\/\/forum.e-train.fr\/viewtopic.php?f=5&amp;t=62058&amp;start=285#p1525432<\/h5>\n\n\n<p>Montreux-Vieux &nbsp;le 01 d\u00e9cembre 2024.<\/p>\n\n\n\n<p>11 ans apr\u00e8s avoir publi\u00e9 l\u2019article ci-dessus, une r\u00e9ponse m\u2019est parvenue lundi &nbsp;25 novembre 2024 \u00e0 10h 50 par Messenger, &nbsp;celle de Monsieur Jean Buchmann. Il est \u00e0 l\u2019origine de &nbsp;L&rsquo;Encyclop\u00e9die des Chemins de Fer en \u00ab&nbsp;Alsace Lorraine&nbsp;\u00bb.<\/p>\n\n\n\n<p>Voici ce qu\u2019il dit&nbsp;:<\/p>\n\n\n\n<p>Bonjour, je suis tomb\u00e9 sur votre page en recherchant des images de train \u00e0 Lauw. Donc \u00e0 propos un post du 18_11_2013 \u00ab\u00a0une \u00e9nigme \u00e0 resoudre ! ligne Montreux-Viuex -Lauw&rsquo;. je ne sais si vous avez eut des r\u00e9ponses. il s&rsquo;agit d&rsquo;une locomotive bavaroise CV I. Le 1 en premi\u00e8re position du num\u00e9ro &#8211; peint sur le bord de la plaque du num\u00e9ro indique que c&rsquo;est une loco qui a \u00e9t\u00e9 pr\u00e9sent\u00e9e par les Allemands et accept\u00e9e par la CIRM &#8211; commission interalli\u00e9e de r\u00e9ception du mat\u00e9riel&rsquo; au titre des prestations armistices 1918. Je pourrai vous en dire beaucoup plus encore.. Cordialement. Jean Buchmann<\/p>\n\n\n\n<p>j&rsquo;ai trouv\u00e9 dans mes listes. La 10034 \u00e9tait le num\u00e9ro provisioire donn\u00e9e par la CIRM \u00e0 la loco bavaroise CV I 1623. Elle a \u00e9t\u00e9 c\u00e9d\u00e9e au Palatinat le 30.12.1919. Le r\u00e9seau AL ayant majoritairement gard\u00e9 des locomotives d&rsquo;origine prussiennes.<\/p>\n\n\n<div class=\"wp-block-image\">\n<figure class=\"aligncenter size-large\"><img loading=\"lazy\" decoding=\"async\" width=\"1024\" height=\"398\" src=\"https:\/\/montreux-vieux.net\/montreux-vieux.net\/wp-content\/uploads\/2024\/12\/image-1024x398.png\" alt=\"\" class=\"wp-image-26676\" srcset=\"https:\/\/montreux-vieux.net\/montreux-vieux.net\/wp-content\/uploads\/2024\/12\/image-1024x398.png 1024w, https:\/\/montreux-vieux.net\/montreux-vieux.net\/wp-content\/uploads\/2024\/12\/image-300x117.png 300w, https:\/\/montreux-vieux.net\/montreux-vieux.net\/wp-content\/uploads\/2024\/12\/image-768x299.png 768w, https:\/\/montreux-vieux.net\/montreux-vieux.net\/wp-content\/uploads\/2024\/12\/image-1536x597.png 1536w, https:\/\/montreux-vieux.net\/montreux-vieux.net\/wp-content\/uploads\/2024\/12\/image.png 1554w\" sizes=\"auto, (max-width: 1024px) 100vw, 1024px\" \/><\/figure>\n<\/div>\n\n\n<p><\/p>\n\n\n\n<p>Jean Buchmann<\/p>\n","protected":false},"excerpt":{"rendered":"<p>Une \u00e9nigme \u00e0 r\u00e9soudre!! Ligne Montreux-Vieux &#8211; Lauw Re: Cies de l&rsquo;Est et du Nord : les trains militaires 1914-19 Publi\u00e9: Lun 18 Nov 2013, 19:48 Bonjour \u00e0 tous! Voici une \u00e9nigme \u00e0 r\u00e9soudre!! Cette locomotive \u00ab\u00a0dans le sable\u00a0\u00bb ayant &hellip; <a href=\"https:\/\/montreux-vieux.net\/?page_id=11246\">Continuer la lecture <span class=\"meta-nav\">&rarr;<\/span><\/a><\/p>\n","protected":false},"author":1,"featured_media":0,"parent":13013,"menu_order":26,"comment_status":"closed","ping_status":"open","template":"","meta":{"footnotes":""},"class_list":["post-11246","page","type-page","status-publish","hentry"],"_links":{"self":[{"href":"https:\/\/montreux-vieux.net\/index.php?rest_route=\/wp\/v2\/pages\/11246","targetHints":{"allow":["GET"]}}],"collection":[{"href":"https:\/\/montreux-vieux.net\/index.php?rest_route=\/wp\/v2\/pages"}],"about":[{"href":"https:\/\/montreux-vieux.net\/index.php?rest_route=\/wp\/v2\/types\/page"}],"author":[{"embeddable":true,"href":"https:\/\/montreux-vieux.net\/index.php?rest_route=\/wp\/v2\/users\/1"}],"replies":[{"embeddable":true,"href":"https:\/\/montreux-vieux.net\/index.php?rest_route=%2Fwp%2Fv2%2Fcomments&post=11246"}],"version-history":[{"count":4,"href":"https:\/\/montreux-vieux.net\/index.php?rest_route=\/wp\/v2\/pages\/11246\/revisions"}],"predecessor-version":[{"id":26677,"href":"https:\/\/montreux-vieux.net\/index.php?rest_route=\/wp\/v2\/pages\/11246\/revisions\/26677"}],"up":[{"embeddable":true,"href":"https:\/\/montreux-vieux.net\/index.php?rest_route=\/wp\/v2\/pages\/13013"}],"wp:attachment":[{"href":"https:\/\/montreux-vieux.net\/index.php?rest_route=%2Fwp%2Fv2%2Fmedia&parent=11246"}],"curies":[{"name":"wp","href":"https:\/\/api.w.org\/{rel}","templated":true}]}}