{"id":11262,"date":"2018-10-11T13:10:08","date_gmt":"2018-10-11T12:10:08","guid":{"rendered":"http:\/\/montreux-vieux.net\/?page_id=11262"},"modified":"2019-01-02T13:29:56","modified_gmt":"2019-01-02T12:29:56","slug":"le-saviez-vous-rappel-a-lordre-du-cure","status":"publish","type":"page","link":"https:\/\/montreux-vieux.net\/?page_id=11262","title":{"rendered":"Le saviez-vous ? Rappel \u00e0 l&rsquo;ordre du cur\u00e9"},"content":{"rendered":"<h3 style=\"text-align: center;\">Le saviez-vous ? Rappel \u00e0 l&rsquo;ordre du cur\u00e9<\/h3>\n<h6 style=\"text-align: center;\">&nbsp;Rappel \u00e0 l&rsquo;ordre (AD68) E-d\u00e9p\u00f4t 117)&nbsp;par LISA<\/h6>\n<div class=\"article_content\">\n<h4 style=\"text-align: justify;\">La visite du doyen SIMON (cur\u00e9 de Phaffans) \u00e0 la paroisse de Montreux-Vieux en 1692 est l&rsquo;occasion (exceptionnelle) de rappeler au cur\u00e9 DIMANCHE ses obligations en mati\u00e8re d&rsquo;\u00e9tat-civil.<\/h4>\n<p><a href=\"http:\/\/montreux-vieux.net\/montreux-vieux.net\/wp-content\/uploads\/2018\/10\/ScreenShot1282.jpg\" target=\"_blank\" rel=\"noopener\"><img loading=\"lazy\" decoding=\"async\" class=\"aligncenter wp-image-11260 size-full\" src=\"http:\/\/montreux-vieux.net\/montreux-vieux.net\/wp-content\/uploads\/2018\/10\/ScreenShot1282.jpg\" alt=\"\" width=\"545\" height=\"316\" srcset=\"https:\/\/montreux-vieux.net\/montreux-vieux.net\/wp-content\/uploads\/2018\/10\/ScreenShot1282.jpg 545w, https:\/\/montreux-vieux.net\/montreux-vieux.net\/wp-content\/uploads\/2018\/10\/ScreenShot1282-300x174.jpg 300w\" sizes=\"auto, (max-width: 545px) 100vw, 545px\" \/><\/a><\/p>\n<h4 style=\"text-align: justify;\">Transcription : \u00a0\u00bb Le pr\u00e9nom, le nom des parrains et le pr\u00e9nom, le nom des parents et les lieux ; l&rsquo;\u00e9tat ou condition des parrains ; le jour, l&rsquo;ann\u00e9e &#8230; les t\u00e9moins et les parties avec le cur\u00e9 signent ou font leur marque et que tout, tant dans les bapt\u00eames que les d\u00e9c\u00e8s ou les mariages, soit fait conform\u00e9ment aux commandements royaux ce que &#8230; j&rsquo;ordonne ; dat\u00e9 \u00e0 Montreux-Vieux en visite le 21.10.1692. C.R. Simon doyen\u00a0\u00bb<\/h4>\n<h4 style=\"text-align: justify;\">Les exhortations du doyen seront de peu d&rsquo;effet : pendant le minist\u00e8re de Jean Gaspard DIMANCHE (~1690 &#8211; 1721), l&rsquo;enregistrement des actes est tr\u00e8s succinct, et tout laisse m\u00eame \u00e0 penser qu&rsquo;il est partiel, si on compare le nombre d&rsquo;actes inscrits \u00e0 ceux des p\u00e9riodes ant\u00e9rieures ou post\u00e9rieures.<\/h4>\n<h6>sources:&nbsp;http:\/\/www.lisa90.org\/lisa1\/work\/article-11.html<\/h6>\n<\/div>\n","protected":false},"excerpt":{"rendered":"<p>Le saviez-vous ? Rappel \u00e0 l&rsquo;ordre du cur\u00e9 &nbsp;Rappel \u00e0 l&rsquo;ordre (AD68) E-d\u00e9p\u00f4t 117)&nbsp;par LISA La visite du doyen SIMON (cur\u00e9 de Phaffans) \u00e0 la paroisse de Montreux-Vieux en 1692 est l&rsquo;occasion (exceptionnelle) de rappeler au cur\u00e9 DIMANCHE ses obligations &hellip; <a href=\"https:\/\/montreux-vieux.net\/?page_id=11262\">Continuer la lecture <span class=\"meta-nav\">&rarr;<\/span><\/a><\/p>\n","protected":false},"author":1,"featured_media":0,"parent":13028,"menu_order":14,"comment_status":"closed","ping_status":"open","template":"","meta":{"footnotes":""},"class_list":["post-11262","page","type-page","status-publish","hentry"],"_links":{"self":[{"href":"https:\/\/montreux-vieux.net\/index.php?rest_route=\/wp\/v2\/pages\/11262","targetHints":{"allow":["GET"]}}],"collection":[{"href":"https:\/\/montreux-vieux.net\/index.php?rest_route=\/wp\/v2\/pages"}],"about":[{"href":"https:\/\/montreux-vieux.net\/index.php?rest_route=\/wp\/v2\/types\/page"}],"author":[{"embeddable":true,"href":"https:\/\/montreux-vieux.net\/index.php?rest_route=\/wp\/v2\/users\/1"}],"replies":[{"embeddable":true,"href":"https:\/\/montreux-vieux.net\/index.php?rest_route=%2Fwp%2Fv2%2Fcomments&post=11262"}],"version-history":[{"count":2,"href":"https:\/\/montreux-vieux.net\/index.php?rest_route=\/wp\/v2\/pages\/11262\/revisions"}],"predecessor-version":[{"id":13330,"href":"https:\/\/montreux-vieux.net\/index.php?rest_route=\/wp\/v2\/pages\/11262\/revisions\/13330"}],"up":[{"embeddable":true,"href":"https:\/\/montreux-vieux.net\/index.php?rest_route=\/wp\/v2\/pages\/13028"}],"wp:attachment":[{"href":"https:\/\/montreux-vieux.net\/index.php?rest_route=%2Fwp%2Fv2%2Fmedia&parent=11262"}],"curies":[{"name":"wp","href":"https:\/\/api.w.org\/{rel}","templated":true}]}}