{"id":11268,"date":"2018-10-11T15:00:30","date_gmt":"2018-10-11T14:00:30","guid":{"rendered":"http:\/\/montreux-vieux.net\/?page_id=11268"},"modified":"2019-01-02T16:28:30","modified_gmt":"2019-01-02T15:28:30","slug":"quand-la-barriere-etait-fermee-et-les-trains-manoeuvraient","status":"publish","type":"page","link":"https:\/\/montreux-vieux.net\/?page_id=11268","title":{"rendered":"Quand la barri\u00e8re \u00e9tait ferm\u00e9e et les trains manoeuvraient !!"},"content":{"rendered":"<h3 style=\"text-align: center;\">Quand la barri\u00e8re \u00e9tait ferm\u00e9e et les trains manoeuvraient !!<\/h3>\n<p style=\"text-align: center;\"><a href=\"http:\/\/montreux-vieux.net\/montreux-vieux.net\/wp-content\/uploads\/2018\/10\/ScreenShot1284.jpg\" target=\"_blank\" rel=\"noopener\"><img loading=\"lazy\" decoding=\"async\" class=\"aligncenter wp-image-11265 size-full\" src=\"http:\/\/montreux-vieux.net\/montreux-vieux.net\/wp-content\/uploads\/2018\/10\/ScreenShot1284.jpg\" alt=\"\" width=\"596\" height=\"389\" srcset=\"https:\/\/montreux-vieux.net\/montreux-vieux.net\/wp-content\/uploads\/2018\/10\/ScreenShot1284.jpg 596w, https:\/\/montreux-vieux.net\/montreux-vieux.net\/wp-content\/uploads\/2018\/10\/ScreenShot1284-300x196.jpg 300w\" sizes=\"auto, (max-width: 596px) 100vw, 596px\" \/><\/a><\/p>\n<h4 style=\"text-align: justify;\">Sous la neige \u00e0 Montreux-Vieux en 1963 la locomotive \u00e0 vapeur 141 R 163 manoeuvre la rame de produits p\u00e9troliers en provenance de TOTAL.<\/h4>\n<h6>sources http:\/\/reseau3gg.centerblog.net\/rub-volet-141-r-charbon-.ht\u2026<\/h6>\n<h4 style=\"text-align: justify;\">Ci dessous la locomotive 141 R 44 qui manoeuvre \u00e0 Montreux-Vieux. Le train 32807 qu&rsquo;elle vient d&rsquo;amener de Montb\u00e9liard ou de Belfort est un train complet de wagons GEFCO pour le transport de voitures. Le m\u00e9cano a d\u00e9j\u00e0 plac\u00e9 \u00e0 l&rsquo;avant de sa machine le disque rouge de fin de convoi pour le voyage de retour haut-le- pied \u00e0 Belfort.<\/h4>\n<h4 style=\"text-align: justify;\">sourceshttp:\/\/reseau3gg.centerblog.net\/rub-volet-141-r-charbon-.ht\u2026<\/h4>\n<p style=\"text-align: center;\"><a href=\"http:\/\/montreux-vieux.net\/montreux-vieux.net\/wp-content\/uploads\/2018\/10\/ScreenShot1283.jpg\" target=\"_blank\" rel=\"noopener\"><img loading=\"lazy\" decoding=\"async\" class=\"aligncenter wp-image-11266 size-full\" src=\"http:\/\/montreux-vieux.net\/montreux-vieux.net\/wp-content\/uploads\/2018\/10\/ScreenShot1283.jpg\" alt=\"\" width=\"595\" height=\"339\" srcset=\"https:\/\/montreux-vieux.net\/montreux-vieux.net\/wp-content\/uploads\/2018\/10\/ScreenShot1283.jpg 595w, https:\/\/montreux-vieux.net\/montreux-vieux.net\/wp-content\/uploads\/2018\/10\/ScreenShot1283-300x171.jpg 300w\" sizes=\"auto, (max-width: 595px) 100vw, 595px\" \/><\/a><\/p>\n","protected":false},"excerpt":{"rendered":"<p>Quand la barri\u00e8re \u00e9tait ferm\u00e9e et les trains manoeuvraient !! Sous la neige \u00e0 Montreux-Vieux en 1963 la locomotive \u00e0 vapeur 141 R 163 manoeuvre la rame de produits p\u00e9troliers en provenance de TOTAL. sources http:\/\/reseau3gg.centerblog.net\/rub-volet-141-r-charbon-.ht\u2026 Ci dessous la locomotive &hellip; <a href=\"https:\/\/montreux-vieux.net\/?page_id=11268\">Continuer la lecture <span class=\"meta-nav\">&rarr;<\/span><\/a><\/p>\n","protected":false},"author":1,"featured_media":0,"parent":13007,"menu_order":30,"comment_status":"closed","ping_status":"open","template":"","meta":{"footnotes":""},"class_list":["post-11268","page","type-page","status-publish","hentry"],"_links":{"self":[{"href":"https:\/\/montreux-vieux.net\/index.php?rest_route=\/wp\/v2\/pages\/11268","targetHints":{"allow":["GET"]}}],"collection":[{"href":"https:\/\/montreux-vieux.net\/index.php?rest_route=\/wp\/v2\/pages"}],"about":[{"href":"https:\/\/montreux-vieux.net\/index.php?rest_route=\/wp\/v2\/types\/page"}],"author":[{"embeddable":true,"href":"https:\/\/montreux-vieux.net\/index.php?rest_route=\/wp\/v2\/users\/1"}],"replies":[{"embeddable":true,"href":"https:\/\/montreux-vieux.net\/index.php?rest_route=%2Fwp%2Fv2%2Fcomments&post=11268"}],"version-history":[{"count":2,"href":"https:\/\/montreux-vieux.net\/index.php?rest_route=\/wp\/v2\/pages\/11268\/revisions"}],"predecessor-version":[{"id":13371,"href":"https:\/\/montreux-vieux.net\/index.php?rest_route=\/wp\/v2\/pages\/11268\/revisions\/13371"}],"up":[{"embeddable":true,"href":"https:\/\/montreux-vieux.net\/index.php?rest_route=\/wp\/v2\/pages\/13007"}],"wp:attachment":[{"href":"https:\/\/montreux-vieux.net\/index.php?rest_route=%2Fwp%2Fv2%2Fmedia&parent=11268"}],"curies":[{"name":"wp","href":"https:\/\/api.w.org\/{rel}","templated":true}]}}