{"id":11275,"date":"2018-10-12T12:36:50","date_gmt":"2018-10-12T11:36:50","guid":{"rendered":"http:\/\/montreux-vieux.net\/?page_id=11275"},"modified":"2021-03-06T16:21:44","modified_gmt":"2021-03-06T15:21:44","slug":"chantier-suite-a-un-deraillement-en-mars-2008","status":"publish","type":"page","link":"https:\/\/montreux-vieux.net\/?page_id=11275","title":{"rendered":"Chantier suite \u00e0 un d\u00e9raillement en mars 2008"},"content":{"rendered":"<h3 style=\"text-align: center;\">Chantier suite \u00e0 un d\u00e9raillement en mars 2008<\/h3>\n<h5>Copie du Message par ttxdudu90 \u00bb 11 Oct. 2009 16:51du forum\u00a0\u00a0: http:\/\/www.forum.sttx.fr\/viewtopic.php?f=121&amp;t=1496<\/h5>\n<p style=\"text-align: center;\"><a href=\"http:\/\/montreux-vieux.net\/montreux-vieux.net\/wp-content\/uploads\/2018\/10\/train.jpg\" target=\"_blank\" rel=\"noopener\"><img loading=\"lazy\" decoding=\"async\" class=\"aligncenter wp-image-11276 size-full\" src=\"http:\/\/montreux-vieux.net\/montreux-vieux.net\/wp-content\/uploads\/2018\/10\/train.jpg\" alt=\"\" width=\"598\" height=\"1024\" srcset=\"https:\/\/montreux-vieux.net\/montreux-vieux.net\/wp-content\/uploads\/2018\/10\/train.jpg 598w, https:\/\/montreux-vieux.net\/montreux-vieux.net\/wp-content\/uploads\/2018\/10\/train-175x300.jpg 175w\" sizes=\"auto, (max-width: 598px) 100vw, 598px\" \/><\/a><\/p>\n<h4>Bonjour,<\/h4>\n<h4>Le chantier dont je vais faire le reportage c&rsquo;est d\u00e9roul\u00e9 \u00e0 partir du 06\/03\/2008 suite au d\u00e9raillement de 2 wagons de c\u00e9r\u00e9ales dans un convoie fret.<\/h4>\n<h4>L&rsquo;origine de cette d\u00e9raillement est due \u00e0 un affaissement de la voie du au passage d&rsquo;un train sur la commune de Ch\u00e9vremont.<\/h4>\n<h4>Le d\u00e9raillement a fait beaucoup de gros d\u00e9g\u00e2ts sur la voie 1, au total 6,350 km de voie hors d&rsquo; usage, le passage \u00e0 niveaux de Petit Croix d\u00e9truits et l&rsquo;aiguillage de Montreux Vieux tr\u00e8s endommag\u00e9 suite \u00e0 la remise des deux wagons sur les rails et le train a continu\u00e9 son chemin sans rien s&rsquo;apercevoir.<\/h4>\n<h4>C&rsquo;est l&rsquo;entreprise TSO et SEGO-RAIL qui ont fait les travaux car il avait du mat\u00e9riel \u00e0 Montreux Vieux et Belfort, car il avait le chantier de renouvellement de voie compl\u00e8te de la ligne 28 Belfort-Besan\u00e7on<\/h4>\n<h4>Sources\u00a0: http:\/\/www.forum.sttx.fr\/viewtopic.php?f=121&amp;t=1496<\/h4>\n","protected":false},"excerpt":{"rendered":"<p>Chantier suite \u00e0 un d\u00e9raillement en mars 2008 Copie du Message par ttxdudu90 \u00bb 11 Oct. 2009 16:51du forum\u00a0\u00a0: http:\/\/www.forum.sttx.fr\/viewtopic.php?f=121&amp;t=1496 Bonjour, Le chantier dont je vais faire le reportage c&rsquo;est d\u00e9roul\u00e9 \u00e0 partir du 06\/03\/2008 suite au d\u00e9raillement de 2 &hellip; <a href=\"https:\/\/montreux-vieux.net\/?page_id=11275\">Continuer la lecture <span class=\"meta-nav\">&rarr;<\/span><\/a><\/p>\n","protected":false},"author":1,"featured_media":0,"parent":13044,"menu_order":30,"comment_status":"closed","ping_status":"open","template":"","meta":{"footnotes":""},"class_list":["post-11275","page","type-page","status-publish","hentry"],"_links":{"self":[{"href":"https:\/\/montreux-vieux.net\/index.php?rest_route=\/wp\/v2\/pages\/11275","targetHints":{"allow":["GET"]}}],"collection":[{"href":"https:\/\/montreux-vieux.net\/index.php?rest_route=\/wp\/v2\/pages"}],"about":[{"href":"https:\/\/montreux-vieux.net\/index.php?rest_route=\/wp\/v2\/types\/page"}],"author":[{"embeddable":true,"href":"https:\/\/montreux-vieux.net\/index.php?rest_route=\/wp\/v2\/users\/1"}],"replies":[{"embeddable":true,"href":"https:\/\/montreux-vieux.net\/index.php?rest_route=%2Fwp%2Fv2%2Fcomments&post=11275"}],"version-history":[{"count":3,"href":"https:\/\/montreux-vieux.net\/index.php?rest_route=\/wp\/v2\/pages\/11275\/revisions"}],"predecessor-version":[{"id":22736,"href":"https:\/\/montreux-vieux.net\/index.php?rest_route=\/wp\/v2\/pages\/11275\/revisions\/22736"}],"up":[{"embeddable":true,"href":"https:\/\/montreux-vieux.net\/index.php?rest_route=\/wp\/v2\/pages\/13044"}],"wp:attachment":[{"href":"https:\/\/montreux-vieux.net\/index.php?rest_route=%2Fwp%2Fv2%2Fmedia&parent=11275"}],"curies":[{"name":"wp","href":"https:\/\/api.w.org\/{rel}","templated":true}]}}