{"id":11291,"date":"2018-10-13T10:10:16","date_gmt":"2018-10-13T09:10:16","guid":{"rendered":"http:\/\/montreux-vieux.net\/?page_id=11291"},"modified":"2019-01-02T13:27:10","modified_gmt":"2019-01-02T12:27:10","slug":"le-saviez-vous-une-montreusienne-a-acquis-la-nationalite-luxembourgeoise","status":"publish","type":"page","link":"https:\/\/montreux-vieux.net\/?page_id=11291","title":{"rendered":"Le saviez-vous ? une montreusienne a acquis la nationalit\u00e9 Luxembourgeoise"},"content":{"rendered":"<h3 style=\"text-align: center;\">Le saviez-vous ? une montreusienne a acquis la nationalit\u00e9 Luxembourgeoise<\/h3>\n<p style=\"text-align: center;\"><a href=\"http:\/\/montreux-vieux.net\/montreux-vieux.net\/wp-content\/uploads\/2018\/10\/ScreenShot1299.jpg\" target=\"_blank\" rel=\"noopener\"><img loading=\"lazy\" decoding=\"async\" class=\"aligncenter wp-image-11289 size-full\" src=\"http:\/\/montreux-vieux.net\/montreux-vieux.net\/wp-content\/uploads\/2018\/10\/ScreenShot1299.jpg\" alt=\"\" width=\"340\" height=\"400\" srcset=\"https:\/\/montreux-vieux.net\/montreux-vieux.net\/wp-content\/uploads\/2018\/10\/ScreenShot1299.jpg 340w, https:\/\/montreux-vieux.net\/montreux-vieux.net\/wp-content\/uploads\/2018\/10\/ScreenShot1299-255x300.jpg 255w\" sizes=\"auto, (max-width: 340px) 100vw, 340px\" \/><\/a><\/p>\n<h4 style=\"text-align: justify;\">Par d\u00e9claration d\u00b4option faite le 12 octobre 1956 devant l\u00b4officier de l\u00b4\u00e9tat civil de la commune d\u00b4Eschsur-Alzette, en conformit\u00e9 de l\u00b4art. 19,3 de la loi du 9 mars 1940, la dame Seibold Charlotte-Marie-Th\u00e9r\u00e8se, \u00e9pouse Flammang Nicolas, n\u00e9e le 29 juin 1930 \u00e0 Montreux-Vieux \/France, demeurant \u00e0 Esch-sur-Alzette, a acquis la qualit\u00e9 de Luxembourgeoise. Cette d\u00e9claration sort ses effets trois jours francs apr\u00e8s la pr\u00e9sente publication<\/h4>\n<p>Sources&nbsp;: http:\/\/data.legilux.public.lu\/file\/eli-etat-leg-memorial-1958-11-fr-pdf.pdf<\/p>\n","protected":false},"excerpt":{"rendered":"<p>Le saviez-vous ? une montreusienne a acquis la nationalit\u00e9 Luxembourgeoise Par d\u00e9claration d\u00b4option faite le 12 octobre 1956 devant l\u00b4officier de l\u00b4\u00e9tat civil de la commune d\u00b4Eschsur-Alzette, en conformit\u00e9 de l\u00b4art. 19,3 de la loi du 9 mars 1940, la &hellip; <a href=\"https:\/\/montreux-vieux.net\/?page_id=11291\">Continuer la lecture <span class=\"meta-nav\">&rarr;<\/span><\/a><\/p>\n","protected":false},"author":1,"featured_media":0,"parent":13095,"menu_order":20,"comment_status":"closed","ping_status":"open","template":"","meta":{"footnotes":""},"class_list":["post-11291","page","type-page","status-publish","hentry"],"_links":{"self":[{"href":"https:\/\/montreux-vieux.net\/index.php?rest_route=\/wp\/v2\/pages\/11291","targetHints":{"allow":["GET"]}}],"collection":[{"href":"https:\/\/montreux-vieux.net\/index.php?rest_route=\/wp\/v2\/pages"}],"about":[{"href":"https:\/\/montreux-vieux.net\/index.php?rest_route=\/wp\/v2\/types\/page"}],"author":[{"embeddable":true,"href":"https:\/\/montreux-vieux.net\/index.php?rest_route=\/wp\/v2\/users\/1"}],"replies":[{"embeddable":true,"href":"https:\/\/montreux-vieux.net\/index.php?rest_route=%2Fwp%2Fv2%2Fcomments&post=11291"}],"version-history":[{"count":2,"href":"https:\/\/montreux-vieux.net\/index.php?rest_route=\/wp\/v2\/pages\/11291\/revisions"}],"predecessor-version":[{"id":13328,"href":"https:\/\/montreux-vieux.net\/index.php?rest_route=\/wp\/v2\/pages\/11291\/revisions\/13328"}],"up":[{"embeddable":true,"href":"https:\/\/montreux-vieux.net\/index.php?rest_route=\/wp\/v2\/pages\/13095"}],"wp:attachment":[{"href":"https:\/\/montreux-vieux.net\/index.php?rest_route=%2Fwp%2Fv2%2Fmedia&parent=11291"}],"curies":[{"name":"wp","href":"https:\/\/api.w.org\/{rel}","templated":true}]}}