{"id":11296,"date":"2018-10-13T10:29:20","date_gmt":"2018-10-13T09:29:20","guid":{"rendered":"http:\/\/montreux-vieux.net\/?page_id=11296"},"modified":"2019-01-02T13:25:37","modified_gmt":"2019-01-02T12:25:37","slug":"le-saviez-vous-un-foudre-a-vin-deguisheim-a-montreux-vieux-pour-payer-limpot","status":"publish","type":"page","link":"https:\/\/montreux-vieux.net\/?page_id=11296","title":{"rendered":"Le Saviez-vous\u00a0? Un foudre \u00e0 vin d\u2019Eguisheim \u00e0 Montreux-Vieux pour payer l\u2019imp\u00f4t"},"content":{"rendered":"<h3 style=\"text-align: center;\">Le Saviez-vous&nbsp;? Un foudre \u00e0 vin d\u2019Eguisheim \u00e0 Montreux-Vieux pour payer l\u2019imp\u00f4t<\/h3>\n<h4 style=\"text-align: justify;\">Il semble en effet que tr\u00e8s peu de vin de qualit\u00e9 \u00e9tait livr\u00e9 en tant qu\u2019imp\u00f4t, et les contrats tentaient d\u2019imposer en vain quelques r\u00e8gles comme celui trouv\u00e9 dans les archives de l\u2019abbaye Schuttern de Herrlisheim (68) datant de 1345 qui pr\u00e9cise que les vignerons devaient livrer du vin qui ait un bon bouquet, que les vignerons ne devaient pas s\u00e9parer le bon vin du moins bon, que l\u2019on ne devait pas laisser l\u2019aigre \u00e0 l\u2019abbaye en conservant le meilleur vin, et on devait leur livrer le vin issu des parcelles appartenant \u00e0 l\u2019abbaye et pas celui issu des parcelles de moins bonne qualit\u00e9 \u2026 si le contrat mentionne tout \u00e7a aussi clairement, on imagine fort bien que les abus devaient \u00eatre courants\u2026<\/h4>\n<p style=\"text-align: center;\"><a href=\"http:\/\/montreux-vieux.net\/montreux-vieux.net\/wp-content\/uploads\/2018\/10\/ScreenShot1300.jpg\" target=\"_blank\" rel=\"noopener\"><img loading=\"lazy\" decoding=\"async\" class=\"aligncenter wp-image-11294 size-full\" src=\"http:\/\/montreux-vieux.net\/montreux-vieux.net\/wp-content\/uploads\/2018\/10\/ScreenShot1300.jpg\" alt=\"\" width=\"273\" height=\"181\"><\/a><\/p>\n<h4 style=\"text-align: justify;\"><strong>On trouve aussi des archives de 1324<\/strong>&nbsp;qui racontent que pour rapporter de Eguisheim \u00e0 Montreux-Vieux un foudre de vin chaque ann\u00e9e, un garde \u00e9tait envoy\u00e9 qui devait voyager avec le foudre en question. Si le vin arrivait \u00e9claircit (dilu\u00e9 \u00e0 l\u2019eau) \u00e0 destination, c\u2019\u00e9tait le gardien qui \u00e9tait tenu pour responsable de &nbsp;\u00bb l\u2019\u00e9vasion &nbsp;\u00bb \u2026<\/h4>\n<h4 style=\"text-align: justify;\">La R\u00e9volution Fran\u00e7aise mit fin \u00e0 cet imp\u00f4t et en m\u00eame temps aux querelles devenues parfois intestines. Par la suite se mirent en place les dons \u00e0 l\u2019\u00e9glise, sur la base du volontariat et destin\u00e9es au cur\u00e9 local et au vin de messe. Ce vin \u00e9tait de meilleur qualit\u00e9 et g\u00e9n\u00e9ralement en moindre quantit\u00e9, m\u00eame si on rapporte que le cur\u00e9 de Ribeauvill\u00e9 re\u00e7u encore en 1880 50 hectolitres de vin&nbsp;! Ce syst\u00e8me de don perdurait jusqu\u2019aux deux guerres mondiales.<\/h4>\n<h6>Sources&nbsp;: https:\/\/rimuge.com\/page\/6\/<\/h6>\n","protected":false},"excerpt":{"rendered":"<p>Le Saviez-vous&nbsp;? Un foudre \u00e0 vin d\u2019Eguisheim \u00e0 Montreux-Vieux pour payer l\u2019imp\u00f4t Il semble en effet que tr\u00e8s peu de vin de qualit\u00e9 \u00e9tait livr\u00e9 en tant qu\u2019imp\u00f4t, et les contrats tentaient d\u2019imposer en vain quelques r\u00e8gles comme celui trouv\u00e9 &hellip; <a href=\"https:\/\/montreux-vieux.net\/?page_id=11296\">Continuer la lecture <span class=\"meta-nav\">&rarr;<\/span><\/a><\/p>\n","protected":false},"author":1,"featured_media":0,"parent":13034,"menu_order":16,"comment_status":"closed","ping_status":"open","template":"","meta":{"footnotes":""},"class_list":["post-11296","page","type-page","status-publish","hentry"],"_links":{"self":[{"href":"https:\/\/montreux-vieux.net\/index.php?rest_route=\/wp\/v2\/pages\/11296","targetHints":{"allow":["GET"]}}],"collection":[{"href":"https:\/\/montreux-vieux.net\/index.php?rest_route=\/wp\/v2\/pages"}],"about":[{"href":"https:\/\/montreux-vieux.net\/index.php?rest_route=\/wp\/v2\/types\/page"}],"author":[{"embeddable":true,"href":"https:\/\/montreux-vieux.net\/index.php?rest_route=\/wp\/v2\/users\/1"}],"replies":[{"embeddable":true,"href":"https:\/\/montreux-vieux.net\/index.php?rest_route=%2Fwp%2Fv2%2Fcomments&post=11296"}],"version-history":[{"count":2,"href":"https:\/\/montreux-vieux.net\/index.php?rest_route=\/wp\/v2\/pages\/11296\/revisions"}],"predecessor-version":[{"id":13327,"href":"https:\/\/montreux-vieux.net\/index.php?rest_route=\/wp\/v2\/pages\/11296\/revisions\/13327"}],"up":[{"embeddable":true,"href":"https:\/\/montreux-vieux.net\/index.php?rest_route=\/wp\/v2\/pages\/13034"}],"wp:attachment":[{"href":"https:\/\/montreux-vieux.net\/index.php?rest_route=%2Fwp%2Fv2%2Fmedia&parent=11296"}],"curies":[{"name":"wp","href":"https:\/\/api.w.org\/{rel}","templated":true}]}}