{"id":11301,"date":"2018-10-14T12:17:12","date_gmt":"2018-10-14T11:17:12","guid":{"rendered":"http:\/\/montreux-vieux.net\/?page_id=11301"},"modified":"2020-07-19T15:20:42","modified_gmt":"2020-07-19T14:20:42","slug":"une-bagarre-a-la-frontiere-de-montreux-vieux","status":"publish","type":"page","link":"https:\/\/montreux-vieux.net\/?page_id=11301","title":{"rendered":"Une bagarre \u00e0 la fronti\u00e8re de Montreux-Vieux"},"content":{"rendered":"<h3 style=\"text-align: center;\">Une bagarre \u00e0 la fronti\u00e8re de Montreux-Vieux<\/h3>\n<p style=\"text-align: center;\"><a href=\"http:\/\/montreux-vieux.net\/montreux-vieux.net\/wp-content\/uploads\/2018\/10\/ScreenShot144.jpg\" target=\"_blank\" rel=\"noopener noreferrer\"><img loading=\"lazy\" decoding=\"async\" class=\"aligncenter wp-image-11299 size-full\" src=\"http:\/\/montreux-vieux.net\/montreux-vieux.net\/wp-content\/uploads\/2018\/10\/ScreenShot144.jpg\" alt=\"\" width=\"497\" height=\"311\" srcset=\"https:\/\/montreux-vieux.net\/montreux-vieux.net\/wp-content\/uploads\/2018\/10\/ScreenShot144.jpg 497w, https:\/\/montreux-vieux.net\/montreux-vieux.net\/wp-content\/uploads\/2018\/10\/ScreenShot144-300x188.jpg 300w\" sizes=\"auto, (max-width: 497px) 100vw, 497px\" \/><\/a><\/p>\n<h4 style=\"text-align: justify;\">Une bagarre \u00e0 la fronti\u00e8re. \u2014 L&rsquo;enqu\u00eate ouverte par les autorit\u00e9s allemandes sur l&rsquo;incident de fronti\u00e8re signal\u00e9, il y a quelques jours, est maintenant close. Il a \u00e9t\u00e9 \u00e9tabli que la bagarre entre jeunes Fran\u00e7ais et jeunes Allemands s&rsquo;est produite sur le pont qui m\u00e8ne d&rsquo;Alsace en France. Le poteau-fronti\u00e8re allemand est \u00e0 une extr\u00e9mit\u00e9, le poteau fran\u00e7ais \u00e0 l&rsquo;autre, tandis que la limite th\u00e9orique est form\u00e9e par le \u00ab Thalweg \u00bb du ruisseau. Le pont lui-m\u00eame est consid\u00e9r\u00e9 comme neutre et il n&rsquo;y a donc pas eu violation territoriale. Quant aux faits qui ont amen\u00e9 la bagarre, voici ce que nous avons appris: La fille du douanier fran\u00e7ais Cagnon avait \u00e9t\u00e9, \u00e0 plusieurs reprises, injuri\u00e9e par un employ\u00e9 de la douane allemande de Montreux-Vieux. Or, parmi les jeunes Allemands venus danser \u00e0 Montreux-Ch\u00e2teau, la jeune fille crut reconna\u00eetre son insulteur et le d\u00e9signa \u00e0 son fr\u00e8re, caporal au 152 e de ligne, \u00e0 ce moment en permission dans sa famille. Ce fut l&rsquo;origine de la querelle, qui se r\u00e9duit ainsi \u00e0 une bagarre entre jeunes gens.<\/h4>\n<h6>sources: Journal le Kiosque Lorrain du jeudi 28 d\u00e9cembre 1911<\/h6>\n<p>A LA FRONTIERE. \u2014 La rixe relat\u00e9e dans l\u2019 Express\u00a0 du 21 a eu lieu, non sur territoire annex\u00e9, mais sur le poste-fronti\u00e8re de la route de Montreux-Ch\u00e2teau \u00e0 Montreux-Vieux<\/p>\n<p>Voici\u00a0 comment les faits se sont pass\u00e9s d\u2019apr\u00e8s l\u2019enqu\u00eate de la gendarmerie fran\u00e7aise<\/p>\n<p>Les Alsaciens qui y furent m\u00eal\u00e9s avaient insult\u00e9 une demoiselle de Montreux-Ch\u00e2teau ; le fr\u00e8re de celle-ci, caporal rengag\u00e9 en garnison dans un fort de la place de Belfort, \u00e9tant en permission r\u00e9guli\u00e8re, jouait\u00a0 aux cartes dans un caf\u00e9 avec un sergent de sa compagnie : lorsque\u00a0 vers 6 heures du soir, sa s\u0153ur vint l\u2019informer que les individus qui l&rsquo;avaient injuri\u00e9e pass\u00e8rent \u00e0\u00a0 ce moment sur la route. Le militaire sortit pour s&rsquo;expliquer avec les jeunes gens de Montreux-Vieux et Montreux-Jeune ; arriv\u00e9s sur le pont qui est enti\u00e8rement sur le sol fran\u00e7ais, ces individus devinrent agressifs ; le caporal re\u00e7ut un violent coup de canne dans le dos; se trouvant en \u00e9tat de l\u00e9gitime d\u00e9fense, il frappa avec un b\u00e2ton.<\/p>\n<p>Le sergent vint alors chercher le caporal pour le faire revenir au caf\u00e9.<\/p>\n<p>La bagarre n&rsquo;a pas eu les cons\u00e9quences que certaines informations exag\u00e9raient : seul, l\u2019un des jeunes alsaciens nomm\u00e9 Dinninger demeurant \u00e0 Montreux-Vieux, aurait re\u00e7u des blessures n\u00e9cessitant l\u2019intervention du m\u00e9decin.<\/p>\n<p>Sources\u00a0: Express 27 d\u00e9cembre 1911<\/p>\n","protected":false},"excerpt":{"rendered":"<p>Une bagarre \u00e0 la fronti\u00e8re de Montreux-Vieux Une bagarre \u00e0 la fronti\u00e8re. \u2014 L&rsquo;enqu\u00eate ouverte par les autorit\u00e9s allemandes sur l&rsquo;incident de fronti\u00e8re signal\u00e9, il y a quelques jours, est maintenant close. Il a \u00e9t\u00e9 \u00e9tabli que la bagarre entre &hellip; <a href=\"https:\/\/montreux-vieux.net\/?page_id=11301\">Continuer la lecture <span class=\"meta-nav\">&rarr;<\/span><\/a><\/p>\n","protected":false},"author":1,"featured_media":0,"parent":13130,"menu_order":16,"comment_status":"closed","ping_status":"open","template":"","meta":{"footnotes":""},"class_list":["post-11301","page","type-page","status-publish","hentry"],"_links":{"self":[{"href":"https:\/\/montreux-vieux.net\/index.php?rest_route=\/wp\/v2\/pages\/11301","targetHints":{"allow":["GET"]}}],"collection":[{"href":"https:\/\/montreux-vieux.net\/index.php?rest_route=\/wp\/v2\/pages"}],"about":[{"href":"https:\/\/montreux-vieux.net\/index.php?rest_route=\/wp\/v2\/types\/page"}],"author":[{"embeddable":true,"href":"https:\/\/montreux-vieux.net\/index.php?rest_route=\/wp\/v2\/users\/1"}],"replies":[{"embeddable":true,"href":"https:\/\/montreux-vieux.net\/index.php?rest_route=%2Fwp%2Fv2%2Fcomments&post=11301"}],"version-history":[{"count":3,"href":"https:\/\/montreux-vieux.net\/index.php?rest_route=\/wp\/v2\/pages\/11301\/revisions"}],"predecessor-version":[{"id":20186,"href":"https:\/\/montreux-vieux.net\/index.php?rest_route=\/wp\/v2\/pages\/11301\/revisions\/20186"}],"up":[{"embeddable":true,"href":"https:\/\/montreux-vieux.net\/index.php?rest_route=\/wp\/v2\/pages\/13130"}],"wp:attachment":[{"href":"https:\/\/montreux-vieux.net\/index.php?rest_route=%2Fwp%2Fv2%2Fmedia&parent=11301"}],"curies":[{"name":"wp","href":"https:\/\/api.w.org\/{rel}","templated":true}]}}