{"id":11306,"date":"2018-10-14T13:00:14","date_gmt":"2018-10-14T12:00:14","guid":{"rendered":"http:\/\/montreux-vieux.net\/?page_id=11306"},"modified":"2019-01-02T11:24:59","modified_gmt":"2019-01-02T10:24:59","slug":"on-pouvait-lire-a-montreux-vieux-les-thiebaud","status":"publish","type":"page","link":"https:\/\/montreux-vieux.net\/?page_id=11306","title":{"rendered":"On pouvait lire: A Montreux-Vieux les Thi\u00e9baud"},"content":{"rendered":"<h3 style=\"text-align: center;\">A Montreux-Vieux les Thi\u00e9baud<\/h3>\n<p style=\"text-align: center;\"><a href=\"http:\/\/montreux-vieux.net\/montreux-vieux.net\/wp-content\/uploads\/2018\/10\/ScreenShot1301.jpg\" target=\"_blank\" rel=\"noopener\"><img loading=\"lazy\" decoding=\"async\" class=\"aligncenter wp-image-11304 size-full\" src=\"http:\/\/montreux-vieux.net\/montreux-vieux.net\/wp-content\/uploads\/2018\/10\/ScreenShot1301.jpg\" alt=\"\" width=\"218\" height=\"248\"><\/a><\/p>\n<div class=\"retrait\">\n<h4 style=\"text-align: justify;\">Les THI\u00c9BAUD sont pr\u00e9sents depuis bien longtemps dans le secteur de Montreux.<\/h4>\n<h4 style=\"text-align: justify;\">En 1597 d\u00e9j\u00e0, l&rsquo;abb\u00e9 Charles VIELLE de Valdieu donne en location \u00e0 Hugo TI\u00c9BAULT de Montreux-Vieux et \u00e0 ses h\u00e9ritiers, pr\u00e8s de trois hectares de terre (champs et bois) appartenant \u00e0 l&rsquo;abbaye.<\/h4>\n<h4 style=\"text-align: justify;\">Plus tard, vers le milieu du XVII\u00e8 si\u00e8cle, vivaient \u00e0 Chavannes-sur-l-\u00c9tang les familles de Nicolas et G\u00e9rard THI\u00c9BAUD.<\/h4>\n<h4 style=\"text-align: justify;\">Le premier \u00e9tait l&rsquo;\u00e9poux d&rsquo;Anne P\u00c9CALIER. Le partage de sa succession, dress\u00e9 en 1608, nous apprend que le couple avait alors six enfants. Fran\u00e7oise, la fille cadette n\u00e9e en 1664, \u00e9pousa Jacques BRUANT de Montreux-Vieux en premi\u00e8res noces, puis en secondes Pierre FOUDROT, veuf de Lutran, auquel elle donna encore quatre enfants.<\/h4>\n<h4 style=\"text-align: justify;\">Le deuxi\u00e8me, G\u00e9rard, fut d&rsquo;abord mari\u00e9 avec Barbe KELLER, puis avec Jeanne MARCHAL (ou MAR\u00c9CHAL). Il eut plusieurs enfants avec chacune de ses deux \u00e9pouses.<\/h4>\n<h4 style=\"text-align: justify;\">Une de ses filles, pr\u00e9nomm\u00e9e Marie, s&rsquo;unit \u00e0 Fran\u00e7ois PERNEZ de Chavannes-sur-l&rsquo;\u00c9tang.<\/h4>\n<h4 style=\"text-align: justify;\">Quant \u00e0 ses fils, deux d&rsquo;entre eux, Jean-Louis et Denis, contract\u00e8rent respectivement avec Etiennette BARNAB\u00c9, la fille de Richard et Barbe FRANCHEREZ de Lutran (4 enfants) et avec Guillemmette FAIVRE, la fille de Nicolas et d&rsquo;Alice CHERAY de Valdieu (10 enfants dont plusieurs moururent en bas \u00e2ge).<\/h4>\n<h4 style=\"text-align: justify;\">Jean Pierre, le petit fils de Denis, n\u00e9 en 1729 de Henri et Claire SCHMITTLIN, \u00e9pousa en 1756 Catherine BESAN\u00c7ON, la fille de Jean Pierre et de Marie BORON de Montreux-Jeune et il se fixa dans cette derni\u00e8re localit\u00e9. Il fut le p\u00e8re de huit enfants.<\/h4>\n<h4 style=\"text-align: justify;\">Son fils Louis, \u00e9poux de Marguerite FR\u00c9ZARD de Bretagne, a \u00e9t\u00e9 forestier du seigneur de Reinach-Foussemagne. Il perdit son emploi \u00e0 la R\u00e9volution lorsque son employeur \u00e9migra en 1782.<\/h4>\n<h4 style=\"text-align: justify;\">Il fut r\u00e9duit \u00e0 l&rsquo;\u00e9tat de journalier et devint boucher pas la suite.<\/h4>\n<h6>sources:&nbsp;https:\/\/www.crhf.net\/fr\/index.php?t=bases&amp;d=bases%2Fnotices&amp;c=notices&amp;f=selection&amp;p=&amp;order=nom1&amp;order2=1&amp;nom1=&amp;uid=871<\/h6>\n<\/div>\n","protected":false},"excerpt":{"rendered":"<p>A Montreux-Vieux les Thi\u00e9baud Les THI\u00c9BAUD sont pr\u00e9sents depuis bien longtemps dans le secteur de Montreux. En 1597 d\u00e9j\u00e0, l&rsquo;abb\u00e9 Charles VIELLE de Valdieu donne en location \u00e0 Hugo TI\u00c9BAULT de Montreux-Vieux et \u00e0 ses h\u00e9ritiers, pr\u00e8s de trois hectares &hellip; <a href=\"https:\/\/montreux-vieux.net\/?page_id=11306\">Continuer la lecture <span class=\"meta-nav\">&rarr;<\/span><\/a><\/p>\n","protected":false},"author":1,"featured_media":0,"parent":13095,"menu_order":14,"comment_status":"closed","ping_status":"open","template":"","meta":{"footnotes":""},"class_list":["post-11306","page","type-page","status-publish","hentry"],"_links":{"self":[{"href":"https:\/\/montreux-vieux.net\/index.php?rest_route=\/wp\/v2\/pages\/11306","targetHints":{"allow":["GET"]}}],"collection":[{"href":"https:\/\/montreux-vieux.net\/index.php?rest_route=\/wp\/v2\/pages"}],"about":[{"href":"https:\/\/montreux-vieux.net\/index.php?rest_route=\/wp\/v2\/types\/page"}],"author":[{"embeddable":true,"href":"https:\/\/montreux-vieux.net\/index.php?rest_route=\/wp\/v2\/users\/1"}],"replies":[{"embeddable":true,"href":"https:\/\/montreux-vieux.net\/index.php?rest_route=%2Fwp%2Fv2%2Fcomments&post=11306"}],"version-history":[{"count":2,"href":"https:\/\/montreux-vieux.net\/index.php?rest_route=\/wp\/v2\/pages\/11306\/revisions"}],"predecessor-version":[{"id":13295,"href":"https:\/\/montreux-vieux.net\/index.php?rest_route=\/wp\/v2\/pages\/11306\/revisions\/13295"}],"up":[{"embeddable":true,"href":"https:\/\/montreux-vieux.net\/index.php?rest_route=\/wp\/v2\/pages\/13095"}],"wp:attachment":[{"href":"https:\/\/montreux-vieux.net\/index.php?rest_route=%2Fwp%2Fv2%2Fmedia&parent=11306"}],"curies":[{"name":"wp","href":"https:\/\/api.w.org\/{rel}","templated":true}]}}