{"id":11319,"date":"2018-10-15T12:49:45","date_gmt":"2018-10-15T11:49:45","guid":{"rendered":"http:\/\/montreux-vieux.net\/?page_id=11319"},"modified":"2019-01-02T13:17:35","modified_gmt":"2019-01-02T12:17:35","slug":"le-saviez-vous-louis-baptiste-fabry-decore-a-montreux-vieux-le-12-juillet-1917-de-la-medaille-militaire","status":"publish","type":"page","link":"https:\/\/montreux-vieux.net\/?page_id=11319","title":{"rendered":"Le saviez-vous\u00a0? Louis Baptiste Fabry d\u00e9cor\u00e9 \u00e0 Montreux-Vieux le 12 juillet 1917 de la m\u00e9daille militaire"},"content":{"rendered":"<h3 style=\"text-align: center;\">Le saviez-vous&nbsp;? Louis Baptiste Fabry d\u00e9cor\u00e9 \u00e0 Montreux-Vieux le 12 juillet 1917 de la m\u00e9daille militaire<\/h3>\n<p style=\"text-align: center;\"><a href=\"http:\/\/montreux-vieux.net\/montreux-vieux.net\/wp-content\/uploads\/2018\/10\/ScreenShot1307.jpg\" target=\"_blank\" rel=\"noopener\"><img loading=\"lazy\" decoding=\"async\" class=\"aligncenter wp-image-11317 size-medium\" src=\"http:\/\/montreux-vieux.net\/montreux-vieux.net\/wp-content\/uploads\/2018\/10\/ScreenShot1307-273x300.jpg\" alt=\"\" width=\"273\" height=\"300\" srcset=\"https:\/\/montreux-vieux.net\/montreux-vieux.net\/wp-content\/uploads\/2018\/10\/ScreenShot1307-273x300.jpg 273w, https:\/\/montreux-vieux.net\/montreux-vieux.net\/wp-content\/uploads\/2018\/10\/ScreenShot1307.jpg 439w\" sizes=\"auto, (max-width: 273px) 100vw, 273px\" \/><\/a><\/p>\n<p>&nbsp;<\/p>\n<h4 style=\"text-align: justify;\">\u00ab\u00a0Louis\u00a0\u00bb Baptiste FABRY &nbsp;m\u00e9daille coloniale (10 septembre 1916), croix de guerre 1914-1918 \u00e9toile de bronze (2 janvier 1917), m\u00e9daille militaire (14 juillet 1917)<\/h4>\n<h4 style=\"text-align: justify;\">D\u00e9cor\u00e9 le 12 juillet 1917 \u00e0 Montreux-Vieux, 68210, Haut-Rhin, Alsace, France de la&nbsp;M\u00e9daille militaire. Bulletin des arm\u00e9es : \u00ab Sous-officier d&rsquo;une rare bravoure et d&rsquo;une \u00e9nergie exceptionnelle. S&rsquo;est fait particuli\u00e8rement remarquer pendant les attaques sur la Somme ainsi qu&rsquo;au cours de la bataille de l&rsquo;Aisne en avril 1917. Une citation. \u00bb&nbsp;Sources: Journal Officiel de la R\u00e9publique fran\u00e7aise du 14\/07\/1917<\/h4>\n<h4 style=\"text-align: justify;\">N\u00e9 le 19 avril 1881 (mardi) &#8211; Alger, Alg\u00e9rie D\u00e9c\u00e9d\u00e9 le 31 janvier 1958 (vendredi) &#8211; Leyr, 54760, Meurthe-et-Moselle, Lorraine, France, \u00e0 l\u2019\u00e2ge de 76 ans&nbsp;Inhum\u00e9 en f\u00e9vrier 1958 &#8211; Leyr, 54760, Meurthe-et-Moselle, Lorraine, France&nbsp;Il \u00e9tait \u00e9lectricien, artilleur colonial, brigadier puis mar\u00e9chal des logis au 3e r\u00e9giment d&rsquo;artillerie coloniale, surveillant \u00e0 l&rsquo;usine de Pompey<\/h4>\n<h4 style=\"text-align: justify;\">A particip\u00e9 \u00e0 la Grande Guerre Unit\u00e9(s) : 6e r\u00e9giment d&rsquo;artillerie coloniale (6e RAC) , 3e r\u00e9giment d&rsquo;artillerie coloniale (3e RAC) , 105e r\u00e9giment d&rsquo;artillerie lourde (105e RAL) , 107e r\u00e9giment d&rsquo;artillerie lourde (107e RAL) , 81e r\u00e9giment d&rsquo;artillerie lourde (81e RAL) , 85e r\u00e9giment d&rsquo;artillerie lourde (85e RAL) Domicile lors de la mobilisation : le Havre (76)<\/h4>\n","protected":false},"excerpt":{"rendered":"<p>Le saviez-vous&nbsp;? Louis Baptiste Fabry d\u00e9cor\u00e9 \u00e0 Montreux-Vieux le 12 juillet 1917 de la m\u00e9daille militaire &nbsp; \u00ab\u00a0Louis\u00a0\u00bb Baptiste FABRY &nbsp;m\u00e9daille coloniale (10 septembre 1916), croix de guerre 1914-1918 \u00e9toile de bronze (2 janvier 1917), m\u00e9daille militaire (14 juillet 1917) &hellip; <a href=\"https:\/\/montreux-vieux.net\/?page_id=11319\">Continuer la lecture <span class=\"meta-nav\">&rarr;<\/span><\/a><\/p>\n","protected":false},"author":1,"featured_media":0,"parent":12673,"menu_order":68,"comment_status":"closed","ping_status":"open","template":"","meta":{"footnotes":""},"class_list":["post-11319","page","type-page","status-publish","hentry"],"_links":{"self":[{"href":"https:\/\/montreux-vieux.net\/index.php?rest_route=\/wp\/v2\/pages\/11319","targetHints":{"allow":["GET"]}}],"collection":[{"href":"https:\/\/montreux-vieux.net\/index.php?rest_route=\/wp\/v2\/pages"}],"about":[{"href":"https:\/\/montreux-vieux.net\/index.php?rest_route=\/wp\/v2\/types\/page"}],"author":[{"embeddable":true,"href":"https:\/\/montreux-vieux.net\/index.php?rest_route=\/wp\/v2\/users\/1"}],"replies":[{"embeddable":true,"href":"https:\/\/montreux-vieux.net\/index.php?rest_route=%2Fwp%2Fv2%2Fcomments&post=11319"}],"version-history":[{"count":2,"href":"https:\/\/montreux-vieux.net\/index.php?rest_route=\/wp\/v2\/pages\/11319\/revisions"}],"predecessor-version":[{"id":13322,"href":"https:\/\/montreux-vieux.net\/index.php?rest_route=\/wp\/v2\/pages\/11319\/revisions\/13322"}],"up":[{"embeddable":true,"href":"https:\/\/montreux-vieux.net\/index.php?rest_route=\/wp\/v2\/pages\/12673"}],"wp:attachment":[{"href":"https:\/\/montreux-vieux.net\/index.php?rest_route=%2Fwp%2Fv2%2Fmedia&parent=11319"}],"curies":[{"name":"wp","href":"https:\/\/api.w.org\/{rel}","templated":true}]}}