{"id":11333,"date":"2018-10-16T14:01:59","date_gmt":"2018-10-16T13:01:59","guid":{"rendered":"http:\/\/montreux-vieux.net\/?page_id=11333"},"modified":"2019-01-02T11:31:05","modified_gmt":"2019-01-02T10:31:05","slug":"on-pouvait-lire-consignes-pour-le-transport-de-raisins-par-montreux-vieux-en-1908","status":"publish","type":"page","link":"https:\/\/montreux-vieux.net\/?page_id=11333","title":{"rendered":"On pouvait lire: Consignes pour le transport de raisins par Montreux-Vieux en 1908"},"content":{"rendered":"<h3 style=\"text-align: center;\">On pouvait lire: Consignes pour le transport de raisins par Montreux-Vieux<\/h3>\n<p style=\"text-align: center;\"><a href=\"http:\/\/montreux-vieux.net\/montreux-vieux.net\/wp-content\/uploads\/2018\/10\/ScreenShot1311.jpg\" target=\"_blank\" rel=\"noopener\"><img loading=\"lazy\" decoding=\"async\" class=\"aligncenter wp-image-11329 size-medium\" src=\"http:\/\/montreux-vieux.net\/montreux-vieux.net\/wp-content\/uploads\/2018\/10\/ScreenShot1311-300x173.jpg\" alt=\"\" width=\"300\" height=\"173\" srcset=\"https:\/\/montreux-vieux.net\/montreux-vieux.net\/wp-content\/uploads\/2018\/10\/ScreenShot1311-300x173.jpg 300w, https:\/\/montreux-vieux.net\/montreux-vieux.net\/wp-content\/uploads\/2018\/10\/ScreenShot1311-600x347.jpg 600w, https:\/\/montreux-vieux.net\/montreux-vieux.net\/wp-content\/uploads\/2018\/10\/ScreenShot1311.jpg 715w\" sizes=\"auto, (max-width: 300px) 100vw, 300px\" \/><\/a><\/p>\n<h4 style=\"text-align: justify;\">Les raisins de vendange peuvent aussi \u00eatre exp\u00e9di\u00e9s dans des caisses \u00e0 claire-voie mais \u00e0 fond imperm\u00e9able, de mani\u00e8re \u00e0 ne pas laisser passer le mo\u00fbt, dans le cas ou il s\u2019en produirait durant le trajet. A l\u2019arriv\u00e9e \u00e0 Montreux-Vieux, gare fronti\u00e8re, les caisses doivent \u00eatre envelopp\u00e9es de papier pour pouvoir \u00eatre admises par la douane, et cela encore sous pr\u00e9texte d\u2019\u00e9viter le phyllox\u00e9ra.<\/h4>\n<h5>sources: Bulletin de l&rsquo;Office de renseignements agricoles, Volume 6,Num\u00e9ro 2&nbsp; de 1908<\/h5>\n","protected":false},"excerpt":{"rendered":"<p>On pouvait lire: Consignes pour le transport de raisins par Montreux-Vieux Les raisins de vendange peuvent aussi \u00eatre exp\u00e9di\u00e9s dans des caisses \u00e0 claire-voie mais \u00e0 fond imperm\u00e9able, de mani\u00e8re \u00e0 ne pas laisser passer le mo\u00fbt, dans le cas &hellip; <a href=\"https:\/\/montreux-vieux.net\/?page_id=11333\">Continuer la lecture <span class=\"meta-nav\">&rarr;<\/span><\/a><\/p>\n","protected":false},"author":1,"featured_media":0,"parent":13007,"menu_order":32,"comment_status":"closed","ping_status":"open","template":"","meta":{"footnotes":""},"class_list":["post-11333","page","type-page","status-publish","hentry"],"_links":{"self":[{"href":"https:\/\/montreux-vieux.net\/index.php?rest_route=\/wp\/v2\/pages\/11333","targetHints":{"allow":["GET"]}}],"collection":[{"href":"https:\/\/montreux-vieux.net\/index.php?rest_route=\/wp\/v2\/pages"}],"about":[{"href":"https:\/\/montreux-vieux.net\/index.php?rest_route=\/wp\/v2\/types\/page"}],"author":[{"embeddable":true,"href":"https:\/\/montreux-vieux.net\/index.php?rest_route=\/wp\/v2\/users\/1"}],"replies":[{"embeddable":true,"href":"https:\/\/montreux-vieux.net\/index.php?rest_route=%2Fwp%2Fv2%2Fcomments&post=11333"}],"version-history":[{"count":2,"href":"https:\/\/montreux-vieux.net\/index.php?rest_route=\/wp\/v2\/pages\/11333\/revisions"}],"predecessor-version":[{"id":13298,"href":"https:\/\/montreux-vieux.net\/index.php?rest_route=\/wp\/v2\/pages\/11333\/revisions\/13298"}],"up":[{"embeddable":true,"href":"https:\/\/montreux-vieux.net\/index.php?rest_route=\/wp\/v2\/pages\/13007"}],"wp:attachment":[{"href":"https:\/\/montreux-vieux.net\/index.php?rest_route=%2Fwp%2Fv2%2Fmedia&parent=11333"}],"curies":[{"name":"wp","href":"https:\/\/api.w.org\/{rel}","templated":true}]}}