{"id":11386,"date":"2018-10-19T16:10:06","date_gmt":"2018-10-19T15:10:06","guid":{"rendered":"http:\/\/montreux-vieux.net\/?page_id=11386"},"modified":"2018-12-25T17:17:12","modified_gmt":"2018-12-25T16:17:12","slug":"le-saviez-vous-une-ambulance-a-montreux-vieux-n10-dc-22-22-09-15-733-en-1914","status":"publish","type":"page","link":"https:\/\/montreux-vieux.net\/?page_id=11386","title":{"rendered":"Le saviez-vous\u00a0? Une ambulance \u00e0 Montreux-Vieux n\u00b010 DC (22-22\/09\/15) : 733.en 1914"},"content":{"rendered":"<h3 style=\"text-align: center;\">Le saviez-vous&nbsp;? Une ambulance \u00e0 Montreux-Vieux n\u00b010 DC (22-22\/09\/15) : 733.en 1914<\/h3>\n<h4 style=\"text-align: justify;\">Rien \u00e0 voir avec l\u2019ambulance des sapeurs-pompiers ou priv\u00e9e, l\u2019ambulance en 1914 \u00e9tait un local ou \u00e9taient soign\u00e9s les bless\u00e9s de guerre.<\/h4>\n<p style=\"text-align: center;\"><a href=\"http:\/\/montreux-vieux.net\/montreux-vieux.net\/wp-content\/uploads\/2018\/10\/ScreenShot1326.jpg\" target=\"_blank\" rel=\"noopener\"><img loading=\"lazy\" decoding=\"async\" class=\"aligncenter wp-image-11380 size-medium\" src=\"http:\/\/montreux-vieux.net\/montreux-vieux.net\/wp-content\/uploads\/2018\/10\/ScreenShot1326-300x184.jpg\" alt=\"\" width=\"300\" height=\"184\" srcset=\"https:\/\/montreux-vieux.net\/montreux-vieux.net\/wp-content\/uploads\/2018\/10\/ScreenShot1326-300x184.jpg 300w, https:\/\/montreux-vieux.net\/montreux-vieux.net\/wp-content\/uploads\/2018\/10\/ScreenShot1326.jpg 479w\" sizes=\"auto, (max-width: 300px) 100vw, 300px\" \/><\/a><\/p>\n<h4 style=\"text-align: justify;\">D\u00e8s le 14 ao\u00fbt 1914, les formations sanitaires, Groupe de Brancardiers et Ambulances, commencent \u00e0 fonctionner et assurent le transport de 250 bless\u00e9s aux ambulances de&nbsp;Montreux-Vieux, Montreux-Ch\u00e2teau, Petit-Croix, d&rsquo;o\u00f9, apr\u00e8s les premiers soins, ils sont transport\u00e9s sur Belfort.Dans la journ\u00e9e du 15 ao\u00fbt, ces m\u00eames formations contribuent \u00e0 enterrer 150 morts, dont 44 soldats allemands abandonn\u00e9s par l&rsquo;ennemi.<\/h4>\n<p style=\"text-align: center;\"><a href=\"http:\/\/montreux-vieux.net\/montreux-vieux.net\/wp-content\/uploads\/2018\/10\/ScreenShot1325.jpg\" target=\"_blank\" rel=\"noopener\"><img loading=\"lazy\" decoding=\"async\" class=\"aligncenter wp-image-11383 size-medium\" src=\"http:\/\/montreux-vieux.net\/montreux-vieux.net\/wp-content\/uploads\/2018\/10\/ScreenShot1325-300x195.jpg\" alt=\"\" width=\"300\" height=\"195\" srcset=\"https:\/\/montreux-vieux.net\/montreux-vieux.net\/wp-content\/uploads\/2018\/10\/ScreenShot1325-300x195.jpg 300w, https:\/\/montreux-vieux.net\/montreux-vieux.net\/wp-content\/uploads\/2018\/10\/ScreenShot1325-768x499.jpg 768w, https:\/\/montreux-vieux.net\/montreux-vieux.net\/wp-content\/uploads\/2018\/10\/ScreenShot1325-600x390.jpg 600w, https:\/\/montreux-vieux.net\/montreux-vieux.net\/wp-content\/uploads\/2018\/10\/ScreenShot1325.jpg 961w\" sizes=\"auto, (max-width: 300px) 100vw, 300px\" \/><\/a><\/p>\n<h4 style=\"text-align: justify;\">Jusqu&rsquo;\u00e0 fin 1919, ces \u00e9l\u00e9ments proc\u00e8dent \u00e0 l&rsquo;\u00e9vacuation des bless\u00e9s dans toutes les affaires auxquelles la 57-D. I. a pris part : Combats de Montreux-Vieux, Romagny, Mulhouse,&nbsp;Dornach, Altkirch, Seppois-le-Bas, Ammertzwiller, Guildwiller, etc. Le chargement et le transport s&rsquo;est fait dans des circonstances difficiles, souvent p\u00e9rilleuses, sur le champ m\u00eame d&rsquo;op\u00e9rations.<\/h4>\n<p><a href=\"http:\/\/montreux-vieux.net\/montreux-vieux.net\/wp-content\/uploads\/2018\/10\/ScreenShot1324.jpg\" target=\"_blank\" rel=\"noopener\"><img loading=\"lazy\" decoding=\"async\" class=\"aligncenter wp-image-11384 size-medium\" src=\"http:\/\/montreux-vieux.net\/montreux-vieux.net\/wp-content\/uploads\/2018\/10\/ScreenShot1324-300x186.jpg\" alt=\"\" width=\"300\" height=\"186\" srcset=\"https:\/\/montreux-vieux.net\/montreux-vieux.net\/wp-content\/uploads\/2018\/10\/ScreenShot1324-300x186.jpg 300w, https:\/\/montreux-vieux.net\/montreux-vieux.net\/wp-content\/uploads\/2018\/10\/ScreenShot1324-768x476.jpg 768w, https:\/\/montreux-vieux.net\/montreux-vieux.net\/wp-content\/uploads\/2018\/10\/ScreenShot1324-600x372.jpg 600w, https:\/\/montreux-vieux.net\/montreux-vieux.net\/wp-content\/uploads\/2018\/10\/ScreenShot1324.jpg 959w\" sizes=\"auto, (max-width: 300px) 100vw, 300px\" \/><\/a><\/p>\n<h6>Sources: Historique du 7e escadron du train des \u00e9quipages militaires pendant la guerre 1914-1918<\/h6>\n","protected":false},"excerpt":{"rendered":"<p>Le saviez-vous&nbsp;? Une ambulance \u00e0 Montreux-Vieux n\u00b010 DC (22-22\/09\/15) : 733.en 1914 Rien \u00e0 voir avec l\u2019ambulance des sapeurs-pompiers ou priv\u00e9e, l\u2019ambulance en 1914 \u00e9tait un local ou \u00e9taient soign\u00e9s les bless\u00e9s de guerre. D\u00e8s le 14 ao\u00fbt 1914, les &hellip; <a href=\"https:\/\/montreux-vieux.net\/?page_id=11386\">Continuer la lecture <span class=\"meta-nav\">&rarr;<\/span><\/a><\/p>\n","protected":false},"author":1,"featured_media":0,"parent":12673,"menu_order":18,"comment_status":"closed","ping_status":"open","template":"","meta":{"footnotes":""},"class_list":["post-11386","page","type-page","status-publish","hentry"],"_links":{"self":[{"href":"https:\/\/montreux-vieux.net\/index.php?rest_route=\/wp\/v2\/pages\/11386","targetHints":{"allow":["GET"]}}],"collection":[{"href":"https:\/\/montreux-vieux.net\/index.php?rest_route=\/wp\/v2\/pages"}],"about":[{"href":"https:\/\/montreux-vieux.net\/index.php?rest_route=\/wp\/v2\/types\/page"}],"author":[{"embeddable":true,"href":"https:\/\/montreux-vieux.net\/index.php?rest_route=\/wp\/v2\/users\/1"}],"replies":[{"embeddable":true,"href":"https:\/\/montreux-vieux.net\/index.php?rest_route=%2Fwp%2Fv2%2Fcomments&post=11386"}],"version-history":[{"count":3,"href":"https:\/\/montreux-vieux.net\/index.php?rest_route=\/wp\/v2\/pages\/11386\/revisions"}],"predecessor-version":[{"id":12996,"href":"https:\/\/montreux-vieux.net\/index.php?rest_route=\/wp\/v2\/pages\/11386\/revisions\/12996"}],"up":[{"embeddable":true,"href":"https:\/\/montreux-vieux.net\/index.php?rest_route=\/wp\/v2\/pages\/12673"}],"wp:attachment":[{"href":"https:\/\/montreux-vieux.net\/index.php?rest_route=%2Fwp%2Fv2%2Fmedia&parent=11386"}],"curies":[{"name":"wp","href":"https:\/\/api.w.org\/{rel}","templated":true}]}}