{"id":11391,"date":"2018-10-20T09:57:27","date_gmt":"2018-10-20T08:57:27","guid":{"rendered":"http:\/\/montreux-vieux.net\/?page_id=11391"},"modified":"2018-10-20T09:57:27","modified_gmt":"2018-10-20T08:57:27","slug":"la-garde-nationale-a-montreux-vieux","status":"publish","type":"page","link":"https:\/\/montreux-vieux.net\/?page_id=11391","title":{"rendered":"La Garde Nationale \u00e0 Montreux-Vieux"},"content":{"rendered":"<h3 style=\"text-align: center;\">La Garde Nationale \u00e0 Montreux-Vieux<\/h3>\n<h4>Form\u00e9e sous la R\u00e9volution, le d\u00e9cret du 18 juin 1790 fixe les conditions de recrutement. C\u2019est ainsi que pour porter l\u2019uniforme bleu roi et blanc, il faut avoir moins de 25 ans, \u00eatre fran\u00e7ais, payer une contribution directe \u00e9quivalente au prix de 3 journ\u00e9es\u00a0 de travail, \u00eatre domicili\u00e9 dans la Canton et ne pas \u00eatre domestique.<\/h4>\n<h4>La garde nationale rel\u00e8ve alors soit du Minist\u00e8re de l\u2019Int\u00e9rieur soit du Minist\u00e8re des Arm\u00e9es selon l\u2019ordre \u00e0 maintenir ou si elle doit servir de r\u00e9serve \u00e0 l\u2019arm\u00e9e.<\/h4>\n<p><a href=\"http:\/\/montreux-vieux.net\/montreux-vieux.net\/wp-content\/uploads\/2018\/10\/ScreenShot1327.jpg\" target=\"_blank\" rel=\"noopener\"><img loading=\"lazy\" decoding=\"async\" class=\"aligncenter wp-image-11389 size-medium\" src=\"http:\/\/montreux-vieux.net\/montreux-vieux.net\/wp-content\/uploads\/2018\/10\/ScreenShot1327-137x300.jpg\" sizes=\"auto, (max-width: 137px) 100vw, 137px\" srcset=\"http:\/\/montreux-vieux.net\/montreux-vieux.net\/wp-content\/uploads\/2018\/10\/ScreenShot1327-137x300.jpg 137w, http:\/\/montreux-vieux.net\/montreux-vieux.net\/wp-content\/uploads\/2018\/10\/ScreenShot1327.jpg 253w\" alt=\"\" width=\"137\" height=\"300\" \/><\/a><\/p>\n<h4 style=\"text-align: justify;\">Organis\u00e9e en bataillon, elle est \u00e9galement appel\u00e9e cohorte. Le d\u00e9partement du Haut-Rhin, \u00e9tait compos\u00e9 de \u00a05 cohortes de 1\u00a0000 hommes plus 200 de r\u00e9serves.<\/h4>\n<h4 style=\"text-align: justify;\">Divis\u00e9e par un s\u00e9natus-consulte du 13 mars 1812 le 1<sup>er<\/sup> ban est compos\u00e9 d\u2019hommes \u00e2g\u00e9s de 20 \u00e0 26 ans qui n\u2019ont pas \u00e9t\u00e9 appel\u00e9s \u00e0 l\u2019arm\u00e9e active. Ils seront destin\u00e9s \u00e0 la garde fronti\u00e8re, \u00e0 la conservation des places fortes et \u00e0 la police int\u00e9rieure.<\/h4>\n<h4 style=\"text-align: justify;\">Le second ban concerne les hommes \u00e2g\u00e9s de 26 \u00e0 40 ans.<\/h4>\n<h4 style=\"text-align: justify;\">Il a donc \u00e9t\u00e9 judicieux de pourvoir les places fortes de Belfort, Neuf-Brisach et Huningue d\u2019hommes issus du 1<sup>er<\/sup> ban. Ces derniers \u00e9taient destin\u00e9s \u00e0 faire le service conjointement avec les troupes de la ligne en garnison.<\/h4>\n<h4 style=\"text-align: justify;\">En organisant par d\u00e9cret du 21 mars 1815 la garde nationale, l\u2019empereur lui donne deux fonctions, celle de la d\u00e9fense du territoire et celle de la tranquillit\u00e9 publique. S\u2019en suit un nouveau d\u00e9cret du 22 avril 1815 formant en Alsace 2 r\u00e9giments\u00a0 tendant par l\u2019arr\u00eat\u00e9 pr\u00e9fectoral du 8 ao\u00fbt et 19 octobre 1814 de cr\u00e9er et d\u2019installer\u00a0 dans le Haut-Rhin\u00a0 une cavalerie de lanciers dans la Garde Nationale. D\u00e9nomm\u00e9e\u00a0 L\u00e9gion du duc de BERRY, elle avait \u00e9t\u00e9 cr\u00e9\u00e9e pour rendre hommage au Duc de BERRY lors de son s\u00e9jour en 1814 en\u00a0 Alsace.<\/h4>\n<h4 style=\"text-align: justify;\">Sur des relev\u00e9s nominatifs dat\u00e9s du 8 f\u00e9vrier 1851 figurent pour Montreux-Vieux, Mauvais Fran\u00e7ois, n\u00e9 \u00e0 Montreux-Vieux le 20 novembre 1829, cultivateur, Patat Pierre n\u00e9 le 7 f\u00e9vrier 1929 \u00e0 Montreux-Vieux, cultivateur et d\u2019autres comme Flota, Cuenin, Pr\u00e9vot, Grosjean, Mauvais\u00a0; Rebrassier, Heidet, Gribert, Gevrier.<\/h4>\n<h4 style=\"text-align: justify;\">Un courrier du Maire Patat de Montreux-Vieux adress\u00e9 au Sous Pr\u00e9fet le 28 octobre 1847 indique que les 13 fusils et 3 sabres formant l\u2019armement sa commune ont \u00e9t\u00e9 livr\u00e9s le 22 octobre 1847 \u00e0 l\u2019arsenal de Belfort.<\/h4>\n","protected":false},"excerpt":{"rendered":"<p>La Garde Nationale \u00e0 Montreux-Vieux Form\u00e9e sous la R\u00e9volution, le d\u00e9cret du 18 juin 1790 fixe les conditions de recrutement. C\u2019est ainsi que pour porter l\u2019uniforme bleu roi et blanc, il faut avoir moins de 25 ans, \u00eatre fran\u00e7ais, payer &hellip; <a href=\"https:\/\/montreux-vieux.net\/?page_id=11391\">Continuer la lecture <span class=\"meta-nav\">&rarr;<\/span><\/a><\/p>\n","protected":false},"author":1,"featured_media":0,"parent":4103,"menu_order":54,"comment_status":"closed","ping_status":"open","template":"","meta":{"footnotes":""},"class_list":["post-11391","page","type-page","status-publish","hentry"],"_links":{"self":[{"href":"https:\/\/montreux-vieux.net\/index.php?rest_route=\/wp\/v2\/pages\/11391","targetHints":{"allow":["GET"]}}],"collection":[{"href":"https:\/\/montreux-vieux.net\/index.php?rest_route=\/wp\/v2\/pages"}],"about":[{"href":"https:\/\/montreux-vieux.net\/index.php?rest_route=\/wp\/v2\/types\/page"}],"author":[{"embeddable":true,"href":"https:\/\/montreux-vieux.net\/index.php?rest_route=\/wp\/v2\/users\/1"}],"replies":[{"embeddable":true,"href":"https:\/\/montreux-vieux.net\/index.php?rest_route=%2Fwp%2Fv2%2Fcomments&post=11391"}],"version-history":[{"count":1,"href":"https:\/\/montreux-vieux.net\/index.php?rest_route=\/wp\/v2\/pages\/11391\/revisions"}],"predecessor-version":[{"id":11392,"href":"https:\/\/montreux-vieux.net\/index.php?rest_route=\/wp\/v2\/pages\/11391\/revisions\/11392"}],"up":[{"embeddable":true,"href":"https:\/\/montreux-vieux.net\/index.php?rest_route=\/wp\/v2\/pages\/4103"}],"wp:attachment":[{"href":"https:\/\/montreux-vieux.net\/index.php?rest_route=%2Fwp%2Fv2%2Fmedia&parent=11391"}],"curies":[{"name":"wp","href":"https:\/\/api.w.org\/{rel}","templated":true}]}}