{"id":11399,"date":"2018-10-20T13:28:14","date_gmt":"2018-10-20T12:28:14","guid":{"rendered":"http:\/\/montreux-vieux.net\/?page_id=11399"},"modified":"2019-01-02T11:33:18","modified_gmt":"2019-01-02T10:33:18","slug":"on-pouvait-lire-a-montreux-vieux-une-compagnie-de-cyclistes-allemands-a-attaque-le-poste-frontiere","status":"publish","type":"page","link":"https:\/\/montreux-vieux.net\/?page_id=11399","title":{"rendered":"On pouvait lire: A Montreux-Vieux, une compagnie de cyclistes allemands a attaqu\u00e9 le poste fronti\u00e8re"},"content":{"rendered":"<h3 style=\"text-align: center;\">A <span class=\"highlightedText\">Montreux-Vieux,<\/span> une compagnie de cyclistes allemands a<br \/>\nattaqu\u00e9 le poste fronti\u00e8re<\/h3>\n<h4 style=\"text-align: center;\">LA VIOLATION DU TERRITOIRE FRAN\u00c7AIS<\/h4>\n<h4 style=\"text-align: justify;\"><a href=\"http:\/\/montreux-vieux.net\/montreux-vieux.net\/wp-content\/uploads\/2018\/10\/ScreenShot1330.jpg\" target=\"_blank\" rel=\"noopener\"><img loading=\"lazy\" decoding=\"async\" class=\"aligncenter wp-image-11397 size-medium\" src=\"http:\/\/montreux-vieux.net\/montreux-vieux.net\/wp-content\/uploads\/2018\/10\/ScreenShot1330-300x212.jpg\" alt=\"\" width=\"300\" height=\"212\"><\/a>Les troupes allemandes ont p\u00e9n\u00e9tr\u00e9 hier 2 ao\u00fbt 1914 sur le territoire fran\u00e7ais en sept endroits. A <span class=\"highlightedText\">Montreux-Vieux,<\/span> une compagnie de cyclistes allemands a attaqu\u00e9 le poste fronti\u00e8re, occup\u00e9 par une vingtaine de douaniers. Apr\u00e8s une fusillade qui a laiss\u00e9 de part et d&rsquo;autre des bless\u00e9s sur le terrain, elle a d\u00fb se replier sur le territoire allemand.<\/h4>\n<h6>sources:&nbsp;Le Matin : derniers t\u00e9l\u00e9grammes de la nuit 3 ao\u00fbt 1914<\/h6>\n","protected":false},"excerpt":{"rendered":"<p>A Montreux-Vieux, une compagnie de cyclistes allemands a attaqu\u00e9 le poste fronti\u00e8re LA VIOLATION DU TERRITOIRE FRAN\u00c7AIS Les troupes allemandes ont p\u00e9n\u00e9tr\u00e9 hier 2 ao\u00fbt 1914 sur le territoire fran\u00e7ais en sept endroits. A Montreux-Vieux, une compagnie de cyclistes allemands &hellip; <a href=\"https:\/\/montreux-vieux.net\/?page_id=11399\">Continuer la lecture <span class=\"meta-nav\">&rarr;<\/span><\/a><\/p>\n","protected":false},"author":1,"featured_media":0,"parent":13130,"menu_order":26,"comment_status":"closed","ping_status":"open","template":"","meta":{"footnotes":""},"class_list":["post-11399","page","type-page","status-publish","hentry"],"_links":{"self":[{"href":"https:\/\/montreux-vieux.net\/index.php?rest_route=\/wp\/v2\/pages\/11399","targetHints":{"allow":["GET"]}}],"collection":[{"href":"https:\/\/montreux-vieux.net\/index.php?rest_route=\/wp\/v2\/pages"}],"about":[{"href":"https:\/\/montreux-vieux.net\/index.php?rest_route=\/wp\/v2\/types\/page"}],"author":[{"embeddable":true,"href":"https:\/\/montreux-vieux.net\/index.php?rest_route=\/wp\/v2\/users\/1"}],"replies":[{"embeddable":true,"href":"https:\/\/montreux-vieux.net\/index.php?rest_route=%2Fwp%2Fv2%2Fcomments&post=11399"}],"version-history":[{"count":2,"href":"https:\/\/montreux-vieux.net\/index.php?rest_route=\/wp\/v2\/pages\/11399\/revisions"}],"predecessor-version":[{"id":13300,"href":"https:\/\/montreux-vieux.net\/index.php?rest_route=\/wp\/v2\/pages\/11399\/revisions\/13300"}],"up":[{"embeddable":true,"href":"https:\/\/montreux-vieux.net\/index.php?rest_route=\/wp\/v2\/pages\/13130"}],"wp:attachment":[{"href":"https:\/\/montreux-vieux.net\/index.php?rest_route=%2Fwp%2Fv2%2Fmedia&parent=11399"}],"curies":[{"name":"wp","href":"https:\/\/api.w.org\/{rel}","templated":true}]}}