{"id":11404,"date":"2018-10-20T15:09:48","date_gmt":"2018-10-20T14:09:48","guid":{"rendered":"http:\/\/montreux-vieux.net\/?page_id=11404"},"modified":"2019-01-02T16:52:47","modified_gmt":"2019-01-02T15:52:47","slug":"on-pouvait-lire-la-vache-de-lepicier-karm-de-montreux-vieux","status":"publish","type":"page","link":"https:\/\/montreux-vieux.net\/?page_id=11404","title":{"rendered":"On pouvait lire: la vache de l&rsquo;\u00e9picier Karm de Montreux-Vieux"},"content":{"rendered":"<h3 style=\"text-align: center;\">On pouvait lire: la vache de l&rsquo;\u00e9picier Karm de Montreux-Vieux<\/h3>\n<h4 style=\"text-align: justify;\">Dans le Recueil de M\u00e9decine v\u00e9t\u00e9rinaire &nbsp;V\u00e8 s\u00e9rie, tome VII, n\u00b019. &nbsp;du 15 octobre 1890 &nbsp;quelques observations de dystocie chez nos grandes&nbsp;femelles domestiques,&nbsp; par M. FRIEZ, v\u00e9t\u00e9rinaire \u00e0 Boron, notamment cellecon cernant &nbsp;la vache de l&rsquo;\u00e9picier Karm de Montreux-Vieux.<\/h4>\n<h4 style=\"text-align: justify;\"><a href=\"http:\/\/montreux-vieux.net\/montreux-vieux.net\/wp-content\/uploads\/2018\/10\/ScreenShot1331.jpg\" target=\"_blank\" rel=\"noopener\"><img loading=\"lazy\" decoding=\"async\" class=\"aligncenter wp-image-11402 size-medium\" src=\"http:\/\/montreux-vieux.net\/montreux-vieux.net\/wp-content\/uploads\/2018\/10\/ScreenShot1331-300x203.jpg\" alt=\"\" width=\"300\" height=\"203\" srcset=\"https:\/\/montreux-vieux.net\/montreux-vieux.net\/wp-content\/uploads\/2018\/10\/ScreenShot1331-300x203.jpg 300w, https:\/\/montreux-vieux.net\/montreux-vieux.net\/wp-content\/uploads\/2018\/10\/ScreenShot1331.jpg 487w\" sizes=\"auto, (max-width: 300px) 100vw, 300px\" \/><\/a>Dans ces derni\u00e8res ann\u00e9es, j&rsquo;ai recueilli, chez nos grandes femelles&nbsp;domestiques, plusieurs cas de dystocie qui me paraissent pr\u00e9senter un&nbsp;certain int\u00e9r\u00eat. Je demande \u00e0 la R\u00e9daction du Recueil de vouloir bien&nbsp;les publier; tr\u00e8s heureux si elles peuvent \u00eatre de quelque utilit\u00e9 aux&nbsp;praticiens qui exercent dans les grands centres d&rsquo;\u00e9levage.<\/h4>\n<h4 style=\"text-align: justify;\">1<sup>\u00e8re<\/sup> &nbsp;Observation. Le sieur Jagy, cultivateur \u00e0 Chavannes-les-Grands, village fronti\u00e8re fran\u00e7aise, vient me chercher le 5 juin 1887,&nbsp;pour examiner une vache \u00e0 son deuxi\u00e8me veau, \u00e0 terme, en parturition&nbsp;depuis la veille, et chez laquelle, me dit-il, on ne trouve rien.&nbsp;Cette b\u00eate est tourment\u00e9e par des coliques l\u00e9g\u00e8res et intermittentes.&nbsp;Je pratique l&rsquo;exploration vaginale; en arrivant au col de la matrice,&nbsp;je sens qu&rsquo;il est resserr\u00e9, qu&rsquo;il ne laisse m\u00eame pas passer le doigt; il&nbsp;y a une torsion du col. Le cas \u00e9tait assez embarrassant, et la b\u00eate,&nbsp;tr\u00e8s vigoureuse, faisait des efforts violents pendant l&rsquo;exploration. Me&nbsp;rappelant alors les le\u00e7ons de M. Goubaux sur la disposition des ligaments et des cornes dans le cas de torsion de la matrice, j&rsquo;eus l&rsquo;id\u00e9e&nbsp;de suspendre la vache. Je fis en cons\u00e9quence attacher deux cordes&nbsp;au-dessus de chaque jarret, et, avec un tour suspendu \u00e0 une poutre de&nbsp;la grange, je fis enlever le derri\u00e8re de la b\u00eate de fa\u00e7on \u00e0 ce qu&rsquo;elle&nbsp;appuy\u00e2t sur le sol uniquement par la t\u00eate et qu&rsquo;elle se trouv\u00e2t en position renvers\u00e9e. Je montai sur le grenier \u00e0 foin et j&rsquo;explorai de nouveau.&nbsp;Le doigt pouvait passer ; j&rsquo;introduisis bient\u00f4t la main. Je saisis&nbsp;un pied et pus op\u00e9rer imm\u00e9diatement une partie de la d\u00e9torsion,&nbsp;je fixai ce pied avec un lacs; je saisis ensuite l&rsquo;autre avec lequel j&rsquo;op\u00e9rai&nbsp;comme sur le premier; j&rsquo;amenai la t\u00eate en bonne position, puis je fis&nbsp;descendre un peu la patiente afin de pouvoir sortir le veau de plain-pied dans la grange. Quelques minutes apr\u00e8s, j&rsquo;obtenais un veau&nbsp;bien vivant et bien conform\u00e9. Je fis une l\u00e9g\u00e8re saign\u00e9e \u00e0 la vache. Le&nbsp;quatri\u00e8me jour elle \u00e9tait compl\u00e8tement r\u00e9tablie.<\/h4>\n<h4 style=\"text-align: justify;\">2e Observation. Karm, \u00e9picier \u00e0&nbsp;<strong>Montreux-Vieux,<\/strong>&nbsp;village fronti\u00e8re allemande, me fait appeler le 17 juin 1887, pendant la nuit, pour&nbsp;une vache au sujet de laquelle on me donne approximativement les&nbsp;m\u00eames renseignements que pour le cas pr\u00e9c\u00e9dent.&nbsp;La vache est \u00e0 son troisi\u00e8me part ; les deux premiers ont eu lieu&nbsp;sans aucune difficult\u00e9.&nbsp;En l&rsquo;explorant, je reconnais la m\u00eame disposition que chez la pr\u00e9c\u00e9dente; cette fois, je suis plus s\u00fbr de moi, et j&rsquo;op\u00e8re d&rsquo;une fa\u00e7on tr\u00e8s&nbsp;rapide aussit\u00f4t apr\u00e8s la suspension. La parturition fut vite termin\u00e9e. Le&nbsp;veau \u00e9tait mort. Quelques \u00ab\u00a0artistes\u00a0\u00bb du village ayant travaill\u00e9 avant mon&nbsp;arriv\u00e9e, la b\u00eate \u00e9tait un peu fatigu\u00e9e; mais apr\u00e8s quelques jours, elle&nbsp;\u00e9tait compl\u00e8tement r\u00e9tablie.<\/h4>\n<h4 style=\"text-align: justify;\"><!--more--><\/h4>\n<h4 style=\"text-align: justify;\">3e et 4e Observations. Le sieur Gentine, \u00e0 Romagny, deuxi\u00e8me&nbsp;village fronti\u00e8re allemande, me fait appeler le 13 f\u00e9vrier 1886&nbsp;pour visiter une jument, \u00e2g\u00e9e de six ans, race suisse, qui a poulin\u00e9 la nuit pr\u00e9c\u00e9dente d&rsquo;une fa\u00e7on normale, sans aucun aide, et&nbsp;qui a eu un renversement de la matrice. Il est dix heures du matin ; le&nbsp;renversement existe depuis un certain nombre d&rsquo;heures. Aussi, la&nbsp;muqueuse est noire et tum\u00e9fi\u00e9e, mais on ne remarque aucune l\u00e9sion&nbsp;s\u00e9rieuse \u00e0 la surface ; le propri\u00e9taire et son voisin ont essay\u00e9 en vain&nbsp;quelques manipulations. Je tente la r\u00e9duction, mais les efforts de la&nbsp;patiente m&rsquo;opposent une r\u00e9sistance que je reconnais ne pouvoir vaincre.<\/h4>\n","protected":false},"excerpt":{"rendered":"<p>On pouvait lire: la vache de l&rsquo;\u00e9picier Karm de Montreux-Vieux Dans le Recueil de M\u00e9decine v\u00e9t\u00e9rinaire &nbsp;V\u00e8 s\u00e9rie, tome VII, n\u00b019. &nbsp;du 15 octobre 1890 &nbsp;quelques observations de dystocie chez nos grandes&nbsp;femelles domestiques,&nbsp; par M. FRIEZ, v\u00e9t\u00e9rinaire \u00e0 Boron, notamment &hellip; <a href=\"https:\/\/montreux-vieux.net\/?page_id=11404\">Continuer la lecture <span class=\"meta-nav\">&rarr;<\/span><\/a><\/p>\n","protected":false},"author":1,"featured_media":0,"parent":13044,"menu_order":62,"comment_status":"closed","ping_status":"open","template":"","meta":{"footnotes":""},"class_list":["post-11404","page","type-page","status-publish","hentry"],"_links":{"self":[{"href":"https:\/\/montreux-vieux.net\/index.php?rest_route=\/wp\/v2\/pages\/11404","targetHints":{"allow":["GET"]}}],"collection":[{"href":"https:\/\/montreux-vieux.net\/index.php?rest_route=\/wp\/v2\/pages"}],"about":[{"href":"https:\/\/montreux-vieux.net\/index.php?rest_route=\/wp\/v2\/types\/page"}],"author":[{"embeddable":true,"href":"https:\/\/montreux-vieux.net\/index.php?rest_route=\/wp\/v2\/users\/1"}],"replies":[{"embeddable":true,"href":"https:\/\/montreux-vieux.net\/index.php?rest_route=%2Fwp%2Fv2%2Fcomments&post=11404"}],"version-history":[{"count":2,"href":"https:\/\/montreux-vieux.net\/index.php?rest_route=\/wp\/v2\/pages\/11404\/revisions"}],"predecessor-version":[{"id":13378,"href":"https:\/\/montreux-vieux.net\/index.php?rest_route=\/wp\/v2\/pages\/11404\/revisions\/13378"}],"up":[{"embeddable":true,"href":"https:\/\/montreux-vieux.net\/index.php?rest_route=\/wp\/v2\/pages\/13044"}],"wp:attachment":[{"href":"https:\/\/montreux-vieux.net\/index.php?rest_route=%2Fwp%2Fv2%2Fmedia&parent=11404"}],"curies":[{"name":"wp","href":"https:\/\/api.w.org\/{rel}","templated":true}]}}