{"id":11412,"date":"2018-10-20T15:33:40","date_gmt":"2018-10-20T14:33:40","guid":{"rendered":"http:\/\/montreux-vieux.net\/?page_id=11412"},"modified":"2023-02-18T15:47:08","modified_gmt":"2023-02-18T14:47:08","slug":"on-pouvait-lire-un-foyer-de-rats-musques-a-montreux-vieux-en-1932","status":"publish","type":"page","link":"https:\/\/montreux-vieux.net\/?page_id=11412","title":{"rendered":"On pouvait lire: Un foyer de rats musqu\u00e9s \u00e0 Montreux-Vieux en 1932"},"content":{"rendered":"<h3 style=\"text-align: center;\">On pouvait lire: Un foyer de rats musqu\u00e9s \u00e0 Montreux-Vieux en 1932<\/h3>\n<p style=\"text-align: center;\"><a href=\"http:\/\/montreux-vieux.net\/montreux-vieux.net\/wp-content\/uploads\/2018\/10\/ScreenShot1332.jpg\" target=\"_blank\" rel=\"noopener\"><img loading=\"lazy\" decoding=\"async\" class=\"aligncenter wp-image-11410 size-medium\" src=\"http:\/\/montreux-vieux.net\/montreux-vieux.net\/wp-content\/uploads\/2018\/10\/ScreenShot1332-300x162.jpg\" alt=\"\" width=\"300\" height=\"162\" srcset=\"https:\/\/montreux-vieux.net\/montreux-vieux.net\/wp-content\/uploads\/2018\/10\/ScreenShot1332-300x162.jpg 300w, https:\/\/montreux-vieux.net\/montreux-vieux.net\/wp-content\/uploads\/2018\/10\/ScreenShot1332-600x324.jpg 600w, https:\/\/montreux-vieux.net\/montreux-vieux.net\/wp-content\/uploads\/2018\/10\/ScreenShot1332.jpg 614w\" sizes=\"auto, (max-width: 300px) 100vw, 300px\" \/><\/a><\/p>\n<h4 style=\"text-align: justify;\">Selon le bulletin de la Soci\u00e9t\u00e9 Nationale d\u2019Acclimatation de 1934, sur le territoire de la commune de Montreux-Vieux, il y avait un foyer de rats musqu\u00e9s dans les ann\u00e9es 1932. D\u2019apr\u00e8s ce bulletin, ils pouvaient provenir d\u2019un \u00e9levage sans autorisation administrative. Le rat musqu\u00e9 ou rat d\u2019Am\u00e9rique est un rongeur de la famille des cric\u00e9tid\u00e9s de trente \u00e0 quarante cm de longueur pouvait peser jusqu\u2019\u00e0 1,5 kg.<\/h4>\n<h4 style=\"text-align: justify;\">Il est r\u00e9put\u00e9 pouvoir vivre une dizaine d&rsquo;ann\u00e9es en captivit\u00e9, mais il ne d\u00e9passe que rarement trois ou quatre ans dans la nature. Excellent nageur, il peut parcourir pr\u00e8s de 100\u00a0m\u00a0sans respirer sous l&rsquo;eau ou y rester submerg\u00e9 et immobile plus de quinze minutes s&rsquo;il se sent menac\u00e9<\/h4>\n<p>\u00a0<\/p>\n\n\n<hr class=\"wp-block-separator has-alpha-channel-opacity is-style-wide\"\/>\n\n\n\n<p>\u00a0 Autre texte. Les Rats musqu\u00e9s pullulent sur le canal du Rh\u00f4ne au Rhin et dans sa rigole d&rsquo;alimentation qui est branch\u00e9e sur la Largue, et dans le r\u00e9servoir du canal : rigole et r\u00e9servoir sont sur le d\u00e9partement du Haut-Rhin ; le Rat musqu\u00e9 a franchi les limites du Territoire de Belfort (1). Pour Belfort encore, voici un autre renseignement venant du pi\u00e9geur Meuret, de Petite-Fontaine, village voisin de Levai; il m&rsquo;\u00e9crit fin ao\u00fbt : \u00ab On me dit que la, Saint-Nicolas, du village d&rsquo;Angeot \u00e0 Montreux, en est infest\u00e9e : les p\u00eacheurs les touchent avec leurs gaules \u00bb. La Saint-Nicolas est la rivi\u00e8re qui descend d\u00e9 Levai, la longueur indiqu\u00e9e par M. Meuret correspond \u00e0 plus de 10 kilom\u00e8tres de son parcours.<\/p>\n\n\n\n<p>Ce renseignement, il est vrai, est de source indirecte et il faut \u00eatre circonspect. Au sujet, par exemple, d&rsquo;une pullulation dans le r\u00e9servoir du canal, je puis donner ceci : le r\u00e9servoir, ou plut\u00f4t ses quatre parties jointives, ont ensemble une superficie d&rsquo;environ quatre hectares; il s&rsquo;\u00e9tend le long du canal, \u00e0 la hauteur de Montreux-Vieux, ou habite M. Munch, dont M. Delamarre de Mondiaux nous a communiqu\u00e9 les essais sur la nourriture du Rat musqu\u00e9 en captivit\u00e9. M. Munch est locataire de la chasse sur le r\u00e9servoir. Il y a vu son premier Rat musqu\u00e9 en mai 198:2. La b\u00eate nageait tranquillement en surface. M. Munch crut tout d&rsquo;abord \u00e0 un H\u00e9risson, puis, constatant qu&rsquo;il avait affaire \u00e0 un animal inconnu de lui, il voulut le tirer; mais prendre l&rsquo;arme \u00e0 l&rsquo;\u00e9paule mit en \u00e9veil le Rat musqu\u00e9 qui plongea et demeura invisible ce jour-lit. Au mois d&rsquo;octobre suivant, M. Munch, fix\u00e9 sur l&rsquo;identit\u00e9 de son visiteur, tendit un pi\u00e8ge et prit un Rat musqu\u00e9. le succ\u00e8s ne s&rsquo;arr\u00eata pas l\u00e0 et, lorsque je vis M. Munch en mai 1933, il avait \u00e0 son tableau 95 pi\u00e8ces. Le r\u00e9servoir \u00e9tait compl\u00e8tement purg\u00e9; depuis quelque temps d\u00e9j\u00e0, on n&rsquo;y relevait plus aucune trace de Rat musqu\u00e9. Si le r\u00e9servoir est \u00e0 nouveau envahi au point que d\u00e9crit M. Amstutz,<\/p>\n\n\n\n<p>Bulletin de la Soci\u00e9t\u00e9 nationale d&rsquo;acclimatation de France : revue des sciences naturelles appliqu\u00e9es 01 janvier 1934<\/p>\n","protected":false},"excerpt":{"rendered":"<p>On pouvait lire: Un foyer de rats musqu\u00e9s \u00e0 Montreux-Vieux en 1932 Selon le bulletin de la Soci\u00e9t\u00e9 Nationale d\u2019Acclimatation de 1934, sur le territoire de la commune de Montreux-Vieux, il y avait un foyer de rats musqu\u00e9s dans les &hellip; <a href=\"https:\/\/montreux-vieux.net\/?page_id=11412\">Continuer la lecture <span class=\"meta-nav\">&rarr;<\/span><\/a><\/p>\n","protected":false},"author":1,"featured_media":0,"parent":13101,"menu_order":8,"comment_status":"closed","ping_status":"open","template":"","meta":{"footnotes":""},"class_list":["post-11412","page","type-page","status-publish","hentry"],"_links":{"self":[{"href":"https:\/\/montreux-vieux.net\/index.php?rest_route=\/wp\/v2\/pages\/11412","targetHints":{"allow":["GET"]}}],"collection":[{"href":"https:\/\/montreux-vieux.net\/index.php?rest_route=\/wp\/v2\/pages"}],"about":[{"href":"https:\/\/montreux-vieux.net\/index.php?rest_route=\/wp\/v2\/types\/page"}],"author":[{"embeddable":true,"href":"https:\/\/montreux-vieux.net\/index.php?rest_route=\/wp\/v2\/users\/1"}],"replies":[{"embeddable":true,"href":"https:\/\/montreux-vieux.net\/index.php?rest_route=%2Fwp%2Fv2%2Fcomments&post=11412"}],"version-history":[{"count":4,"href":"https:\/\/montreux-vieux.net\/index.php?rest_route=\/wp\/v2\/pages\/11412\/revisions"}],"predecessor-version":[{"id":25937,"href":"https:\/\/montreux-vieux.net\/index.php?rest_route=\/wp\/v2\/pages\/11412\/revisions\/25937"}],"up":[{"embeddable":true,"href":"https:\/\/montreux-vieux.net\/index.php?rest_route=\/wp\/v2\/pages\/13101"}],"wp:attachment":[{"href":"https:\/\/montreux-vieux.net\/index.php?rest_route=%2Fwp%2Fv2%2Fmedia&parent=11412"}],"curies":[{"name":"wp","href":"https:\/\/api.w.org\/{rel}","templated":true}]}}