{"id":11440,"date":"2018-10-22T09:44:52","date_gmt":"2018-10-22T08:44:52","guid":{"rendered":"http:\/\/montreux-vieux.net\/?page_id=11440"},"modified":"2019-01-02T13:55:27","modified_gmt":"2019-01-02T12:55:27","slug":"le-programme-de-la-fete-de-noel-du-25-decembre-1916","status":"publish","type":"page","link":"https:\/\/montreux-vieux.net\/?page_id=11440","title":{"rendered":"Le programme de la f\u00eate de No\u00ebl du 25 d\u00e9cembre 1916"},"content":{"rendered":"<h3 style=\"text-align: center;\">Le programme de la f\u00eate de No\u00ebl du 25 d\u00e9cembre 1916<\/h3>\n<p style=\"text-align: center;\"><a href=\"http:\/\/montreux-vieux.net\/montreux-vieux.net\/wp-content\/uploads\/2018\/10\/f\u00eate-de-noel.jpg\" target=\"_blank\" rel=\"noopener\"><img loading=\"lazy\" decoding=\"async\" class=\"aligncenter wp-image-11437 size-full\" src=\"http:\/\/montreux-vieux.net\/montreux-vieux.net\/wp-content\/uploads\/2018\/10\/f\u00eate-de-noel.jpg\" alt=\"\" width=\"925\" height=\"608\" srcset=\"https:\/\/montreux-vieux.net\/montreux-vieux.net\/wp-content\/uploads\/2018\/10\/f\u00eate-de-noel.jpg 925w, https:\/\/montreux-vieux.net\/montreux-vieux.net\/wp-content\/uploads\/2018\/10\/f\u00eate-de-noel-300x197.jpg 300w, https:\/\/montreux-vieux.net\/montreux-vieux.net\/wp-content\/uploads\/2018\/10\/f\u00eate-de-noel-768x505.jpg 768w, https:\/\/montreux-vieux.net\/montreux-vieux.net\/wp-content\/uploads\/2018\/10\/f\u00eate-de-noel-600x394.jpg 600w\" sizes=\"auto, (max-width: 925px) 100vw, 925px\" \/><\/a><\/p>\n<p>&nbsp;<\/p>\n","protected":false},"excerpt":{"rendered":"<p>Le programme de la f\u00eate de No\u00ebl du 25 d\u00e9cembre 1916 &nbsp;<\/p>\n","protected":false},"author":1,"featured_media":0,"parent":13036,"menu_order":22,"comment_status":"closed","ping_status":"open","template":"","meta":{"footnotes":""},"class_list":["post-11440","page","type-page","status-publish","hentry"],"_links":{"self":[{"href":"https:\/\/montreux-vieux.net\/index.php?rest_route=\/wp\/v2\/pages\/11440","targetHints":{"allow":["GET"]}}],"collection":[{"href":"https:\/\/montreux-vieux.net\/index.php?rest_route=\/wp\/v2\/pages"}],"about":[{"href":"https:\/\/montreux-vieux.net\/index.php?rest_route=\/wp\/v2\/types\/page"}],"author":[{"embeddable":true,"href":"https:\/\/montreux-vieux.net\/index.php?rest_route=\/wp\/v2\/users\/1"}],"replies":[{"embeddable":true,"href":"https:\/\/montreux-vieux.net\/index.php?rest_route=%2Fwp%2Fv2%2Fcomments&post=11440"}],"version-history":[{"count":2,"href":"https:\/\/montreux-vieux.net\/index.php?rest_route=\/wp\/v2\/pages\/11440\/revisions"}],"predecessor-version":[{"id":13313,"href":"https:\/\/montreux-vieux.net\/index.php?rest_route=\/wp\/v2\/pages\/11440\/revisions\/13313"}],"up":[{"embeddable":true,"href":"https:\/\/montreux-vieux.net\/index.php?rest_route=\/wp\/v2\/pages\/13036"}],"wp:attachment":[{"href":"https:\/\/montreux-vieux.net\/index.php?rest_route=%2Fwp%2Fv2%2Fmedia&parent=11440"}],"curies":[{"name":"wp","href":"https:\/\/api.w.org\/{rel}","templated":true}]}}