{"id":11451,"date":"2018-10-26T10:20:45","date_gmt":"2018-10-26T09:20:45","guid":{"rendered":"http:\/\/montreux-vieux.net\/?page_id=11451"},"modified":"2018-10-26T10:20:45","modified_gmt":"2018-10-26T09:20:45","slug":"autrefois-lepicerie-tabac-stempf-joseph","status":"publish","type":"page","link":"https:\/\/montreux-vieux.net\/?page_id=11451","title":{"rendered":"Autrefois l&rsquo;Epicerie, tabac Stempf Joseph"},"content":{"rendered":"<h3 style=\"text-align: center;\">Autrefois l&rsquo;Epicerie, tabac Stempf Joseph<\/h3>\n<p><a href=\"http:\/\/montreux-vieux.net\/montreux-vieux.net\/wp-content\/uploads\/2018\/10\/ScreenShot1346.jpg\" target=\"_blank\" rel=\"noopener\"><img loading=\"lazy\" decoding=\"async\" class=\"aligncenter wp-image-11448 size-full\" src=\"http:\/\/montreux-vieux.net\/montreux-vieux.net\/wp-content\/uploads\/2018\/10\/ScreenShot1346.jpg\" alt=\"\" width=\"953\" height=\"611\" srcset=\"https:\/\/montreux-vieux.net\/montreux-vieux.net\/wp-content\/uploads\/2018\/10\/ScreenShot1346.jpg 953w, https:\/\/montreux-vieux.net\/montreux-vieux.net\/wp-content\/uploads\/2018\/10\/ScreenShot1346-300x192.jpg 300w, https:\/\/montreux-vieux.net\/montreux-vieux.net\/wp-content\/uploads\/2018\/10\/ScreenShot1346-768x492.jpg 768w, https:\/\/montreux-vieux.net\/montreux-vieux.net\/wp-content\/uploads\/2018\/10\/ScreenShot1346-600x385.jpg 600w\" sizes=\"auto, (max-width: 953px) 100vw, 953px\" \/><\/a><\/p>\n<h4 style=\"text-align: justify;\">L\u2019Epicerie, tabac Stempf autrefois \u00e9tait tenue par Monsieur Stempf Joseph et son \u00e9pouse. Nous les d\u00e9couvrons en gros plan en compagnie de Monsieur Munch Eug\u00e8ne le patron du restaurant \u00ab\u00a0Aux Deux Cl\u00e9s\u00a0\u00bb (Benhalima) Dans la vitrine de ce commerce ferm\u00e9 il y a longtemps des conserves, etc<\/h4>\n<p style=\"text-align: center;\"><a href=\"http:\/\/montreux-vieux.net\/montreux-vieux.net\/wp-content\/uploads\/2018\/10\/ScreenShot1345.jpg\" target=\"_blank\" rel=\"noopener\"><img loading=\"lazy\" decoding=\"async\" class=\"aligncenter wp-image-11449 size-full\" src=\"http:\/\/montreux-vieux.net\/montreux-vieux.net\/wp-content\/uploads\/2018\/10\/ScreenShot1345.jpg\" alt=\"\" width=\"1219\" height=\"767\" srcset=\"https:\/\/montreux-vieux.net\/montreux-vieux.net\/wp-content\/uploads\/2018\/10\/ScreenShot1345.jpg 1219w, https:\/\/montreux-vieux.net\/montreux-vieux.net\/wp-content\/uploads\/2018\/10\/ScreenShot1345-300x189.jpg 300w, https:\/\/montreux-vieux.net\/montreux-vieux.net\/wp-content\/uploads\/2018\/10\/ScreenShot1345-768x483.jpg 768w, https:\/\/montreux-vieux.net\/montreux-vieux.net\/wp-content\/uploads\/2018\/10\/ScreenShot1345-1024x644.jpg 1024w, https:\/\/montreux-vieux.net\/montreux-vieux.net\/wp-content\/uploads\/2018\/10\/ScreenShot1345-600x378.jpg 600w\" sizes=\"auto, (max-width: 1219px) 100vw, 1219px\" \/><\/a><\/p>\n","protected":false},"excerpt":{"rendered":"<p>Autrefois l&rsquo;Epicerie, tabac Stempf Joseph L\u2019Epicerie, tabac Stempf autrefois \u00e9tait tenue par Monsieur Stempf Joseph et son \u00e9pouse. Nous les d\u00e9couvrons en gros plan en compagnie de Monsieur Munch Eug\u00e8ne le patron du restaurant \u00ab\u00a0Aux Deux Cl\u00e9s\u00a0\u00bb (Benhalima) Dans la &hellip; <a href=\"https:\/\/montreux-vieux.net\/?page_id=11451\">Continuer la lecture <span class=\"meta-nav\">&rarr;<\/span><\/a><\/p>\n","protected":false},"author":1,"featured_media":0,"parent":1502,"menu_order":30,"comment_status":"closed","ping_status":"open","template":"","meta":{"footnotes":""},"class_list":["post-11451","page","type-page","status-publish","hentry"],"_links":{"self":[{"href":"https:\/\/montreux-vieux.net\/index.php?rest_route=\/wp\/v2\/pages\/11451","targetHints":{"allow":["GET"]}}],"collection":[{"href":"https:\/\/montreux-vieux.net\/index.php?rest_route=\/wp\/v2\/pages"}],"about":[{"href":"https:\/\/montreux-vieux.net\/index.php?rest_route=\/wp\/v2\/types\/page"}],"author":[{"embeddable":true,"href":"https:\/\/montreux-vieux.net\/index.php?rest_route=\/wp\/v2\/users\/1"}],"replies":[{"embeddable":true,"href":"https:\/\/montreux-vieux.net\/index.php?rest_route=%2Fwp%2Fv2%2Fcomments&post=11451"}],"version-history":[{"count":1,"href":"https:\/\/montreux-vieux.net\/index.php?rest_route=\/wp\/v2\/pages\/11451\/revisions"}],"predecessor-version":[{"id":11452,"href":"https:\/\/montreux-vieux.net\/index.php?rest_route=\/wp\/v2\/pages\/11451\/revisions\/11452"}],"up":[{"embeddable":true,"href":"https:\/\/montreux-vieux.net\/index.php?rest_route=\/wp\/v2\/pages\/1502"}],"wp:attachment":[{"href":"https:\/\/montreux-vieux.net\/index.php?rest_route=%2Fwp%2Fv2%2Fmedia&parent=11451"}],"curies":[{"name":"wp","href":"https:\/\/api.w.org\/{rel}","templated":true}]}}