{"id":11457,"date":"2018-10-26T10:30:09","date_gmt":"2018-10-26T09:30:09","guid":{"rendered":"http:\/\/montreux-vieux.net\/?page_id=11457"},"modified":"2018-10-26T10:30:09","modified_gmt":"2018-10-26T09:30:09","slug":"autrefois-le-battage-du-ble-a-montreux-vieux","status":"publish","type":"page","link":"https:\/\/montreux-vieux.net\/?page_id=11457","title":{"rendered":"Autrefois, le battage du bl\u00e9 \u00e0 Montreux-Vieux"},"content":{"rendered":"<h3 style=\"text-align: center;\">Autrefois, le battage du bl\u00e9 \u00e0 Montreux-Vieux<\/h3>\n<h4 style=\"text-align: justify;\">A Montreux-Vieux en 1913 existait d\u00e9j\u00e0 une batteuse \u00e0 vapeur pour battre le bl\u00e9. La transmission de cette machine \u00e9tait entrain\u00e9e par une immense courroie. Beaucoup de monde se mobilisait \u00e0 ce moment l\u00e0.<\/h4>\n<p style=\"text-align: center;\"><a href=\"http:\/\/montreux-vieux.net\/montreux-vieux.net\/wp-content\/uploads\/2018\/10\/ScreenShot1344.jpg\" target=\"_blank\" rel=\"noopener\"><img loading=\"lazy\" decoding=\"async\" class=\"aligncenter wp-image-11455 size-full\" src=\"http:\/\/montreux-vieux.net\/montreux-vieux.net\/wp-content\/uploads\/2018\/10\/ScreenShot1344.jpg\" alt=\"\" width=\"1019\" height=\"651\" srcset=\"https:\/\/montreux-vieux.net\/montreux-vieux.net\/wp-content\/uploads\/2018\/10\/ScreenShot1344.jpg 1019w, https:\/\/montreux-vieux.net\/montreux-vieux.net\/wp-content\/uploads\/2018\/10\/ScreenShot1344-300x192.jpg 300w, https:\/\/montreux-vieux.net\/montreux-vieux.net\/wp-content\/uploads\/2018\/10\/ScreenShot1344-768x491.jpg 768w, https:\/\/montreux-vieux.net\/montreux-vieux.net\/wp-content\/uploads\/2018\/10\/ScreenShot1344-600x383.jpg 600w\" sizes=\"auto, (max-width: 1019px) 100vw, 1019px\" \/><\/a><\/p>\n<p style=\"text-align: center;\">\n","protected":false},"excerpt":{"rendered":"<p>Autrefois, le battage du bl\u00e9 \u00e0 Montreux-Vieux A Montreux-Vieux en 1913 existait d\u00e9j\u00e0 une batteuse \u00e0 vapeur pour battre le bl\u00e9. La transmission de cette machine \u00e9tait entrain\u00e9e par une immense courroie. Beaucoup de monde se mobilisait \u00e0 ce moment &hellip; <a href=\"https:\/\/montreux-vieux.net\/?page_id=11457\">Continuer la lecture <span class=\"meta-nav\">&rarr;<\/span><\/a><\/p>\n","protected":false},"author":1,"featured_media":0,"parent":1502,"menu_order":32,"comment_status":"closed","ping_status":"open","template":"","meta":{"footnotes":""},"class_list":["post-11457","page","type-page","status-publish","hentry"],"_links":{"self":[{"href":"https:\/\/montreux-vieux.net\/index.php?rest_route=\/wp\/v2\/pages\/11457","targetHints":{"allow":["GET"]}}],"collection":[{"href":"https:\/\/montreux-vieux.net\/index.php?rest_route=\/wp\/v2\/pages"}],"about":[{"href":"https:\/\/montreux-vieux.net\/index.php?rest_route=\/wp\/v2\/types\/page"}],"author":[{"embeddable":true,"href":"https:\/\/montreux-vieux.net\/index.php?rest_route=\/wp\/v2\/users\/1"}],"replies":[{"embeddable":true,"href":"https:\/\/montreux-vieux.net\/index.php?rest_route=%2Fwp%2Fv2%2Fcomments&post=11457"}],"version-history":[{"count":1,"href":"https:\/\/montreux-vieux.net\/index.php?rest_route=\/wp\/v2\/pages\/11457\/revisions"}],"predecessor-version":[{"id":11458,"href":"https:\/\/montreux-vieux.net\/index.php?rest_route=\/wp\/v2\/pages\/11457\/revisions\/11458"}],"up":[{"embeddable":true,"href":"https:\/\/montreux-vieux.net\/index.php?rest_route=\/wp\/v2\/pages\/1502"}],"wp:attachment":[{"href":"https:\/\/montreux-vieux.net\/index.php?rest_route=%2Fwp%2Fv2%2Fmedia&parent=11457"}],"curies":[{"name":"wp","href":"https:\/\/api.w.org\/{rel}","templated":true}]}}