{"id":11481,"date":"2018-10-27T13:49:14","date_gmt":"2018-10-27T12:49:14","guid":{"rendered":"http:\/\/montreux-vieux.net\/?page_id=11481"},"modified":"2019-01-02T17:13:50","modified_gmt":"2019-01-02T16:13:50","slug":"les-extradictions-par-montreux-vieux-a-partir-de-1871","status":"publish","type":"page","link":"https:\/\/montreux-vieux.net\/?page_id=11481","title":{"rendered":"Les Extradictions par Montreux-Vieux \u00e0 partir de 1871"},"content":{"rendered":"<h3 style=\"text-align: center;\">Les Extradictions par Montreux-Vieux \u00e0 partir de 1871<\/h3>\n<p style=\"text-align: center;\"><a href=\"http:\/\/montreux-vieux.net\/montreux-vieux.net\/wp-content\/uploads\/2018\/10\/ScreenShot348.jpg\" target=\"_blank\" rel=\"noopener\"><img loading=\"lazy\" decoding=\"async\" class=\"aligncenter wp-image-11479 size-medium\" src=\"http:\/\/montreux-vieux.net\/montreux-vieux.net\/wp-content\/uploads\/2018\/10\/ScreenShot348-300x211.jpg\" alt=\"\" width=\"300\" height=\"211\" srcset=\"https:\/\/montreux-vieux.net\/montreux-vieux.net\/wp-content\/uploads\/2018\/10\/ScreenShot348-300x211.jpg 300w, https:\/\/montreux-vieux.net\/montreux-vieux.net\/wp-content\/uploads\/2018\/10\/ScreenShot348-768x540.jpg 768w, https:\/\/montreux-vieux.net\/montreux-vieux.net\/wp-content\/uploads\/2018\/10\/ScreenShot348-600x422.jpg 600w, https:\/\/montreux-vieux.net\/montreux-vieux.net\/wp-content\/uploads\/2018\/10\/ScreenShot348.jpg 772w\" sizes=\"auto, (max-width: 300px) 100vw, 300px\" \/><\/a><\/p>\n<h4 style=\"text-align: justify;\">Lorsque tous les renseignements n\u00e9cessaires ont \u00e9t\u00e9&nbsp;recueillis, l&rsquo;une ou l&rsquo;autre des deux solutions suivantes intervient :<\/h4>\n<h4 style=\"text-align: justify;\">Ou l&rsquo;extradition est refus\u00e9e, et la mise en libert\u00e9 de l&rsquo;inculp\u00e9 est ordonn\u00e9e par le Parquet d\u00e8s qu&rsquo;il est inform\u00e9 de la r\u00e9solution du Garde des Sceaux. Le ministre des Affaires \u00e9trang\u00e8res porte alors la d\u00e9cision du Gouvernement de la R\u00e9publique et les motifs qui l&rsquo;ont inspir\u00e9e \u00e0 la connaissance du&nbsp;repr\u00e9sentant diplomatique du gouvernement requ\u00e9rant. Les&nbsp;pi\u00e8ces de justice lui sont renvoy\u00e9es en m\u00eame temps, ou peu&nbsp;apr\u00e8s.<\/h4>\n<h4 style=\"text-align: justify;\">Si l&rsquo;extradition para\u00eet pouvoir \u00eatre accord\u00e9e, le Garde des&nbsp;Sceaux pr\u00e9sente \u00e0 l&rsquo;agr\u00e9ment du Pr\u00e9sident de la R\u00e9publique&nbsp;un projet de d\u00e9cret autorisant la remise de l&rsquo;inculp\u00e9. Ce document sp\u00e9cifie la ou les inculpations pour lesquelles l&rsquo;extradition est autoris\u00e9e, et vis\u00e9, soit la convention applicable,&nbsp;soit une d\u00e9claration de r\u00e9ciprocit\u00e9 ant\u00e9rieure, ou stipule que&nbsp;la remise a lieu sur la base de r\u00e9ciprocit\u00e9.<\/h4>\n<h4 style=\"text-align: justify;\">Lorsque le d\u00e9cret a \u00e9t\u00e9 sign\u00e9 par le chef de l&rsquo;Etat, une ampliation en est adress\u00e9e au service des transf\u00e8rements, auquel&nbsp;est aussi envoy\u00e9 le dossier produit par le gouvernement&nbsp;requ\u00e9rant, toutes ces pi\u00e8ces devant, avec les objets et l&rsquo;argent&nbsp;saisis en sa possession, accompagner l&rsquo;inculp\u00e9 lors de sa livraison aux autorit\u00e9s du pays requ\u00e9rant ou du pays de transit&nbsp;qui doivent le recevoir. En m\u00eame temps, le ministre des affaires \u00e9trang\u00e8res est mis \u00e0 m\u00eame de faire savoir au repr\u00e9sentant du gouvernement requ\u00e9rant qu&rsquo;il a \u00e9t\u00e9 donn\u00e9 compl\u00e8tement ou partiellement satisfaction \u00e0 sa demande.<\/h4>\n<h4 style=\"text-align: justify;\">(Remarquons en passant que la Convention franco-anglaise&nbsp;du 14 ao\u00fbt 1876, conclue apr\u00e8s la publication de la circulaire&nbsp;Dufaure, n&rsquo;en a tenu aucun compte, son art. 6 consid\u00e9rant&nbsp;l&rsquo;extradition comme d\u00e9cid\u00e9e avant l&rsquo;interrogatoire de l&rsquo;inculp\u00e9. Malgr\u00e9 le caract\u00e8re conventionnel du texte, et sa valeur&nbsp;l\u00e9gislative en France, cette disposition est demeur\u00e9e lettre&nbsp;morte.)<\/h4>\n<h4 style=\"text-align: justify;\">La remise des extrad\u00e9s. \u2014 Le service des transf\u00e8rements,&nbsp;annexe de l&rsquo;administration p\u00e9nitentiaire, qui, depuis le rattachement de cette administration au minist\u00e8re de la Justice,&nbsp;rel\u00e8ve directement du Garde des Sceaux, est charg\u00e9 d&rsquo;assurer&nbsp;la remise mat\u00e9rielle des extrad\u00e9s. Comme les mouvements&nbsp;des voitures cellulaires d\u00e9pendent de diverses causes (comparution de prisonniers devant les Cours d&rsquo;assises, ex\u00e9cution&nbsp;de peines de diff\u00e9rentes dur\u00e9es, convois de rel\u00e9gu\u00e9s, etc.) il&nbsp;n&rsquo;est pas possible de pr\u00e9voir quelque temps d&rsquo;avance les lieux&nbsp;et dates de remise de ces individus. C&rsquo;est donc presqu&rsquo;au&nbsp;dernier moment que, par des communications rapides, le minist\u00e8re des affaires \u00e9trang\u00e8res est mis en mesure d&rsquo;adresser&nbsp;ces renseignements aux ambassades ou l\u00e9gations. Le service&nbsp;des transf\u00e8rements est m\u00eame autoris\u00e9 \u00e0 les aviser officieusement dans les cas d&rsquo;extr\u00eame urgence.<\/h4>\n<h4 style=\"text-align: justify;\">Les remises se font sur nos fronti\u00e8res de terre dans des&nbsp;gares d\u00e9sign\u00e9es \u00e0 cet effet : par exemple, dans nos rapports&nbsp;avec l&rsquo;Allemagne, trois gares, celles de Norv\u00e9ant, Deutsch-Avricourt et&nbsp;<strong>Montreux-Vieux<\/strong>&nbsp;pour les extrad\u00e9s amen\u00e9s de&nbsp;France, et trois autres, celles de Pagny, Igney-Avricourt et&nbsp;Petit-Croix pour les extrad\u00e9s amen\u00e9s d&rsquo;Allemagne. La Convention du 20 janvier 1879 a affect\u00e9 respectivement les gares&nbsp;internationales de Modane et de Bardonn\u00e8che \u00e0 la remise des&nbsp;extrad\u00e9s aux autorit\u00e9s fran\u00e7aises et aux autorit\u00e9s italiennes.<\/h4>\n<p><!--more--><\/p>\n<h4 style=\"text-align: justify;\">Quand il s&rsquo;agit d&rsquo;individus livr\u00e9s \u00e0 une Puissance, qui n&rsquo;a&nbsp;pas avec nous de fronti\u00e8re commune, deux cas peuvent se pr\u00e9senter :<\/h4>\n<h4 style=\"text-align: justify;\">Ou l&rsquo;inculp\u00e9 est emmen\u00e9 par mer : un ou plusieurs agents&nbsp;de police d\u00e9pendant du gouvernement requ\u00e9rant viennent&nbsp;d&rsquo;ordinaire en prendre charge lors de son embarquement,&nbsp;qui est effectu\u00e9 soit sur un navire fran\u00e7ais (le capitaine&nbsp;demeurant alors responsable du prisonnier dont l&rsquo;agent \u00e9tranger a la garde mat\u00e9rielle), soit sur un navire battant pavillon&nbsp;du pays requ\u00e9rant. L&#8217;embarquement sur un navire de nationalit\u00e9 tierce pouvant donner lieu, de la part du gouvernement de la marine duquel il fait partie, \u00e0 l&rsquo;exigence d&rsquo;unedemande d&rsquo;autorisation de transit (cas qui s&rsquo;est produit avec&nbsp;l&rsquo;Allemagne), on \u00e9vite en fait ce mode de transfert.<\/h4>\n<h4 style=\"text-align: justify;\">Livraison par voie de transit. \u2014 L&rsquo;inculp\u00e9 est remis aux&nbsp;autorit\u00e9s d&rsquo;une Puissance limitrophe. Cette livraison est,&nbsp;bien entendu, pr\u00e9c\u00e9d\u00e9e d&rsquo;une communication du gouvernement&nbsp;requ\u00e9rant, faisant savoir que le transit par le territoire dudit&nbsp;Etat a \u00e9t\u00e9 autoris\u00e9. Les indications relatives aux lieu, jour et&nbsp;heure de remise font l&rsquo;objet d&rsquo;un \u00e9change de lettres ou de notes&nbsp;entre le minist\u00e8re des affaires \u00e9trang\u00e8res et l&rsquo;ambassade oul\u00e9gation du pays requ\u00e9rant, celle du pays de transit n&rsquo;ayant&nbsp;pas \u00e0 intervenir dans la n\u00e9gociation pour le succ\u00e8s de laquelle<\/h4>\n<h6 style=\"text-align: justify;\">sources: Journal du droit international priv\u00e9Clunet, \u00c9douard (1845-1922).<\/h6>\n<p>&nbsp;<\/p>\n","protected":false},"excerpt":{"rendered":"<p>Les Extradictions par Montreux-Vieux \u00e0 partir de 1871 Lorsque tous les renseignements n\u00e9cessaires ont \u00e9t\u00e9&nbsp;recueillis, l&rsquo;une ou l&rsquo;autre des deux solutions suivantes intervient : Ou l&rsquo;extradition est refus\u00e9e, et la mise en libert\u00e9 de l&rsquo;inculp\u00e9 est ordonn\u00e9e par le Parquet &hellip; <a href=\"https:\/\/montreux-vieux.net\/?page_id=11481\">Continuer la lecture <span class=\"meta-nav\">&rarr;<\/span><\/a><\/p>\n","protected":false},"author":1,"featured_media":0,"parent":13013,"menu_order":40,"comment_status":"closed","ping_status":"open","template":"","meta":{"footnotes":""},"class_list":["post-11481","page","type-page","status-publish","hentry"],"_links":{"self":[{"href":"https:\/\/montreux-vieux.net\/index.php?rest_route=\/wp\/v2\/pages\/11481","targetHints":{"allow":["GET"]}}],"collection":[{"href":"https:\/\/montreux-vieux.net\/index.php?rest_route=\/wp\/v2\/pages"}],"about":[{"href":"https:\/\/montreux-vieux.net\/index.php?rest_route=\/wp\/v2\/types\/page"}],"author":[{"embeddable":true,"href":"https:\/\/montreux-vieux.net\/index.php?rest_route=\/wp\/v2\/users\/1"}],"replies":[{"embeddable":true,"href":"https:\/\/montreux-vieux.net\/index.php?rest_route=%2Fwp%2Fv2%2Fcomments&post=11481"}],"version-history":[{"count":2,"href":"https:\/\/montreux-vieux.net\/index.php?rest_route=\/wp\/v2\/pages\/11481\/revisions"}],"predecessor-version":[{"id":13389,"href":"https:\/\/montreux-vieux.net\/index.php?rest_route=\/wp\/v2\/pages\/11481\/revisions\/13389"}],"up":[{"embeddable":true,"href":"https:\/\/montreux-vieux.net\/index.php?rest_route=\/wp\/v2\/pages\/13013"}],"wp:attachment":[{"href":"https:\/\/montreux-vieux.net\/index.php?rest_route=%2Fwp%2Fv2%2Fmedia&parent=11481"}],"curies":[{"name":"wp","href":"https:\/\/api.w.org\/{rel}","templated":true}]}}