{"id":11489,"date":"2018-10-28T14:14:54","date_gmt":"2018-10-28T13:14:54","guid":{"rendered":"http:\/\/montreux-vieux.net\/?page_id=11489"},"modified":"2018-12-26T11:47:17","modified_gmt":"2018-12-26T10:47:17","slug":"le-saviez-vous-le-cure-marchal-de-montreux-vieux-deporte","status":"publish","type":"page","link":"https:\/\/montreux-vieux.net\/?page_id=11489","title":{"rendered":"Le saviez-vous\u00a0? Le cur\u00e9 Marchal de Montreux-Vieux, d\u00e9port\u00e9"},"content":{"rendered":"<h3 style=\"text-align: center;\">Le saviez-vous&nbsp;? Le cur\u00e9 Marchal de Montreux-Vieux, d\u00e9port\u00e9<\/h3>\n<p><a href=\"http:\/\/montreux-vieux.net\/montreux-vieux.net\/wp-content\/uploads\/2018\/10\/ScreenShot1355.jpg\" target=\"_blank\" rel=\"noopener\"><img loading=\"lazy\" decoding=\"async\" class=\"aligncenter wp-image-11487 size-full\" src=\"http:\/\/montreux-vieux.net\/montreux-vieux.net\/wp-content\/uploads\/2018\/10\/ScreenShot1355.jpg\" sizes=\"auto, (max-width: 818px) 100vw, 818px\" srcset=\"http:\/\/montreux-vieux.net\/montreux-vieux.net\/wp-content\/uploads\/2018\/10\/ScreenShot1355.jpg 818w, http:\/\/montreux-vieux.net\/montreux-vieux.net\/wp-content\/uploads\/2018\/10\/ScreenShot1355-300x186.jpg 300w, http:\/\/montreux-vieux.net\/montreux-vieux.net\/wp-content\/uploads\/2018\/10\/ScreenShot1355-768x475.jpg 768w, http:\/\/montreux-vieux.net\/montreux-vieux.net\/wp-content\/uploads\/2018\/10\/ScreenShot1355-600x371.jpg 600w\" alt=\"\" width=\"818\" height=\"506\"><\/a><\/p>\n<h4>En 1940, le cur\u00e9 de Montreux-Veux Marchal (1938\/1940) a \u00e9t\u00e9 remplac\u00e9 &nbsp;par le cur\u00e9 Schuler.<\/h4>\n<h4 style=\"text-align: justify;\">Il a \u00e9t\u00e9 d\u00e9port\u00e9 au camp de Schirmeck suite \u00e0 une d\u00e9nonciation aux Allemands par une personne de Montreux-Vieux qui leur a indiqu\u00e9 que Melle Bloch Ir\u00e8ne (m\u00e8re de Michel Clar) travaillant en gare de Montreux-Vieux qui enregistrait les wagons \u00e0 Altmunsterol profitait du transfert des documents douaniers qu\u2019elle amenait&nbsp;en v\u00e9lo, chaque jour, \u00e0 Petit-Croix &nbsp; (France) pour passer au Presbyt\u00e8re d\u2019Altmunsterol &nbsp;r\u00e9cup\u00e9rer et cacher dans ses chaussettes du courrier destin\u00e9 aux prisonniers qu\u2019elle d\u00e9posait au presbyt\u00e8re de Montreux-Ch\u00e2teau.<\/h4>\n","protected":false},"excerpt":{"rendered":"<p>Le saviez-vous&nbsp;? Le cur\u00e9 Marchal de Montreux-Vieux, d\u00e9port\u00e9 En 1940, le cur\u00e9 de Montreux-Veux Marchal (1938\/1940) a \u00e9t\u00e9 remplac\u00e9 &nbsp;par le cur\u00e9 Schuler. Il a \u00e9t\u00e9 d\u00e9port\u00e9 au camp de Schirmeck suite \u00e0 une d\u00e9nonciation aux Allemands par une personne &hellip; <a href=\"https:\/\/montreux-vieux.net\/?page_id=11489\">Continuer la lecture <span class=\"meta-nav\">&rarr;<\/span><\/a><\/p>\n","protected":false},"author":1,"featured_media":0,"parent":12675,"menu_order":4,"comment_status":"closed","ping_status":"open","template":"","meta":{"footnotes":""},"class_list":["post-11489","page","type-page","status-publish","hentry"],"_links":{"self":[{"href":"https:\/\/montreux-vieux.net\/index.php?rest_route=\/wp\/v2\/pages\/11489","targetHints":{"allow":["GET"]}}],"collection":[{"href":"https:\/\/montreux-vieux.net\/index.php?rest_route=\/wp\/v2\/pages"}],"about":[{"href":"https:\/\/montreux-vieux.net\/index.php?rest_route=\/wp\/v2\/types\/page"}],"author":[{"embeddable":true,"href":"https:\/\/montreux-vieux.net\/index.php?rest_route=\/wp\/v2\/users\/1"}],"replies":[{"embeddable":true,"href":"https:\/\/montreux-vieux.net\/index.php?rest_route=%2Fwp%2Fv2%2Fcomments&post=11489"}],"version-history":[{"count":3,"href":"https:\/\/montreux-vieux.net\/index.php?rest_route=\/wp\/v2\/pages\/11489\/revisions"}],"predecessor-version":[{"id":13077,"href":"https:\/\/montreux-vieux.net\/index.php?rest_route=\/wp\/v2\/pages\/11489\/revisions\/13077"}],"up":[{"embeddable":true,"href":"https:\/\/montreux-vieux.net\/index.php?rest_route=\/wp\/v2\/pages\/12675"}],"wp:attachment":[{"href":"https:\/\/montreux-vieux.net\/index.php?rest_route=%2Fwp%2Fv2%2Fmedia&parent=11489"}],"curies":[{"name":"wp","href":"https:\/\/api.w.org\/{rel}","templated":true}]}}