{"id":11497,"date":"2018-10-28T15:24:11","date_gmt":"2018-10-28T14:24:11","guid":{"rendered":"http:\/\/montreux-vieux.net\/?page_id=11497"},"modified":"2019-01-02T13:02:08","modified_gmt":"2019-01-02T12:02:08","slug":"le-pont-de-la-saint-nicolas-construction-et-entretien-a-la-charge-de-ladministration-de-lalsace-lorraine-en-1878","status":"publish","type":"page","link":"https:\/\/montreux-vieux.net\/?page_id=11497","title":{"rendered":"Le Pont de la Saint-Nicolas, construction et entretien \u00e0 la charge de\u00a0l&rsquo;administration de l&rsquo;Alsace-Lorraine en 1878"},"content":{"rendered":"<h3 style=\"text-align: center;\">Le Pont de la Saint-Nicolas, construction et entretien \u00e0 la charge de&nbsp;l&rsquo;administration de l&rsquo;Alsace-Lorraine en 1878<\/h3>\n<h4 style=\"text-align: justify;\">Aux termes de l\u2019article 8, d\u2019un Proc\u00e8s verbal de d\u00e9limitation, &nbsp;le &nbsp;Pont sur le Saint-Nicolas, pr\u00e8s de la borne 3838, sur le chemin de&nbsp;Montreux-Ch\u00e2teau&nbsp;\u00e0&nbsp;Montreux-Vieux<strong>.<\/strong>&nbsp;stipule que la construction et l&rsquo;entretien sont \u00e0 la charge de&nbsp;l administration de l&rsquo;Alsace-Lorraine<\/h4>\n<p style=\"text-align: center;\"><a href=\"http:\/\/montreux-vieux.net\/montreux-vieux.net\/wp-content\/uploads\/2018\/10\/ScreenShot1357.jpg\" target=\"_blank\" rel=\"noopener\"><img loading=\"lazy\" decoding=\"async\" class=\"aligncenter wp-image-11493 size-full\" src=\"http:\/\/montreux-vieux.net\/montreux-vieux.net\/wp-content\/uploads\/2018\/10\/ScreenShot1357.jpg\" alt=\"\" width=\"800\" height=\"525\" srcset=\"https:\/\/montreux-vieux.net\/montreux-vieux.net\/wp-content\/uploads\/2018\/10\/ScreenShot1357.jpg 800w, https:\/\/montreux-vieux.net\/montreux-vieux.net\/wp-content\/uploads\/2018\/10\/ScreenShot1357-300x197.jpg 300w, https:\/\/montreux-vieux.net\/montreux-vieux.net\/wp-content\/uploads\/2018\/10\/ScreenShot1357-768x504.jpg 768w, https:\/\/montreux-vieux.net\/montreux-vieux.net\/wp-content\/uploads\/2018\/10\/ScreenShot1357-600x394.jpg 600w\" sizes=\"auto, (max-width: 800px) 100vw, 800px\" \/><\/a><\/p>\n<h6>Sources&nbsp;: Recueil g\u00e9n\u00e9ral des lois et des arr\u00eats : en mati\u00e8re civile, criminelle, commerciale et de droit public&#8230; \/ par J.-B. Sirey 1878<\/h6>\n","protected":false},"excerpt":{"rendered":"<p>Le Pont de la Saint-Nicolas, construction et entretien \u00e0 la charge de&nbsp;l&rsquo;administration de l&rsquo;Alsace-Lorraine en 1878 Aux termes de l\u2019article 8, d\u2019un Proc\u00e8s verbal de d\u00e9limitation, &nbsp;le &nbsp;Pont sur le Saint-Nicolas, pr\u00e8s de la borne 3838, sur le chemin de&nbsp;Montreux-Ch\u00e2teau&nbsp;\u00e0&nbsp;Montreux-Vieux.&nbsp;stipule &hellip; <a href=\"https:\/\/montreux-vieux.net\/?page_id=11497\">Continuer la lecture <span class=\"meta-nav\">&rarr;<\/span><\/a><\/p>\n","protected":false},"author":1,"featured_media":0,"parent":13034,"menu_order":14,"comment_status":"closed","ping_status":"open","template":"","meta":{"footnotes":""},"class_list":["post-11497","page","type-page","status-publish","hentry"],"_links":{"self":[{"href":"https:\/\/montreux-vieux.net\/index.php?rest_route=\/wp\/v2\/pages\/11497","targetHints":{"allow":["GET"]}}],"collection":[{"href":"https:\/\/montreux-vieux.net\/index.php?rest_route=\/wp\/v2\/pages"}],"about":[{"href":"https:\/\/montreux-vieux.net\/index.php?rest_route=\/wp\/v2\/types\/page"}],"author":[{"embeddable":true,"href":"https:\/\/montreux-vieux.net\/index.php?rest_route=\/wp\/v2\/users\/1"}],"replies":[{"embeddable":true,"href":"https:\/\/montreux-vieux.net\/index.php?rest_route=%2Fwp%2Fv2%2Fcomments&post=11497"}],"version-history":[{"count":2,"href":"https:\/\/montreux-vieux.net\/index.php?rest_route=\/wp\/v2\/pages\/11497\/revisions"}],"predecessor-version":[{"id":13315,"href":"https:\/\/montreux-vieux.net\/index.php?rest_route=\/wp\/v2\/pages\/11497\/revisions\/13315"}],"up":[{"embeddable":true,"href":"https:\/\/montreux-vieux.net\/index.php?rest_route=\/wp\/v2\/pages\/13034"}],"wp:attachment":[{"href":"https:\/\/montreux-vieux.net\/index.php?rest_route=%2Fwp%2Fv2%2Fmedia&parent=11497"}],"curies":[{"name":"wp","href":"https:\/\/api.w.org\/{rel}","templated":true}]}}