{"id":11514,"date":"2018-10-30T16:25:57","date_gmt":"2018-10-30T15:25:57","guid":{"rendered":"http:\/\/montreux-vieux.net\/?page_id=11514"},"modified":"2019-01-02T17:16:55","modified_gmt":"2019-01-02T16:16:55","slug":"la-25eme-fete-des-anciens-en-1969","status":"publish","type":"page","link":"https:\/\/montreux-vieux.net\/?page_id=11514","title":{"rendered":"La 25\u00e8me \u00a0f\u00eate des Anciens en 1969"},"content":{"rendered":"<h3 style=\"text-align: center;\">La 25\u00e8me &nbsp;f\u00eate des Anciens en 1969<\/h3>\n<h4 style=\"text-align: justify;\">La 25 \u00e8me &nbsp;f\u00eate des Anciens de Montreux-Vieux, Montreux-Jeune et Chavannes-sur-l&rsquo;Etang a remport\u00e9 un pleinesucc\u00e8s gr\u00e2ce \u00e0 l&rsquo;animatrice cantonale,&nbsp;MME KUN\u00c9MANN, pr\u00e9sidente du Comit\u00e9&nbsp;de la C. R. F. de Dannemarie, et au&nbsp;concours des jeunes secouristes.<\/h4>\n<h6>Sources: Vie et bont\u00e9 : France Croix-Rouge : organe officiel de la Croix-Rouge fran\u00e7aise&nbsp;Croix-Rouge fran\u00e7aise. auteur du texte<span style=\"color: #999999;\"><img loading=\"lazy\" decoding=\"async\" class=\"aligncenter wp-image-11509 size-full\" src=\"http:\/\/montreux-vieux.net\/montreux-vieux.net\/wp-content\/uploads\/2018\/10\/ScreenShot1359.jpg\" alt=\"\" width=\"326\" height=\"365\" srcset=\"https:\/\/montreux-vieux.net\/montreux-vieux.net\/wp-content\/uploads\/2018\/10\/ScreenShot1359.jpg 326w, https:\/\/montreux-vieux.net\/montreux-vieux.net\/wp-content\/uploads\/2018\/10\/ScreenShot1359-268x300.jpg 268w\" sizes=\"auto, (max-width: 326px) 100vw, 326px\" \/><br \/>\n<\/span><\/h6>\n<h4>C&rsquo;\u00e9tait de d\u00e9but des Silver Star de Montreux-Vieux<\/h4>\n<p style=\"text-align: center;\"><a href=\"http:\/\/montreux-vieux.net\/montreux-vieux.net\/wp-content\/uploads\/2018\/10\/ScreenShot277.jpg\" target=\"_blank\" rel=\"noopener\"><img loading=\"lazy\" decoding=\"async\" class=\"aligncenter wp-image-11510 size-full\" src=\"http:\/\/montreux-vieux.net\/montreux-vieux.net\/wp-content\/uploads\/2018\/10\/ScreenShot277.jpg\" alt=\"\" width=\"927\" height=\"500\" srcset=\"https:\/\/montreux-vieux.net\/montreux-vieux.net\/wp-content\/uploads\/2018\/10\/ScreenShot277.jpg 927w, https:\/\/montreux-vieux.net\/montreux-vieux.net\/wp-content\/uploads\/2018\/10\/ScreenShot277-300x162.jpg 300w, https:\/\/montreux-vieux.net\/montreux-vieux.net\/wp-content\/uploads\/2018\/10\/ScreenShot277-768x414.jpg 768w, https:\/\/montreux-vieux.net\/montreux-vieux.net\/wp-content\/uploads\/2018\/10\/ScreenShot277-600x324.jpg 600w\" sizes=\"auto, (max-width: 927px) 100vw, 927px\" \/><\/a><\/p>\n","protected":false},"excerpt":{"rendered":"<p>La 25\u00e8me &nbsp;f\u00eate des Anciens en 1969 La 25 \u00e8me &nbsp;f\u00eate des Anciens de Montreux-Vieux, Montreux-Jeune et Chavannes-sur-l&rsquo;Etang a remport\u00e9 un pleinesucc\u00e8s gr\u00e2ce \u00e0 l&rsquo;animatrice cantonale,&nbsp;MME KUN\u00c9MANN, pr\u00e9sidente du Comit\u00e9&nbsp;de la C. R. F. de Dannemarie, et au&nbsp;concours des jeunes &hellip; <a href=\"https:\/\/montreux-vieux.net\/?page_id=11514\">Continuer la lecture <span class=\"meta-nav\">&rarr;<\/span><\/a><\/p>\n","protected":false},"author":1,"featured_media":0,"parent":13095,"menu_order":26,"comment_status":"closed","ping_status":"open","template":"","meta":{"footnotes":""},"class_list":["post-11514","page","type-page","status-publish","hentry"],"_links":{"self":[{"href":"https:\/\/montreux-vieux.net\/index.php?rest_route=\/wp\/v2\/pages\/11514","targetHints":{"allow":["GET"]}}],"collection":[{"href":"https:\/\/montreux-vieux.net\/index.php?rest_route=\/wp\/v2\/pages"}],"about":[{"href":"https:\/\/montreux-vieux.net\/index.php?rest_route=\/wp\/v2\/types\/page"}],"author":[{"embeddable":true,"href":"https:\/\/montreux-vieux.net\/index.php?rest_route=\/wp\/v2\/users\/1"}],"replies":[{"embeddable":true,"href":"https:\/\/montreux-vieux.net\/index.php?rest_route=%2Fwp%2Fv2%2Fcomments&post=11514"}],"version-history":[{"count":2,"href":"https:\/\/montreux-vieux.net\/index.php?rest_route=\/wp\/v2\/pages\/11514\/revisions"}],"predecessor-version":[{"id":13391,"href":"https:\/\/montreux-vieux.net\/index.php?rest_route=\/wp\/v2\/pages\/11514\/revisions\/13391"}],"up":[{"embeddable":true,"href":"https:\/\/montreux-vieux.net\/index.php?rest_route=\/wp\/v2\/pages\/13095"}],"wp:attachment":[{"href":"https:\/\/montreux-vieux.net\/index.php?rest_route=%2Fwp%2Fv2%2Fmedia&parent=11514"}],"curies":[{"name":"wp","href":"https:\/\/api.w.org\/{rel}","templated":true}]}}