{"id":11533,"date":"2018-10-30T17:49:59","date_gmt":"2018-10-30T16:49:59","guid":{"rendered":"http:\/\/montreux-vieux.net\/?page_id=11533"},"modified":"2019-01-02T16:54:29","modified_gmt":"2019-01-02T15:54:29","slug":"louis-felscher-syndicaliste-est-passe-au-conseil-de-guerre","status":"publish","type":"page","link":"https:\/\/montreux-vieux.net\/?page_id=11533","title":{"rendered":"Louis Felscher syndicaliste est pass\u00e9 au conseil de guerre"},"content":{"rendered":"<h3 style=\"text-align: center;\">Louis Felscher syndicaliste est pass\u00e9 au conseil de guerre<\/h3>\n<div class=\"entry-content\">\n<h4 style=\"text-align: center;\">Ouvriers montbeliardais<\/h4>\n<h4 style=\"text-align: justify;\">Un camarade de Belfort, Louis Felscher, conseiller prud\u2019homme, secr\u00e9taire du syndica des menuisiers, membre du comit\u00e9 g\u00e9n\u00e9ral de la F\u00e9d\u00e9ration ouvri\u00e8re, et de la Commission execu-tive de la Bourse, est enferm\u00e9 dans les ge\u00f4les de Guillaume II, et voici pourquoi :<\/h4>\n<p><a href=\"http:\/\/montreux-vieux.net\/montreux-vieux.net\/wp-content\/uploads\/2018\/10\/ScreenShot1361.jpg\" target=\"_blank\" rel=\"noopener\"><img loading=\"lazy\" decoding=\"async\" class=\"aligncenter wp-image-11530 size-full\" src=\"http:\/\/montreux-vieux.net\/montreux-vieux.net\/wp-content\/uploads\/2018\/10\/ScreenShot1361.jpg\" alt=\"\" width=\"184\" height=\"278\"><\/a><\/p>\n<h4 style=\"text-align: justify;\">Louis Fetscher, qui travaillait \u00e0 Montreux-Vieux (Alsace), fut le 2 ao\u00fbt, appr\u00e9hend\u00e9 par les gendarmes du kaiser et enferm\u00e9 comme insoumis \u00e0 la loi militaire allemande ; quoique Fetscher ait rempli toutes ses obligations militaires en France, son p\u00e8re ayant opt\u00e9 &nbsp;pour lui, apr\u00e8s 1870. Il passa le 20 ac\u00f9t au conseil de guerre de Mulhouse, et vient d\u2019\u00eatre condamn\u00e9 \u00e0 six mois de prison. Sa famille, qui se compose de six enfants, dont un sous les drapeauxen Alg\u00e9rie, va donc se trouver, pendant six mois, priv\u00e9e de son seul soutien.<\/h4>\n<h4 style=\"text-align: justify;\">Des listes de souscription circulent \u00e0 Montb\u00e9liard, et nous sommes persuad\u00e9s que tous les ouvriers auront \u00e0 c\u0153ur de venir en aide \u00e0 la famille de Fetscher, victime de l\u2019autocratie allemande.<\/h4>\n<h6 style=\"text-align: justify;\">Sources: D\u00e9mocrate : Organe des R\u00e9publicains radicaux et radicaux-socialistes du pays de Montb\u00e9liard du 16 septembre 1906<\/h6>\n<\/div>\n<div class=\"entry-utility\"><span class=\"cat-links\"><span class=\"entry-utility-prep entry-utility-prep-cat-links\">Publi\u00e9 dans<\/span> <a href=\"http:\/\/montreux-vieux.net\/?cat=11\" rel=\"category\">Culture<\/a>, <a href=\"http:\/\/montreux-vieux.net\/?cat=15\" rel=\"category\">Divers<\/a>, <a href=\"http:\/\/montreux-vieux.net\/?cat=14\" rel=\"category\">Ev\u00e8nements<\/a>, <a href=\"http:\/\/montreux-vieux.net\/?cat=8\" rel=\"category\">Historique<\/a> <\/span><span class=\"meta-sep\">|<\/span> <span class=\"comments-link\"><a href=\"http:\/\/montreux-vieux.net\/?p=11529#respond\">Lai<\/a><\/span><\/div>\n","protected":false},"excerpt":{"rendered":"<p>Louis Felscher syndicaliste est pass\u00e9 au conseil de guerre Ouvriers montbeliardais Un camarade de Belfort, Louis Felscher, conseiller prud\u2019homme, secr\u00e9taire du syndica des menuisiers, membre du comit\u00e9 g\u00e9n\u00e9ral de la F\u00e9d\u00e9ration ouvri\u00e8re, et de la Commission execu-tive de la Bourse, &hellip; <a href=\"https:\/\/montreux-vieux.net\/?page_id=11533\">Continuer la lecture <span class=\"meta-nav\">&rarr;<\/span><\/a><\/p>\n","protected":false},"author":1,"featured_media":0,"parent":13044,"menu_order":66,"comment_status":"closed","ping_status":"open","template":"","meta":{"footnotes":""},"class_list":["post-11533","page","type-page","status-publish","hentry"],"_links":{"self":[{"href":"https:\/\/montreux-vieux.net\/index.php?rest_route=\/wp\/v2\/pages\/11533","targetHints":{"allow":["GET"]}}],"collection":[{"href":"https:\/\/montreux-vieux.net\/index.php?rest_route=\/wp\/v2\/pages"}],"about":[{"href":"https:\/\/montreux-vieux.net\/index.php?rest_route=\/wp\/v2\/types\/page"}],"author":[{"embeddable":true,"href":"https:\/\/montreux-vieux.net\/index.php?rest_route=\/wp\/v2\/users\/1"}],"replies":[{"embeddable":true,"href":"https:\/\/montreux-vieux.net\/index.php?rest_route=%2Fwp%2Fv2%2Fcomments&post=11533"}],"version-history":[{"count":2,"href":"https:\/\/montreux-vieux.net\/index.php?rest_route=\/wp\/v2\/pages\/11533\/revisions"}],"predecessor-version":[{"id":13379,"href":"https:\/\/montreux-vieux.net\/index.php?rest_route=\/wp\/v2\/pages\/11533\/revisions\/13379"}],"up":[{"embeddable":true,"href":"https:\/\/montreux-vieux.net\/index.php?rest_route=\/wp\/v2\/pages\/13044"}],"wp:attachment":[{"href":"https:\/\/montreux-vieux.net\/index.php?rest_route=%2Fwp%2Fv2%2Fmedia&parent=11533"}],"curies":[{"name":"wp","href":"https:\/\/api.w.org\/{rel}","templated":true}]}}