{"id":11549,"date":"2018-10-31T13:04:31","date_gmt":"2018-10-31T12:04:31","guid":{"rendered":"http:\/\/montreux-vieux.net\/?page_id=11549"},"modified":"2019-01-02T16:51:55","modified_gmt":"2019-01-02T15:51:55","slug":"entre-chavannes-sur-letang-et-montreux-vieux-un-mecanicien-davion-brule-vif","status":"publish","type":"page","link":"https:\/\/montreux-vieux.net\/?page_id=11549","title":{"rendered":"Entre Chavannes-sur-l&rsquo;Etang et\u00a0Montreux-Vieux un m\u00e9canicien d&rsquo;avion brul\u00e9 vif"},"content":{"rendered":"<h3 style=\"text-align: center;\">Entre Chavannes-sur-l&rsquo;Etang et&nbsp;Montreux-Vieux un m\u00e9canicien d&rsquo;avion brul\u00e9 vif<\/h3>\n<h4 style=\"text-align: center;\"><a href=\"http:\/\/montreux-vieux.net\/montreux-vieux.net\/wp-content\/uploads\/2018\/10\/ScreenShot1363.jpg\" target=\"_blank\" rel=\"noopener\"><img loading=\"lazy\" decoding=\"async\" class=\"aligncenter wp-image-11546 size-full\" src=\"http:\/\/montreux-vieux.net\/montreux-vieux.net\/wp-content\/uploads\/2018\/10\/ScreenShot1363.jpg\" alt=\"\" width=\"298\" height=\"129\"><\/a><\/h4>\n<h4 style=\"text-align: justify;\">Un avion, pilot\u00e9 par M. Desoubes, mar\u00e9chal&nbsp;des logis \u00e0 l&rsquo;escadrille 201 du 12&Prime; r\u00e9giment&nbsp;d&rsquo;aviation, accompagn\u00e9 du m\u00e9canicien Charton, fut oblig\u00e9, par une panne de .moteur,&nbsp;d&rsquo;atterrir dans les champs entre Chavannes-sur-l&rsquo;Etang et&nbsp;Montreux-Vieux en ao\u00fbt 1920<\/h4>\n<h4 style=\"text-align: justify;\">Arriv\u00e9 \u00e0 quelques m\u00e8tres du sol, l&rsquo;appareil&nbsp;tomba brusquement et prit feu.&nbsp;Le mar\u00e9chal des logis sauta de l&rsquo;avion \u00e0&nbsp;cinq m\u00e9tr\u00e9s du sol. Le m\u00e9canicien, rest\u00e9&nbsp;dans l&rsquo;appareil, fut carbonis\u00e9.<\/h4>\n<h6>Sources: L&rsquo;Humanit\u00e9 : journal socialiste quotidien&nbsp;Parti communiste fran\u00e7ais 31 ao\u00fbt 1920<\/h6>\n","protected":false},"excerpt":{"rendered":"<p>Entre Chavannes-sur-l&rsquo;Etang et&nbsp;Montreux-Vieux un m\u00e9canicien d&rsquo;avion brul\u00e9 vif Un avion, pilot\u00e9 par M. Desoubes, mar\u00e9chal&nbsp;des logis \u00e0 l&rsquo;escadrille 201 du 12&Prime; r\u00e9giment&nbsp;d&rsquo;aviation, accompagn\u00e9 du m\u00e9canicien Charton, fut oblig\u00e9, par une panne de .moteur,&nbsp;d&rsquo;atterrir dans les champs entre Chavannes-sur-l&rsquo;Etang et&nbsp;Montreux-Vieux en &hellip; <a href=\"https:\/\/montreux-vieux.net\/?page_id=11549\">Continuer la lecture <span class=\"meta-nav\">&rarr;<\/span><\/a><\/p>\n","protected":false},"author":1,"featured_media":0,"parent":13044,"menu_order":60,"comment_status":"closed","ping_status":"open","template":"","meta":{"footnotes":""},"class_list":["post-11549","page","type-page","status-publish","hentry"],"_links":{"self":[{"href":"https:\/\/montreux-vieux.net\/index.php?rest_route=\/wp\/v2\/pages\/11549","targetHints":{"allow":["GET"]}}],"collection":[{"href":"https:\/\/montreux-vieux.net\/index.php?rest_route=\/wp\/v2\/pages"}],"about":[{"href":"https:\/\/montreux-vieux.net\/index.php?rest_route=\/wp\/v2\/types\/page"}],"author":[{"embeddable":true,"href":"https:\/\/montreux-vieux.net\/index.php?rest_route=\/wp\/v2\/users\/1"}],"replies":[{"embeddable":true,"href":"https:\/\/montreux-vieux.net\/index.php?rest_route=%2Fwp%2Fv2%2Fcomments&post=11549"}],"version-history":[{"count":2,"href":"https:\/\/montreux-vieux.net\/index.php?rest_route=\/wp\/v2\/pages\/11549\/revisions"}],"predecessor-version":[{"id":13377,"href":"https:\/\/montreux-vieux.net\/index.php?rest_route=\/wp\/v2\/pages\/11549\/revisions\/13377"}],"up":[{"embeddable":true,"href":"https:\/\/montreux-vieux.net\/index.php?rest_route=\/wp\/v2\/pages\/13044"}],"wp:attachment":[{"href":"https:\/\/montreux-vieux.net\/index.php?rest_route=%2Fwp%2Fv2%2Fmedia&parent=11549"}],"curies":[{"name":"wp","href":"https:\/\/api.w.org\/{rel}","templated":true}]}}