{"id":11555,"date":"2018-10-31T13:19:36","date_gmt":"2018-10-31T12:19:36","guid":{"rendered":"http:\/\/montreux-vieux.net\/?page_id=11555"},"modified":"2019-01-02T17:40:05","modified_gmt":"2019-01-02T16:40:05","slug":"le-passeport-obligatoire-au-29-aout-1899","status":"publish","type":"page","link":"https:\/\/montreux-vieux.net\/?page_id=11555","title":{"rendered":"Le passeport obligatoire au 29 ao\u00fbt 1899"},"content":{"rendered":"<h3 style=\"text-align: center;\">Le passeport obligatoire au 29 ao\u00fbt 1899<\/h3>\n<p style=\"text-align: center;\"><a href=\"http:\/\/montreux-vieux.net\/montreux-vieux.net\/wp-content\/uploads\/2018\/10\/ScreenShot390.jpg\" target=\"_blank\" rel=\"noopener\"><img loading=\"lazy\" decoding=\"async\" class=\"aligncenter wp-image-11552 size-medium\" src=\"http:\/\/montreux-vieux.net\/montreux-vieux.net\/wp-content\/uploads\/2018\/10\/ScreenShot390-300x185.jpg\" alt=\"\" width=\"300\" height=\"185\" srcset=\"https:\/\/montreux-vieux.net\/montreux-vieux.net\/wp-content\/uploads\/2018\/10\/ScreenShot390-300x185.jpg 300w, https:\/\/montreux-vieux.net\/montreux-vieux.net\/wp-content\/uploads\/2018\/10\/ScreenShot390-768x473.jpg 768w, https:\/\/montreux-vieux.net\/montreux-vieux.net\/wp-content\/uploads\/2018\/10\/ScreenShot390-600x370.jpg 600w, https:\/\/montreux-vieux.net\/montreux-vieux.net\/wp-content\/uploads\/2018\/10\/ScreenShot390.jpg 1000w\" sizes=\"auto, (max-width: 300px) 100vw, 300px\" \/><\/a><\/p>\n<h4>Strasbourg, 29 ao\u00fbt.<br \/>\nM. de Hohenlohe, gouverneur d&rsquo;Alsace-Lorraine. avait laiss\u00e9 croire que l&#8217;empereur,&nbsp;\u00e0 l&rsquo;occasion de son s\u00e9jour \u00e0 Strasbourg et \u00e0&nbsp;Metz, supprimerait l&rsquo;obligation du passeport.<\/h4>\n<h4 style=\"text-align: justify;\">Par arr\u00eat\u00e9 de ce matin, il est interdit aux&nbsp;habitants de la fronti\u00e8re fran\u00e7aise de circuler sans passeport, entre les villages de Reppe, de Br\u00e9chaumont, de&nbsp;<strong>Montreux-Vieux<\/strong>&nbsp;et de&nbsp;<strong>Montreux-Ch\u00e2teau.<\/strong>&nbsp;Ces communes sont&nbsp;distantes de deux \u00e0 trois cents m\u00e8tres tout&nbsp;au plus. Jusqu&rsquo;\u00e0 pr\u00e9sent, leurs habitants&nbsp;avaient eu la permission de franchir la fronti\u00e8re sans passeport. On voit comment M. de&nbsp;Hohenlohe tient ses promesses, et que la&nbsp;pr\u00e9tendue g\u00e9n\u00e9rosit\u00e9 de Guillaume II n&rsquo;a&nbsp;pour effet qu&rsquo;un absurde et monstrueux redoublement de rigueur.<\/h4>\n<h6>Sources: Gil Blas samedi 31 ao\u00fbt 1899<\/h6>\n","protected":false},"excerpt":{"rendered":"<p>Le passeport obligatoire au 29 ao\u00fbt 1899 Strasbourg, 29 ao\u00fbt. M. de Hohenlohe, gouverneur d&rsquo;Alsace-Lorraine. avait laiss\u00e9 croire que l&#8217;empereur,&nbsp;\u00e0 l&rsquo;occasion de son s\u00e9jour \u00e0 Strasbourg et \u00e0&nbsp;Metz, supprimerait l&rsquo;obligation du passeport. Par arr\u00eat\u00e9 de ce matin, il est interdit &hellip; <a href=\"https:\/\/montreux-vieux.net\/?page_id=11555\">Continuer la lecture <span class=\"meta-nav\">&rarr;<\/span><\/a><\/p>\n","protected":false},"author":1,"featured_media":0,"parent":13130,"menu_order":26,"comment_status":"closed","ping_status":"open","template":"","meta":{"footnotes":""},"class_list":["post-11555","page","type-page","status-publish","hentry"],"_links":{"self":[{"href":"https:\/\/montreux-vieux.net\/index.php?rest_route=\/wp\/v2\/pages\/11555","targetHints":{"allow":["GET"]}}],"collection":[{"href":"https:\/\/montreux-vieux.net\/index.php?rest_route=\/wp\/v2\/pages"}],"about":[{"href":"https:\/\/montreux-vieux.net\/index.php?rest_route=\/wp\/v2\/types\/page"}],"author":[{"embeddable":true,"href":"https:\/\/montreux-vieux.net\/index.php?rest_route=\/wp\/v2\/users\/1"}],"replies":[{"embeddable":true,"href":"https:\/\/montreux-vieux.net\/index.php?rest_route=%2Fwp%2Fv2%2Fcomments&post=11555"}],"version-history":[{"count":2,"href":"https:\/\/montreux-vieux.net\/index.php?rest_route=\/wp\/v2\/pages\/11555\/revisions"}],"predecessor-version":[{"id":13394,"href":"https:\/\/montreux-vieux.net\/index.php?rest_route=\/wp\/v2\/pages\/11555\/revisions\/13394"}],"up":[{"embeddable":true,"href":"https:\/\/montreux-vieux.net\/index.php?rest_route=\/wp\/v2\/pages\/13130"}],"wp:attachment":[{"href":"https:\/\/montreux-vieux.net\/index.php?rest_route=%2Fwp%2Fv2%2Fmedia&parent=11555"}],"curies":[{"name":"wp","href":"https:\/\/api.w.org\/{rel}","templated":true}]}}