{"id":11560,"date":"2018-10-31T16:03:25","date_gmt":"2018-10-31T15:03:25","guid":{"rendered":"http:\/\/montreux-vieux.net\/?page_id=11560"},"modified":"2019-01-02T09:36:03","modified_gmt":"2019-01-02T08:36:03","slug":"acte-de-barbarie","status":"publish","type":"page","link":"https:\/\/montreux-vieux.net\/?page_id=11560","title":{"rendered":"Acte de barbarie"},"content":{"rendered":"<h3 style=\"text-align: center;\">Acte de barbarie<\/h3>\n<p><a href=\"http:\/\/montreux-vieux.net\/montreux-vieux.net\/wp-content\/uploads\/2018\/10\/gare-02.jpg\" target=\"_blank\" rel=\"noopener\"><img loading=\"lazy\" decoding=\"async\" class=\"aligncenter wp-image-11558 size-full\" src=\"http:\/\/montreux-vieux.net\/montreux-vieux.net\/wp-content\/uploads\/2018\/10\/gare-02.jpg\" alt=\"\" width=\"992\" height=\"635\" srcset=\"https:\/\/montreux-vieux.net\/montreux-vieux.net\/wp-content\/uploads\/2018\/10\/gare-02.jpg 992w, https:\/\/montreux-vieux.net\/montreux-vieux.net\/wp-content\/uploads\/2018\/10\/gare-02-300x192.jpg 300w, https:\/\/montreux-vieux.net\/montreux-vieux.net\/wp-content\/uploads\/2018\/10\/gare-02-768x492.jpg 768w, https:\/\/montreux-vieux.net\/montreux-vieux.net\/wp-content\/uploads\/2018\/10\/gare-02-600x384.jpg 600w\" sizes=\"auto, (max-width: 992px) 100vw, 992px\" \/><\/a><\/p>\n<h4 style=\"text-align: justify;\">Coimar, 25 d\u00e9cembre. \u2014 Un commissaire&nbsp;de police et deux gendarmes fran\u00e7ais viennent d&rsquo;amener \u00e0&nbsp;<strong>Montreux-Vieux,<\/strong>&nbsp;pour \u00eatre&nbsp;livr\u00e9s \u00e0 la police allemande, cinq jeunes gens&nbsp;qui, il y a deux mois, se sont rendus coupables d&rsquo;un acte de barbarie inqualifiable.<\/h4>\n<h4>S&rsquo;\u00e9tant empar\u00e9s, dans les environs de la&nbsp;ville de Thann, d&rsquo;un malheureux r\u00e9serviste,&nbsp;ils se sont acharn\u00e9s sur lui et lui ont crev\u00e9&nbsp;les yeux.<\/h4>\n<h6>Gil Blas jeudi 27 d\u00e9cembre 1883<\/h6>\n","protected":false},"excerpt":{"rendered":"<p>Acte de barbarie Coimar, 25 d\u00e9cembre. \u2014 Un commissaire&nbsp;de police et deux gendarmes fran\u00e7ais viennent d&rsquo;amener \u00e0&nbsp;Montreux-Vieux,&nbsp;pour \u00eatre&nbsp;livr\u00e9s \u00e0 la police allemande, cinq jeunes gens&nbsp;qui, il y a deux mois, se sont rendus coupables d&rsquo;un acte de barbarie inqualifiable. S&rsquo;\u00e9tant &hellip; <a href=\"https:\/\/montreux-vieux.net\/?page_id=11560\">Continuer la lecture <span class=\"meta-nav\">&rarr;<\/span><\/a><\/p>\n","protected":false},"author":1,"featured_media":0,"parent":13044,"menu_order":34,"comment_status":"closed","ping_status":"open","template":"","meta":{"footnotes":""},"class_list":["post-11560","page","type-page","status-publish","hentry"],"_links":{"self":[{"href":"https:\/\/montreux-vieux.net\/index.php?rest_route=\/wp\/v2\/pages\/11560","targetHints":{"allow":["GET"]}}],"collection":[{"href":"https:\/\/montreux-vieux.net\/index.php?rest_route=\/wp\/v2\/pages"}],"about":[{"href":"https:\/\/montreux-vieux.net\/index.php?rest_route=\/wp\/v2\/types\/page"}],"author":[{"embeddable":true,"href":"https:\/\/montreux-vieux.net\/index.php?rest_route=\/wp\/v2\/users\/1"}],"replies":[{"embeddable":true,"href":"https:\/\/montreux-vieux.net\/index.php?rest_route=%2Fwp%2Fv2%2Fcomments&post=11560"}],"version-history":[{"count":2,"href":"https:\/\/montreux-vieux.net\/index.php?rest_route=\/wp\/v2\/pages\/11560\/revisions"}],"predecessor-version":[{"id":13254,"href":"https:\/\/montreux-vieux.net\/index.php?rest_route=\/wp\/v2\/pages\/11560\/revisions\/13254"}],"up":[{"embeddable":true,"href":"https:\/\/montreux-vieux.net\/index.php?rest_route=\/wp\/v2\/pages\/13044"}],"wp:attachment":[{"href":"https:\/\/montreux-vieux.net\/index.php?rest_route=%2Fwp%2Fv2%2Fmedia&parent=11560"}],"curies":[{"name":"wp","href":"https:\/\/api.w.org\/{rel}","templated":true}]}}