{"id":11572,"date":"2018-11-01T11:07:07","date_gmt":"2018-11-01T10:07:07","guid":{"rendered":"http:\/\/montreux-vieux.net\/?page_id=11572"},"modified":"2019-01-02T17:41:46","modified_gmt":"2019-01-02T16:41:46","slug":"la-croix-de-guerre-pour-adrien-martin","status":"publish","type":"page","link":"https:\/\/montreux-vieux.net\/?page_id=11572","title":{"rendered":"La Croix de Guerre pour Adrien Martin"},"content":{"rendered":"<h3 style=\"text-align: center;\">La Croix de Guerre pour Adrien Martin<\/h3>\n<p style=\"text-align: center;\"><a href=\"http:\/\/montreux-vieux.net\/montreux-vieux.net\/wp-content\/uploads\/2018\/11\/ScreenShot1366.jpg\" target=\"_blank\" rel=\"noopener\"><img loading=\"lazy\" decoding=\"async\" class=\"aligncenter wp-image-11570 size-full\" src=\"http:\/\/montreux-vieux.net\/montreux-vieux.net\/wp-content\/uploads\/2018\/11\/ScreenShot1366.jpg\" alt=\"\" width=\"127\" height=\"239\"><\/a><\/p>\n<h4 style=\"text-align: justify;\">Adrien Martin, de la section d&rsquo;A. F. de &nbsp;Lyon, qui fut bless\u00e9 en.Orient, a \u00e9t\u00e9 d\u00e9cor\u00e9 de la croix de guerre avec &nbsp;citation \u00e0 l&rsquo;ordre du corps d arm\u00e9e:&nbsp;Le 13 ao\u00fbt 1914 au combat de&nbsp;<strong>Montreux-<\/strong>&nbsp;<strong>Vieux<\/strong>&nbsp;Alsace, a ramen\u00e9 sous un feu violent son capitaine gri\u00e8vement bless\u00e9 entre&nbsp;nos lignes.<\/h4>\n<h6>Sources: L&rsquo;Action fran\u00e7aise : organe du nationalisme int\u00e9gral \/ directeur politique 11 novembre 1918<\/h6>\n<p><strong>&nbsp;<\/strong><\/p>\n","protected":false},"excerpt":{"rendered":"<p>La Croix de Guerre pour Adrien Martin Adrien Martin, de la section d&rsquo;A. F. de &nbsp;Lyon, qui fut bless\u00e9 en.Orient, a \u00e9t\u00e9 d\u00e9cor\u00e9 de la croix de guerre avec &nbsp;citation \u00e0 l&rsquo;ordre du corps d arm\u00e9e:&nbsp;Le 13 ao\u00fbt 1914 au &hellip; <a href=\"https:\/\/montreux-vieux.net\/?page_id=11572\">Continuer la lecture <span class=\"meta-nav\">&rarr;<\/span><\/a><\/p>\n","protected":false},"author":1,"featured_media":0,"parent":12673,"menu_order":76,"comment_status":"closed","ping_status":"open","template":"","meta":{"footnotes":""},"class_list":["post-11572","page","type-page","status-publish","hentry"],"_links":{"self":[{"href":"https:\/\/montreux-vieux.net\/index.php?rest_route=\/wp\/v2\/pages\/11572","targetHints":{"allow":["GET"]}}],"collection":[{"href":"https:\/\/montreux-vieux.net\/index.php?rest_route=\/wp\/v2\/pages"}],"about":[{"href":"https:\/\/montreux-vieux.net\/index.php?rest_route=\/wp\/v2\/types\/page"}],"author":[{"embeddable":true,"href":"https:\/\/montreux-vieux.net\/index.php?rest_route=\/wp\/v2\/users\/1"}],"replies":[{"embeddable":true,"href":"https:\/\/montreux-vieux.net\/index.php?rest_route=%2Fwp%2Fv2%2Fcomments&post=11572"}],"version-history":[{"count":2,"href":"https:\/\/montreux-vieux.net\/index.php?rest_route=\/wp\/v2\/pages\/11572\/revisions"}],"predecessor-version":[{"id":13395,"href":"https:\/\/montreux-vieux.net\/index.php?rest_route=\/wp\/v2\/pages\/11572\/revisions\/13395"}],"up":[{"embeddable":true,"href":"https:\/\/montreux-vieux.net\/index.php?rest_route=\/wp\/v2\/pages\/12673"}],"wp:attachment":[{"href":"https:\/\/montreux-vieux.net\/index.php?rest_route=%2Fwp%2Fv2%2Fmedia&parent=11572"}],"curies":[{"name":"wp","href":"https:\/\/api.w.org\/{rel}","templated":true}]}}