{"id":11579,"date":"2018-11-01T11:41:32","date_gmt":"2018-11-01T10:41:32","guid":{"rendered":"http:\/\/montreux-vieux.net\/?page_id=11579"},"modified":"2019-01-02T17:44:25","modified_gmt":"2019-01-02T16:44:25","slug":"on-pouvait-lire-wexations-allemandes","status":"publish","type":"page","link":"https:\/\/montreux-vieux.net\/?page_id=11579","title":{"rendered":"On pouvait lire : Vexations allemandes"},"content":{"rendered":"<h3 style=\"text-align: center;\">On pouvait lire : Vexations allemandes<\/h3>\n<h4 style=\"text-align: center;\"><a href=\"http:\/\/montreux-vieux.net\/montreux-vieux.net\/wp-content\/uploads\/2018\/11\/ScreenShot348.jpg\" target=\"_blank\" rel=\"noopener\"><img loading=\"lazy\" decoding=\"async\" class=\"aligncenter wp-image-11576 size-medium\" src=\"http:\/\/montreux-vieux.net\/montreux-vieux.net\/wp-content\/uploads\/2018\/11\/ScreenShot348-300x211.jpg\" alt=\"\" width=\"300\" height=\"211\" srcset=\"https:\/\/montreux-vieux.net\/montreux-vieux.net\/wp-content\/uploads\/2018\/11\/ScreenShot348-300x211.jpg 300w, https:\/\/montreux-vieux.net\/montreux-vieux.net\/wp-content\/uploads\/2018\/11\/ScreenShot348-768x540.jpg 768w, https:\/\/montreux-vieux.net\/montreux-vieux.net\/wp-content\/uploads\/2018\/11\/ScreenShot348-600x422.jpg 600w, https:\/\/montreux-vieux.net\/montreux-vieux.net\/wp-content\/uploads\/2018\/11\/ScreenShot348.jpg 772w\" sizes=\"auto, (max-width: 300px) 100vw, 300px\" \/><\/a><\/h4>\n<h4 style=\"text-align: justify;\">M. C. Seale Hayne, membre du Parlement&nbsp;britannique, adresse une lettre au Times&nbsp;dans laquelle il se plaint am\u00e8rement des&nbsp;vexations dont il a \u00e9t\u00e9 l&rsquo;objet de la part des&nbsp;autorit\u00e9s allemandes \u00e0 la fronti\u00e8re de&nbsp;<strong>Mon<\/strong><strong>treux-Vieux,<\/strong>&nbsp;parce que son passeport n&rsquo;\u00e9tait&nbsp;pas rev\u00eatu du visa de rigueur. Il fut oblig\u00e9&nbsp;de rebrousser chemin jusqu&rsquo;\u00e0 Belfort et de&nbsp;l\u00e0 il partit pour B\u00e2le, d&rsquo;o\u00f9 il put gagner sa&nbsp;destination, aucun visa ni aucun passeport&nbsp;n&rsquo;\u00e9tant exig\u00e9s en sortant du territoire suisse&nbsp;pour se rendre en Allemagne. ,<\/h4>\n<h4 style=\"text-align: justify;\">M. C. Scale Hayne proteste \u00e9nergiquement contre les proc\u00e9d\u00e9s peu courtois en&nbsp;usage chez les employ\u00e9s allemands lorsqu&rsquo;ils&nbsp;ont affaire \u00e0 des membres du Parlement&nbsp;britannique : \u00a0\u00bb&nbsp;Il y a quelque consolation, dit-il, \u00e0 constater que la France r\u00e9publicaine n&rsquo;a pas us\u00e9&nbsp;de repr\u00e9sailles et n&rsquo;est pas revenue au syst\u00e8me surann\u00e9 des passeports qui, semble-t-il, parait \u00eatre devenu une n\u00e9cessit\u00e9 de d\u00e9fense pour l&rsquo;Allemagne.\u00a0\u00bb \u00ab&nbsp; La morale de toute cette histoire, dit-il&nbsp;en terminant sa lettre, c&rsquo;est que, aussi longtemps que s\u00e9vira la manie des passeports,&nbsp;les touristes anglais et am\u00e9ricains feront&nbsp;sagement d&rsquo;\u00e9viter de passer par l&rsquo;Allemagne. \u00bb<\/h4>\n<h6>&nbsp;Gil Blas jeudi 20 septembre 1888<\/h6>\n","protected":false},"excerpt":{"rendered":"<p>On pouvait lire : Vexations allemandes M. C. Seale Hayne, membre du Parlement&nbsp;britannique, adresse une lettre au Times&nbsp;dans laquelle il se plaint am\u00e8rement des&nbsp;vexations dont il a \u00e9t\u00e9 l&rsquo;objet de la part des&nbsp;autorit\u00e9s allemandes \u00e0 la fronti\u00e8re de&nbsp;Montreux-Vieux,&nbsp;parce que son &hellip; <a href=\"https:\/\/montreux-vieux.net\/?page_id=11579\">Continuer la lecture <span class=\"meta-nav\">&rarr;<\/span><\/a><\/p>\n","protected":false},"author":1,"featured_media":0,"parent":13130,"menu_order":28,"comment_status":"closed","ping_status":"open","template":"","meta":{"footnotes":""},"class_list":["post-11579","page","type-page","status-publish","hentry"],"_links":{"self":[{"href":"https:\/\/montreux-vieux.net\/index.php?rest_route=\/wp\/v2\/pages\/11579","targetHints":{"allow":["GET"]}}],"collection":[{"href":"https:\/\/montreux-vieux.net\/index.php?rest_route=\/wp\/v2\/pages"}],"about":[{"href":"https:\/\/montreux-vieux.net\/index.php?rest_route=\/wp\/v2\/types\/page"}],"author":[{"embeddable":true,"href":"https:\/\/montreux-vieux.net\/index.php?rest_route=\/wp\/v2\/users\/1"}],"replies":[{"embeddable":true,"href":"https:\/\/montreux-vieux.net\/index.php?rest_route=%2Fwp%2Fv2%2Fcomments&post=11579"}],"version-history":[{"count":4,"href":"https:\/\/montreux-vieux.net\/index.php?rest_route=\/wp\/v2\/pages\/11579\/revisions"}],"predecessor-version":[{"id":13397,"href":"https:\/\/montreux-vieux.net\/index.php?rest_route=\/wp\/v2\/pages\/11579\/revisions\/13397"}],"up":[{"embeddable":true,"href":"https:\/\/montreux-vieux.net\/index.php?rest_route=\/wp\/v2\/pages\/13130"}],"wp:attachment":[{"href":"https:\/\/montreux-vieux.net\/index.php?rest_route=%2Fwp%2Fv2%2Fmedia&parent=11579"}],"curies":[{"name":"wp","href":"https:\/\/api.w.org\/{rel}","templated":true}]}}