{"id":11587,"date":"2018-11-01T14:40:17","date_gmt":"2018-11-01T13:40:17","guid":{"rendered":"http:\/\/montreux-vieux.net\/?page_id=11587"},"modified":"2020-10-17T10:06:08","modified_gmt":"2020-10-17T09:06:08","slug":"les-anarchistes-allemands-en-1894","status":"publish","type":"page","link":"https:\/\/montreux-vieux.net\/?page_id=11587","title":{"rendered":"Les Anarchistes allemands en 1894"},"content":{"rendered":"<h3 style=\"text-align: center;\">Les Anarchistes allemands en 1894<\/h3>\n<h4 style=\"text-align: justify;\"><a href=\"http:\/\/montreux-vieux.net\/montreux-vieux.net\/wp-content\/uploads\/2018\/11\/ScreenShot1296.jpg\" target=\"_blank\" rel=\"noopener noreferrer\"><img loading=\"lazy\" decoding=\"async\" class=\"aligncenter wp-image-11584 size-full\" src=\"http:\/\/montreux-vieux.net\/montreux-vieux.net\/wp-content\/uploads\/2018\/11\/ScreenShot1296.jpg\" alt=\"\" width=\"164\" height=\"199\" \/><\/a><\/h4>\n<p style=\"text-align: justify;\">Depuis quelques jours, \u00a0le gouvernement\u00a0fait expulser, sans bruit, par la police, renforc\u00e9e \u00e0. la fronti\u00e8re de l&rsquo;Est, et avec l&rsquo;aide\u00a0de \u00a0la gendarmerie, des anarchistes allemands, signal\u00e9s dans la r\u00e9gion des Vosges et\u00a0de la Franche-Comt\u00e9.\u00a0Ces individus sont remis aux mains des\u00a0gendarmes \u00e0 la gare de\u00a0<strong>Montreux-Vieux,<\/strong>\u00a0lesquels ne les rendent \u00e0 la libert\u00e9 qu&rsquo;\u00e0 bon\u00a0escient.<\/p>\n<p style=\"text-align: justify;\">D&rsquo;autre part, on. ne traverse, plus facilement \u00e0 pied la fronti\u00e8re. Les personnes plus\u00a0ou moins suspectes, sont soigneusement\u00a0examin\u00e9es et doivent exhiber leurs papiers (sources La Presse du 4 ao\u00fbt 1894)<\/p>\n<p style=\"text-align: justify;\">Mulhouse, 7 ao\u00fbt1894. \u00a0 Depuis quelque\u00a0temps, le gouvernement fran\u00e7ais expulse des\u00a0individus de nationalit\u00e9 allemande reconnus pour \u00eatre des anarchistes militants.\u00a0La plupart de ceux qui sortent, par Petit-Croix viennent du centre et du midi de la\u00a0France; ils sont livr\u00e9s \u00e0 la gendarmerie de\u00a0la gare allemande de\u00a0<strong>Montreux-Vieux, <\/strong>\u00a0laquelle les dirige sur Mulhouse o\u00f9 la Reis-Direction prend tous les renseignements\u00a0n\u00e9cessaires pour ne plus perdre leur trace.<\/p>\n<p style=\"text-align: left;\">Source la Presse du 8 ao\u00fbt 1894<\/p>\n<p style=\"text-align: justify; line-height: 18.0pt; background: white; margin: 6.0pt 0cm 6.0pt 0cm;\"><span style=\"font-family: 'Arial','sans-serif'; color: #4d4d4d;\">Un certain nombre d&rsquo;anarchistes allemands avaient \u00e9t\u00e9 signal\u00e9s \u00e0 la S\u00fbret\u00e9 g\u00e9n\u00e9rale comme circulant fr\u00e9quemment, sous pr\u00e9texte de ch\u00f4mage, dans les d\u00e9partements de la Meuse, des Vosges et de la Franche-Comt\u00e9. Depuis quelques jours, on les expulse parait-il, sans aucun bruit. Remis aux mains des gendarmes \u00e0 la gare de Montreux-Vieux, ceux-ci ne les mettent en libert\u00e9 qu&rsquo;\u00e0 bon escient. .<\/span><\/p>\n<p style=\"text-align: justify; line-height: 18.0pt; background: white; margin: 6.0pt 0cm 6.0pt 0cm;\"><span style=\"font-family: 'Arial','sans-serif'; color: #4d4d4d;\">On ne passe plus facilement \u00e0 pied la fronti\u00e8re. Tout individu suspect est d\u00e9visag\u00e9 et doit exhiber des papiers en r\u00e8gle.<\/span><\/p>\n<p style=\"text-align: justify; line-height: 18.0pt; background: white; margin: 6.0pt 0cm 6.0pt 0cm;\"><span style=\"font-family: 'Arial','sans-serif'; color: #4d4d4d;\">Sources\u00a0: Le Gaulois 4 ao\u00fbt 1894<\/span><\/p>\n","protected":false},"excerpt":{"rendered":"<p>Les Anarchistes allemands en 1894 Depuis quelques jours, \u00a0le gouvernement\u00a0fait expulser, sans bruit, par la police, renforc\u00e9e \u00e0. la fronti\u00e8re de l&rsquo;Est, et avec l&rsquo;aide\u00a0de \u00a0la gendarmerie, des anarchistes allemands, signal\u00e9s dans la r\u00e9gion des Vosges et\u00a0de la Franche-Comt\u00e9.\u00a0Ces individus &hellip; <a href=\"https:\/\/montreux-vieux.net\/?page_id=11587\">Continuer la lecture <span class=\"meta-nav\">&rarr;<\/span><\/a><\/p>\n","protected":false},"author":1,"featured_media":0,"parent":13130,"menu_order":30,"comment_status":"closed","ping_status":"open","template":"","meta":{"footnotes":""},"class_list":["post-11587","page","type-page","status-publish","hentry"],"_links":{"self":[{"href":"https:\/\/montreux-vieux.net\/index.php?rest_route=\/wp\/v2\/pages\/11587","targetHints":{"allow":["GET"]}}],"collection":[{"href":"https:\/\/montreux-vieux.net\/index.php?rest_route=\/wp\/v2\/pages"}],"about":[{"href":"https:\/\/montreux-vieux.net\/index.php?rest_route=\/wp\/v2\/types\/page"}],"author":[{"embeddable":true,"href":"https:\/\/montreux-vieux.net\/index.php?rest_route=\/wp\/v2\/users\/1"}],"replies":[{"embeddable":true,"href":"https:\/\/montreux-vieux.net\/index.php?rest_route=%2Fwp%2Fv2%2Fcomments&post=11587"}],"version-history":[{"count":4,"href":"https:\/\/montreux-vieux.net\/index.php?rest_route=\/wp\/v2\/pages\/11587\/revisions"}],"predecessor-version":[{"id":21591,"href":"https:\/\/montreux-vieux.net\/index.php?rest_route=\/wp\/v2\/pages\/11587\/revisions\/21591"}],"up":[{"embeddable":true,"href":"https:\/\/montreux-vieux.net\/index.php?rest_route=\/wp\/v2\/pages\/13130"}],"wp:attachment":[{"href":"https:\/\/montreux-vieux.net\/index.php?rest_route=%2Fwp%2Fv2%2Fmedia&parent=11587"}],"curies":[{"name":"wp","href":"https:\/\/api.w.org\/{rel}","templated":true}]}}